{"id":119,"date":"2022-12-07T19:45:37","date_gmt":"2022-12-07T18:45:37","guid":{"rendered":"https:\/\/conscuritiba.esteri.it\/\/?page_id=119"},"modified":"2026-01-20T14:18:23","modified_gmt":"2026-01-20T17:18:23","slug":"passaporti-e-carte-didentita","status":"publish","type":"page","link":"https:\/\/conscuritiba.esteri.it\/it\/servizi-consolari-e-visti\/servizi-per-il-cittadino-italiano\/passaporti-e-carte-didentita\/","title":{"rendered":"Passaporti"},"content":{"rendered":"<p><strong>RILASCIO PASSAPORTO &#8211; <a href=\"https:\/\/www.normattiva.it\/uri-res\/N2Ls?urn:nir:stato:legge:1967;1185\">Legge 21 novembre1967, n.1185<\/a><\/strong><\/p>\n<p><strong><em>e-mail<\/em><\/strong><strong> : <\/strong><a href=\"mailto:passaporti.curitiba@esteri.it\"><strong>passaporti.curitiba@esteri.it\u00a0<\/strong><\/a><strong><br \/>\n<\/strong><br \/>\nPer la richiesta di passaporto presso questo Consolato Generale e\u00b4 indispensabile:<\/p>\n<ul>\n<li>Essere cittadino italiano;<\/li>\n<li>Essere regolarmente iscritto presso l\u2019anagrafe consolare di questa Sede (A.I.R.E) <a href=\"https:\/\/conscuritiba.esteri.it\/it\/servizi-consolari-e-visti\/servizi-per-il-cittadino-italiano\/anagrafe-degli-italiani-residenti-allestero-aire\/visualizza-scheda-anagrafica\/\"><strong>\u00a8<\/strong><\/a><a href=\"https:\/\/conscuritiba.esteri.it\/it\/servizi-consolari-e-visti\/servizi-per-il-cittadino-italiano\/anagrafe-degli-italiani-residenti-allestero-aire\/visualizza-scheda-anagrafica\/\"><strong>Visualizzazione della Scheda Anagrafica<\/strong><\/a><a href=\"https:\/\/conscuritiba.esteri.it\/it\/servizi-consolari-e-visti\/servizi-per-il-cittadino-italiano\/anagrafe-degli-italiani-residenti-allestero-aire\/visualizza-scheda-anagrafica\/\"><strong>\u201d<\/strong><\/a>;<\/li>\n<li>Avere la situazione anagrafica aggiornata <strong>\u201c<a href=\"https:\/\/conscuritiba.esteri.it\/it\/servizi-consolari-e-visti\/servizi-per-il-cittadino-italiano\/anagrafe-degli-italiani-residenti-allestero-aire\/variazione-di-indirizzo\/\">Comunicare la variazione della propria residenza<\/a>\u201d <\/strong>del nuovo sistema Fast It \u2013 Il portale dei Servizi Consolari;<\/li>\n<li>In caso sia necessario aggiornare il proprio stato civile (matrimonio, nascite figli e divorzio) seguire le istruzioni riportate nella pagina\u00a0<a href=\"https:\/\/conscuritiba.esteri.it\/it\/servizi-consolari-e-visti\/servizi-per-il-cittadino-italiano\/stato-civile\/\"><strong>Stato Civile<\/strong><\/a>.<\/li>\n<\/ul>\n<p>Il passaporto per maggiorenni ha validit\u00e0 di dieci anni.<\/p>\n<p>Il passaporto per i minorenni (da zero a tre anni) ha validit\u00e0 di tre anni.<\/p>\n<p>Il passaporto per i minorenni (da tre a diciotto anni) ha validit\u00e0 di cinque anni.<\/p>\n<p>Dopo aver effettuato la prenotazione su <a href=\"https:\/\/prenotami.esteri.it\/\"><strong>Prenot@mi<\/strong><\/a>, la domanda deve essere presentata di persona presso questo Consolato Generale oppure presso lo <a href=\"https:\/\/conscuritiba.esteri.it\/wp-content\/uploads\/2025\/12\/testo-sportello-consolare-istruzioni-ita.pdf\">Sportello Consolare di Florian\u00f3polis.<\/a><\/p>\n<p>&nbsp;<\/p>\n<p><strong>DOCUMENTI NECESSARI PER IL RILASCIO DEL PASSAPORTO<\/strong><\/p>\n<ol>\n<li><strong>Maggiorenni\u00a0SENZA FIGLI MINORI<\/strong><\/li>\n<\/ol>\n<ul>\n<li>1 fotografia recente, senza data, a colori, frontale e con sfondo bianco di 40mm di altezza per 33mm di larghezza.<\/li>\n<li>Documento d\u2019identit\u00e0 con fotocopia\u00a0(RG, RNE, passaporto brasiliano, carta d\u2019identit\u00e0 italiana, passaporto italiano, patente di guida italiana) in corso di validit\u00e0 ed emesso non oltre 10 anni fa.<\/li>\n<li>Se ne \u00e8 in possesso, passaporto precedente accompagnato dalla fotocopia della prime 5 pagine.<\/li>\n<li>Prova di residenza (rilasciata nel corso dei 3 mesi precedenti) a nome del richiedente (es. bolletta della luce, acqua, gas, cellulare, ricevuta di pagamento delle tasse scolastiche\/universitarie con indicazione dell\u2019indirizzo dello studente, lettera di avviso del pagamento della pensione; estratto conto della carta di credito).<\/li>\n<\/ul>\n<ol start=\"2\">\n<li><strong>Maggiorenni\u00a0CON FIGLI MINORI<\/strong><\/li>\n<\/ol>\n<ul>\n<li>1 fotografia recente, senza data, a colori, frontale e con sfondo bianco di 40mm di altezza per 33mm di larghezza.<\/li>\n<li>Documento d\u2019identit\u00e0 con fotocopia\u00a0(RG, RNE, passaporto brasiliano, carta d\u2019identit\u00e0 italiana, passaporto italiano, patente di guida italiana) in corso di validit\u00e0 ed emesso non oltre 10 anni fa.<\/li>\n<li>Se se ne \u00e8 in possesso, passaporto precedente accompagnato dalla fotocopia delle prime 5 pagine.<\/li>\n<li>Si informano i connazionali, genitori di figli minori, che a partire dal 14 giugno 2023 non sar\u00e0 pi\u00f9 necessario presentare l\u2019atto di assenso dell\u2019altro genitore ai fini del rilascio del proprio documento d\u2019identit\u00e0 (passaporto e CIE), ai sensi del <a href=\"https:\/\/dait.interno.gov.it\/documenti\/circ-dait-081-servdemo-21-06-2023.pdf\">D.L. 69\/2023<\/a>.<\/li>\n<\/ul>\n<p>Nello specifico il novellato articolo 3-bis della L. 1185\/1967 indica che, quando vi \u00e8 concreto e attuale pericolo che a causa del trasferimento all\u2019estero questo possa sottrarsi all&#8217;adempimento dei suoi obblighi verso i figli, sar\u00e0 possibile per l\u2019altro genitore richiedere una inibitoria al rilascio del documento. L\u2019istanza potr\u00e0 essere presentata presso il giudice competente presso il Tribunale ordinario in cui il minore ha la residenza abituale ovvero, se il minore \u00e8 residente all\u2019estero, il Tribunale nel cui circondario si trova il suo Comune di iscrizione AIRE. All\u2019atto della presentazione della domanda di passaporto dovr\u00e0 essere firmata davanti al funzionario allo sportello la dichiarazione scaricabile in questo <strong><a href=\"https:\/\/conscuritiba.esteri.it\/wp-content\/uploads\/2023\/06\/Dichiarazione_assenza_ostative_passaporto.docx\">LINK<\/a><\/strong><\/p>\n<ul>\n<li>Se l\u2019altro genitore \u00e8 deceduto: certificato di morte.<\/li>\n<li>Prova di residenza (rilasciata nel corso dei 3 mesi precedenti) a nome del richiedente (es. bolletta della luce, acqua, gas, cellulare, ricevuta di pagamento delle tasse scolastiche\/universitarie con indicazione dell\u2019indirizzo dello studente, lettera di avviso del pagamento della pensione; estratto conto della carta di credito).<\/li>\n<\/ul>\n<ol start=\"3\">\n<li><strong>Minorenni<\/strong><\/li>\n<\/ol>\n<ul>\n<li>1 fotografia recente, senza data, a colori, frontale e con sfondo bianco di 40mm di altezza per 33mm di larghezza.<\/li>\n<li>Documento d\u2019identit\u00e0 con fotocopia\u00a0(uno dei seguenti: RG, RNE, passaporto di origine, carta d\u2019identit\u00e0) in corso di validit\u00e0 ed emesso non oltre 10 anni fa.<\/li>\n<li>Se se ne \u00e8 in possesso, passaporto precedente accompagnato dalla fotocopia delle prime 5 pagine.<\/li>\n<li>Qualora\u00a0uno dei genitori non sia presente nel giorno del ricevimento\u00a0\u00e8 indispensabile che\u00a0sia presentato l\u2019assenso, del genitore non presente, al rilascio del passaporto del minore (per il modello <a href=\"https:\/\/conscuritiba.esteri.it\/wp-content\/uploads\/2024\/08\/Atto-di-Assenso-per-figlio-minore-12.08.2024.pdf\"><strong>clicca qui<\/strong><\/a><a href=\"https:\/\/conssanpaolo.esteri.it\/consolato_sanpaolo\/resource\/doc\/2021\/06\/atto_assenso_figlio_minore.pdf\"><strong>)<\/strong><\/a>.\u00a0 L\u2019apposito\u00a0formulario \u2013 correttamente e completamente \u2013 compilato deve riportare la\u00a0<strong>firma riconosciuta, con autentica presso il Notaio <\/strong>(Tabelionato de Notas). Al formulario dovr\u00e0 essere allegata la fotocopia autenticata (presso lo stesso Notaio) di un documento di identit\u00e0 (con firma visibile) del genitore che d\u00e0 l\u2019assenso. <strong>IN ENTRAMBI I CASI IL DOCUMENTO AVR\u00c0 LA VALIDIT\u00c0 DI 90 GIORNI.<\/strong><\/li>\n<\/ul>\n<p><strong>PAGAMENTO DEI DIRITTI CONSOLARI<\/strong><strong><br \/>\n<\/strong>Il costo di un nuovo libretto a 48 pagine \u00e8 fissato per legge a 42,70 Euro, mentre il contributo amministrativo a 73,50 Euro. I diritti consolari vanno corrisposti nel controvalore in Reais secondo il tasso di cambio trimestrale stabilito dall\u2019Ambasciata d\u2019Italia a Brasilia, arrotondando per eccesso la cifra intera in Reais azzerando i decimali. Per il primo trimestre 2026 \u00e8: 1 Euro = R$ 6,2529.<\/p>\n<p>Passaporto nuovo =\u00a0<strong>R$ 727,00<\/strong>.<\/p>\n<p>ll pagamento dei diritti consolari per l\u2019emissione del passaporto dovr\u00e0 essere effettuato il giorno dell\u2019appuntamento:<\/p>\n<p>\u2013 Mediante trasferimento bancario nella modalit\u00e0 PIX;<\/p>\n<p>&nbsp;<\/p>\n<p><strong>PER LE BIOMETRIE DEI PASSAPORTI NELLA RETE ONORARIA<\/strong> <a href=\"https:\/\/conscuritiba.esteri.it\/it\/servizi-consolari-e-visti\/servizi-per-il-cittadino-italiano\/passaporti-e-carte-didentita\/postazioni-biometriche-consolati-onorari\/\">clicca qui<\/a><\/p>\n<p>&nbsp;<\/p>\n<p><strong>SITUAZIONI SPECIFICHE:<\/strong><\/p>\n<p><strong>\u2013 Furto o smarrimento di passaporto:<\/strong><\/p>\n<p>Nel caso di furto o smarrimento del passaporto \u00e8 necessario comunicare immediatamente alle autorit\u00e0 locali (Policia Civil) che redige apposito documento (Boletim de Ocorrencia) da presentare al Consolato competente. L\u2019interessato ulteriormente potr\u00e0 presentare domanda di rilascio di un nuovo passaporto italiano.\u00a0 <a href=\"https:\/\/conscuritiba.esteri.it\/wp-content\/uploads\/2022\/12\/47962_f_cons57pass_rinvenuti.doc\">Avviso importante<\/a>.<\/p>\n<p><strong>\u2013 Dichiarazione di accompagnamento di minore di anni 14:<\/strong><\/p>\n<p>Fino al compimento dei 14 anni i minori italiani possono espatriare a condizione che viaggino accompagnati da almeno un genitore o da chi ne fa le veci oppure che venga menzionato sul passaporto, o su una dichiarazione di accompagnamento rilasciata da chi pu\u00f2 dare l\u2019assenso o l\u2019autorizzazione ai sensi dell\u2019articolo 3, lettera a) della legge 21 novembre 1967, n. 1185, e vistata da un\u2019autorit\u00e0 competente al rilascio (Questura in Italia, ufficio consolare all\u2019estero), il nome della persona, dell\u2019ente o della compagnia di trasporto a cui i minori medesimi sono affidati.<br \/>\nDal 4 giugno 2014 \u00e8 entrata\u00a0 in vigore la nuova disciplina riguardante la dichiarazione di accompagnamento, finalizzata a garantire una maggiore tutela del minore, a rendere pi\u00f9 agevoli i controlli alle frontiere e a facilitare la presentazione della dichiarazione mediante l\u2019utilizzo anche di modalit\u00e0 telematiche (mail, PEC, fax) . Si evidenziano di seguito le innovazioni principali:<br \/>\n\u2022\u00a0la dichiarazione di accompagnamento pu\u00f2 riguardare un solo viaggio (da intendersi come andata e\/o ritorno) dal Paese di residenza del minore con destinazione determinata e non pu\u00f2 eccedere, di norma, il termine massimo di sei mesi;<br \/>\n\u2022\u00a0gli esercenti la responsabilit\u00e0 genitoriale o tutoria possono indicare fino ad un massimo di due accompagnatori, che saranno tuttavia alternativi fra di loro;<br \/>\n\u2022\u00a0nel rendere la dichiarazione di accompagnamento, gli esercenti la responsabilit\u00e0 genitoriale o tutoria possono chiedere che i nominativi degli accompagnatori, la durata del viaggio e la destinazione siano stampati sul passaporto del minore o in alternativa che tali dati siano riportati in una separata attestazione, che verr\u00e0 stampata dall\u2019Ufficio competente;<br \/>\n\u2022\u00a0nel caso in cui il minore sia affidato ad un ente o ad una compagnia di trasporto, per garantire la completezza e la leggibilit\u00e0 dei dati relativi al viaggio, \u00e8 rilasciata unicamente l\u2019attestazione. Si suggerisce, prima di acquistare il biglietto della compagnia di trasporto di verificare che la stessa accetti che il minore sia ad essa affidato.<\/p>\n<p>&#8211;\u00a0<a id=\"- Tipologie passaporto italiano per entrata negli usa con il &quot;VISA WAIVER PROGRAM&quot;\" href=\"http:\/\/italian.italy.usembassy.gov\/visti\/esta.html\" name=\"- Tipologie passaporto italiano per entrata negli usa con il &quot;VISA WAIVER PROGRAM&quot;\">Tipologie passaporto italiano per entrata negli usa con il &#8220;VISA WAIVER PROGRAM&#8221;<\/a><\/p>\n<p>&#8211;\u00a0<a href=\"https:\/\/esta.cbp.dhs.gov\/\">Registro per l&#8217;ingresso negli Stati Uniti d&#8217;America<\/a><\/p>\n<p>&#8211;\u00a0<a href=\"https:\/\/prenotami.esteri.it\/\">PRENOTA L&#8217;APPUNTAMENTO TRAMITE IL PORTALE PRENOT@MI<\/a><br \/>\n&#8212;&#8212;&#8212;&#8212;&#8212;&#8212;&#8212;&#8212;&#8212;&#8212;&#8212;&#8212;&#8212;&#8212;&#8212;&#8212;&#8212;&#8212;&#8212;&#8212;&#8212;&#8212;&#8212;&#8212;&#8212;&#8211;<\/p>\n<p><a href=\"https:\/\/prenotami.esteri.it\/\">HO LETTO E ACCETTO LE ISTRUZIONI<\/a><\/p>\n","protected":false},"excerpt":{"rendered":"RILASCIO PASSAPORTO &#8211; Legge 21 novembre1967, n.1185 e-mail : passaporti.curitiba@esteri.it\u00a0 Per la richiesta di passaporto presso questo Consolato Generale e\u00b4 indispensabile: Essere cittadino italiano; Essere regolarmente iscritto presso l\u2019anagrafe consolare di questa Sede (A.I.R.E) \u00a8Visualizzazione della Scheda Anagrafica\u201d; Avere la situazione anagrafica aggiornata \u201cComunicare la variazione della propria residenza\u201d del nuovo sistema Fast It \u2013 [&hellip;]","protected":false},"author":3,"featured_media":0,"parent":136,"menu_order":0,"comment_status":"closed","ping_status":"closed","template":"","meta":{"footnotes":""},"class_list":["post-119","page","type-page","status-publish","hentry"],"_links":{"self":[{"href":"https:\/\/conscuritiba.esteri.it\/it\/wp-json\/wp\/v2\/pages\/119","targetHints":{"allow":["GET"]}}],"collection":[{"href":"https:\/\/conscuritiba.esteri.it\/it\/wp-json\/wp\/v2\/pages"}],"about":[{"href":"https:\/\/conscuritiba.esteri.it\/it\/wp-json\/wp\/v2\/types\/page"}],"author":[{"embeddable":true,"href":"https:\/\/conscuritiba.esteri.it\/it\/wp-json\/wp\/v2\/users\/3"}],"replies":[{"embeddable":true,"href":"https:\/\/conscuritiba.esteri.it\/it\/wp-json\/wp\/v2\/comments?post=119"}],"version-history":[{"count":9,"href":"https:\/\/conscuritiba.esteri.it\/it\/wp-json\/wp\/v2\/pages\/119\/revisions"}],"predecessor-version":[{"id":4451,"href":"https:\/\/conscuritiba.esteri.it\/it\/wp-json\/wp\/v2\/pages\/119\/revisions\/4451"}],"up":[{"embeddable":true,"href":"https:\/\/conscuritiba.esteri.it\/it\/wp-json\/wp\/v2\/pages\/136"}],"wp:attachment":[{"href":"https:\/\/conscuritiba.esteri.it\/it\/wp-json\/wp\/v2\/media?parent=119"}],"curies":[{"name":"wp","href":"https:\/\/api.w.org\/{rel}","templated":true}]}}