{"id":1507,"date":"2023-08-30T15:32:43","date_gmt":"2023-08-30T18:32:43","guid":{"rendered":"https:\/\/conscuritiba.esteri.it\/?page_id=1507"},"modified":"2025-05-09T11:31:41","modified_gmt":"2025-05-09T14:31:41","slug":"passaportamico","status":"publish","type":"page","link":"https:\/\/conscuritiba.esteri.it\/it\/servizi-consolari-e-visti\/servizi-per-il-cittadino-italiano\/passaporti-e-carte-didentita\/passaportamico\/","title":{"rendered":"PassaportAmico"},"content":{"rendered":"<p><strong>Chiama il venerd\u00ec dalle 8.30 alle 12.30 al numero (41) 997110083<\/strong><\/p>\n<p>La telefonata deve essere eseguita dal diretto interessato ed \u00e8 registrata ai soli fini della corrispondenza dei dati anagrafici al registro A.I.R.E.<\/p>\n<p>Dal 1 settembre 2023 \u00e8 disponibile il servizio, un ponte dedicato ai cittadini italiani:<\/p>\n<ul>\n<li>studenti maggiori di 14 anni che necessitino del passaporto italiano per recarsi a frequentare corsi di studio\u00a0in Istituti di istruzione secondaria superiore, Universit\u00e0, Istituzioni accademiche, altre Istituzioni scolastiche e di formazione professionale riconosciute, situati al di fuori del Brasile, comprovati dai documenti di iscrizione dell\u2019Ente di riferimento;<\/li>\n<li>di et\u00e0 superiore ai 60 anni;<\/li>\n<li>con comprovati problemi di salute che richiedano cure al di fuori del territorio del Brasile;<\/li>\n<li>firmatari di proposte di contratti di lavoro da svolgere al di fuori del territorio del Brasile e la cui data di decorrenza sia imminente;<\/li>\n<li>che abbiano familiari deceduti entro il I\u00ba grado e debbano recarsi per tale motivo fuori dal territorio del Brasile.<\/li>\n<\/ul>\n","protected":false},"excerpt":{"rendered":"Chiama il venerd\u00ec dalle 8.30 alle 12.30 al numero (41) 997110083 La telefonata deve essere eseguita dal diretto interessato ed \u00e8 registrata ai soli fini della corrispondenza dei dati anagrafici al registro A.I.R.E. Dal 1 settembre 2023 \u00e8 disponibile il servizio, un ponte dedicato ai cittadini italiani: studenti maggiori di 14 anni che necessitino del [&hellip;]","protected":false},"author":4,"featured_media":0,"parent":119,"menu_order":2,"comment_status":"closed","ping_status":"closed","template":"","meta":{"footnotes":""},"class_list":["post-1507","page","type-page","status-publish","hentry"],"_links":{"self":[{"href":"https:\/\/conscuritiba.esteri.it\/it\/wp-json\/wp\/v2\/pages\/1507","targetHints":{"allow":["GET"]}}],"collection":[{"href":"https:\/\/conscuritiba.esteri.it\/it\/wp-json\/wp\/v2\/pages"}],"about":[{"href":"https:\/\/conscuritiba.esteri.it\/it\/wp-json\/wp\/v2\/types\/page"}],"author":[{"embeddable":true,"href":"https:\/\/conscuritiba.esteri.it\/it\/wp-json\/wp\/v2\/users\/4"}],"replies":[{"embeddable":true,"href":"https:\/\/conscuritiba.esteri.it\/it\/wp-json\/wp\/v2\/comments?post=1507"}],"version-history":[{"count":6,"href":"https:\/\/conscuritiba.esteri.it\/it\/wp-json\/wp\/v2\/pages\/1507\/revisions"}],"predecessor-version":[{"id":3720,"href":"https:\/\/conscuritiba.esteri.it\/it\/wp-json\/wp\/v2\/pages\/1507\/revisions\/3720"}],"up":[{"embeddable":true,"href":"https:\/\/conscuritiba.esteri.it\/it\/wp-json\/wp\/v2\/pages\/119"}],"wp:attachment":[{"href":"https:\/\/conscuritiba.esteri.it\/it\/wp-json\/wp\/v2\/media?parent=1507"}],"curies":[{"name":"wp","href":"https:\/\/api.w.org\/{rel}","templated":true}]}}