{"id":163,"date":"2022-12-07T19:48:33","date_gmt":"2022-12-07T18:48:33","guid":{"rendered":"https:\/\/conscuritiba.esteri.it\/\/?page_id=163"},"modified":"2026-03-03T10:18:25","modified_gmt":"2026-03-03T13:18:25","slug":"stato-civile","status":"publish","type":"page","link":"https:\/\/conscuritiba.esteri.it\/it\/servizi-consolari-e-visti\/servizi-per-il-cittadino-italiano\/stato-civile\/","title":{"rendered":"Stato Civile"},"content":{"rendered":"<p><a href=\"https:\/\/www.esteri.it\/it\/servizi-consolari-e-visti\/italiani-all-estero\/stato-civile\/\">Stato Civile &#8211; Informazioni dal sito del Ministero degli Affari Esteri<\/a><\/p>\n<p>E-mail: <a href=\"mailto:statocivile.curitiba@esteri.it\">statocivile.curitiba@esteri.it<\/a><\/p>\n<p><strong>SI PREGA DI CONTROLLARE IL SITO WEB PRIMA DI TRASMETTERE MESSAGGI VIA EMAIL CONTENENTI RICHIESTE DI CHIARIMENTI O DOMANDE.<\/strong><\/p>\n<p><strong>LE E-MAIL CONTENENTI DOMANDE LA CUI RISPOSTA \u00c8 GI\u00c0 INDICATA NEL SITO NON SARANNO PROCESSATE<\/strong>.<\/p>\n<p>I cittadini italiani sono tenuti per legge a dichiarare tutte le variazioni di stato civile che si verificano durante la loro permanenza all&#8217;estero. Per chi risiede in questa circoscrizione Consolare (PR e SC) \u00e8 fatto quindi obbligo di consegnare a questo Consolato Generale tramite posta, gli aggiornamenti di Stato Civile (nascita, matrimonio, divorzio, morte) per la registrazione in Italia e consentire l&#8217;emissione di altri documenti.<\/p>\n<p>I connazionali sono pregati di visualizzare la propria scheda anagrafica attraverso il Portale istituzionale \u201c<strong>FAST IT<\/strong>\u201d (\u00a0 <a href=\"https:\/\/conscuritiba.esteri.it\/\/it\/servizi-consolari-e-visti\/servizi-per-il-cittadino-italiano\/anagrafe-degli-italiani-residenti-allestero-aire\/visualizza-scheda-anagrafica\/\"><strong>Visualizza scheda anagrafica<\/strong><\/a>),ai fini di controllare l\u2019attuale situazione anagrafica in Italia.<\/p>\n<p><strong>Tutti gli atti di stato civile (muniti di Apostille e di traduzione giurata in lingua italiana, anch&#8217;essa con Apostille) devono essere inviati via posta ordinaria, raccomandata o corriere (a scelta del richiedente). Sulla busta dovr\u00e0 figurare la destinazione:<\/strong><\/p>\n<p><strong>C.A.\u00a0<\/strong><strong>STATO CIVILE &#8211;\u00a0<\/strong>Consolato Generale d\u2019Italia a Curitiba &#8211;\u00a0Av. Vicente Machado, 2100 CEP 80420-011 \u2013 CURITIBA (PR)<\/p>\n<p>L\u2019Apostille \u00e8 un&#8217;annotazione con cui i Cart\u00f3rios de Registro Civil abilitati attestano la validit\u00e0 dell\u2019atto pubblico e viene apposta da parte degli uffici di stato civile (Cart\u00f3rios) indicati sul sito <a href=\"https:\/\/www.cnj.jus.br\/\">https:\/\/www.cnj.jus.br\/<\/a> .<\/p>\n<p>L\u2019elenco dei traduttori giurati del Paran\u00e0 e di Santa Catarina \u00e8 predisposto dalla Giunta Commerciale, Industriale e dei Servizi dello Stato del Paran\u00e0 e di Santa Catarina consultabile alla <a href=\"https:\/\/conscuritiba.esteri.it\/\/it\/news\/dal_consolato\/elenco-professionisti-di-riferimento\/traduttori-giurati\/\">pagina dei traduttori<\/a> presente su questo sito.<\/p>\n<p><strong>NON \u00c8 ACCETTATA LA CONSEGNA DEGLI ATTI PRESSO LO SPORTELLO.<\/strong><\/p>\n<p>Si prega, nell\u2019invio degli atti, di allegare la Dichiarazione Sostitutiva di Certificazione (<a href=\"https:\/\/conscuritiba.esteri.it\/\/wp-content\/uploads\/2022\/12\/mod1_-_modulo_con_dichiarazione_sost_e_richiesta_servizi_-_versione_maggio_2018.pdf\">Mod. 1<\/a>) debitamente compilata e firmata dal cittadino italiano, accompagnato da fotocopia semplice del documento d&#8217;identit\u00e0 (passaporto italiano, carta d&#8217;identit\u00e0 o, in alternativa, un documento d&#8217;identit\u00e0 straniero con foto recente e firma) e da idonea prova d\u2019indirizzo.<\/p>\n<p><strong>NOTA BENE: informiamo che le richieste di trascrizione di atti vengono trasmesse al Comune AIRE in base ai tempi tecnici di lavorazione del competente Settore di Stato Civile del Consolato e seguono un ordine cronologico di arrivo.<\/strong><\/p>\n<p>Si invita pertanto a NON richiedere informazioni sullo stato della trascrizione della documentazione e\/o effettuare solleciti prima di 6 mesi dall&#8217;invio degli atti.<\/p>\n<p>Una volta trasmessa via posta la documentazione di Stato Civile, si prega di attendere il termine legale di 180 giorni, dopo il quale l&#8217;interessato potr\u00e0 verificare l&#8217;avvenuto aggiornamento,\u00a0<a href=\"https:\/\/conscuritiba.esteri.it\/\/it\/servizi-consolari-e-visti\/servizi-per-il-cittadino-italiano\/anagrafe-degli-italiani-residenti-allestero-aire\/visualizza-scheda-anagrafica\/\">visualizzando la propria scheda personale<\/a>\u00a0direttamente sul portale FAST IT.<\/p>\n<p>Nelle more dell&#8217;avvenuta trasmissione degli atti, si ricorda che &#8211; in base alla legge vigente &#8211; alcuni servizi fondamentali NON potranno essere forniti all\u2019interessato, n\u00e9 sul territorio nazionale, n\u00e9 presso il Consolato Generale.<\/p>\n<p><strong>NOTA BENE<\/strong>: dal 29 luglio 2016, con l\u2019entrata in vigore del Decreto attuativo della legge sulle unioni civili, \u00e8 obbligo dei cittadini italiani residenti all\u2019estero trasmettere all\u2019ufficio consolare di riferimento gli atti di matrimonio contratti all\u2019estero con persona dello stesso sesso. A tal fine, si prega di seguire le istruzioni contenute nel link \u201c<a href=\"https:\/\/conscuritiba.esteri.it\/\/it\/servizi-consolari-e-visti\/servizi-per-il-cittadino-italiano\/stato-civile\/variazioni-di-stato-civile-matrimonio\/\">Matrimonio<\/a>\u201d.<\/p>\n<p>I documenti saranno trascritti, secondo la legge italiana, nel Registro provvisorio delle Unioni Civili di ogni Comune. Nei documenti e negli atti in cui \u00e8 prevista l\u2019indicazione dello stato civile, su richiesta degli interessati, verr\u00e0 utilizzata la formula di \u201c<em>unito o unita civilmente<\/em>\u201d (art.7, comma 2, DPCM 144\/2016).<\/p>\n<p>I certificati originali di stato civile (inclusi i processi di divorzio) NON vengono restituiti. Il Settore Stato Civile assiste inoltre i cittadini residenti nella circoscrizione e iscritti all&#8217;AIRE in merito a:<\/p>\n<p>\u2022 Pubblicazioni per Matrimonio In Italia<\/p>\n<p>\u2022 Cambiamento del nome o del cognome<\/p>\n<p>\u2022 Ricezione e trasmissione al competente Tribunale dei Minori delle sentenze di adozione di minori stranieri da parte di cittadini italiani regolarmente iscritti all\u2019AIRE<\/p>\n<p><strong>VARIAZIONI DI STATO CIVILE<\/strong><br \/>\n(Cliccare sulla voce desiderata)<\/p>\n<p><a href=\"https:\/\/conscuritiba.esteri.it\/\/it\/servizi-consolari-e-visti\/servizi-per-il-cittadino-italiano\/stato-civile\/variazioni-di-stato-civile-nascita\/\">NASCITA<\/a><\/p>\n<p><a href=\"https:\/\/conscuritiba.esteri.it\/\/it\/servizi-consolari-e-visti\/servizi-per-il-cittadino-italiano\/stato-civile\/variazioni-di-stato-civile-matrimonio\/\">MATRIMONIO<\/a><\/p>\n<p><a href=\"https:\/\/conscuritiba.esteri.it\/\/it\/servizi-consolari-e-visti\/servizi-per-il-cittadino-italiano\/stato-civile\/variazioni-di-stato-civile-morte\/\">MORTE<\/a><\/p>\n<p><a href=\"https:\/\/conscuritiba.esteri.it\/\/it\/servizi-consolari-e-visti\/servizi-per-il-cittadino-italiano\/stato-civile\/variazioni-di-stato-civile-morte\/\">DIVORZIO<\/a><\/p>\n<p><a href=\"https:\/\/conscuritiba.esteri.it\/\/it\/servizi-consolari-e-visti\/servizi-per-il-cittadino-italiano\/stato-civile\/844-2\/\">SENTENZA DI ADOZIONE<\/a><\/p>\n<p>&nbsp;<\/p>\n<p>__________________________ *** __________________________<\/p>\n<p>&nbsp;<\/p>\n<p><strong>CERTIFICATI &#8211;\u00a0<\/strong><strong>INFORMAZIONI GENERALI<\/strong><\/p>\n<p>Ai sensi della legge n. 183\/2011, le Pubbliche Amministrazioni (P.A.) non possono richiedere n\u00e9 ai privati cittadini n\u00e9 ad altre P.A. atti o certificati anagrafici e NON possono comunque essere pi\u00f9 prodotti certificati agli organi della P.A. o ai privati gestori di servizi pubblici.<\/p>\n<p>Nei rapporti con tali Organi i certificati sono SEMPRE sostituiti dalle &#8220;Dichiarazioni sostitutive di certificazione o dell&#8217;atto di\u00a0 notoriet\u00e0&#8221;.<\/p>\n<p>I certificati rilasciati dalla Pubblica Amministrazione in ordine a stati, qualit\u00e0 personali e fatti sono validi ed utilizzabili solo nei rapporti tra i privati e, in questo caso, il Consolato potr\u00e0 rilasciarli, specificando sul documento che non sono validi per la Pubblica Amministrazione.<\/p>\n<p>Per i certificati da far valere all&#8217;estero, il Consolato potr\u00e0 rilasciarli in italiano o in portoghese con la dicitura \u201cVALIDO PER L&#8217;ESTERO\u201d.<\/p>\n<p>Fanno eccezione i certificati contestuali, da rilasciarsi nell\u2019ambito di pubblicazioni matrimoniali da effettuarsi in Consolato o in Italia.<\/p>\n<p>Si ricorda di rivolgersi comunque DIRETTAMENTE AL PROPRIO COMUNE e NON a questo Consolato Generale per richiedere i seguenti certificati:<\/p>\n<p>\u2022 certificato\/atto di nascita<br \/>\n\u2022 certificato\/atto di matrimonio<\/p>\n<p>NOTA BENE: Presso il sito delle Autocertificazioni elaborato dai Comuni italiani \u00e8 possibile stampare direttamente vari tipi di certificati, compilabili on-line e validi ai sensi della legislazione italiana:\u00a0<a href=\"http:\/\/www.comuni.it\/autocertificazione\/certificati\/certificazioni.htm\">http:\/\/www.comuni.it\/autocertificazione\/certificati\/certificazioni.htm<\/a><\/p>\n","protected":false},"excerpt":{"rendered":"Stato Civile &#8211; Informazioni dal sito del Ministero degli Affari Esteri E-mail: statocivile.curitiba@esteri.it SI PREGA DI CONTROLLARE IL SITO WEB PRIMA DI TRASMETTERE MESSAGGI VIA EMAIL CONTENENTI RICHIESTE DI CHIARIMENTI O DOMANDE. LE E-MAIL CONTENENTI DOMANDE LA CUI RISPOSTA \u00c8 GI\u00c0 INDICATA NEL SITO NON SARANNO PROCESSATE. I cittadini italiani sono tenuti per legge a [&hellip;]","protected":false},"author":3,"featured_media":0,"parent":136,"menu_order":5,"comment_status":"closed","ping_status":"closed","template":"","meta":{"footnotes":""},"class_list":["post-163","page","type-page","status-publish","hentry"],"_links":{"self":[{"href":"https:\/\/conscuritiba.esteri.it\/it\/wp-json\/wp\/v2\/pages\/163","targetHints":{"allow":["GET"]}}],"collection":[{"href":"https:\/\/conscuritiba.esteri.it\/it\/wp-json\/wp\/v2\/pages"}],"about":[{"href":"https:\/\/conscuritiba.esteri.it\/it\/wp-json\/wp\/v2\/types\/page"}],"author":[{"embeddable":true,"href":"https:\/\/conscuritiba.esteri.it\/it\/wp-json\/wp\/v2\/users\/3"}],"replies":[{"embeddable":true,"href":"https:\/\/conscuritiba.esteri.it\/it\/wp-json\/wp\/v2\/comments?post=163"}],"version-history":[{"count":6,"href":"https:\/\/conscuritiba.esteri.it\/it\/wp-json\/wp\/v2\/pages\/163\/revisions"}],"predecessor-version":[{"id":3309,"href":"https:\/\/conscuritiba.esteri.it\/it\/wp-json\/wp\/v2\/pages\/163\/revisions\/3309"}],"up":[{"embeddable":true,"href":"https:\/\/conscuritiba.esteri.it\/it\/wp-json\/wp\/v2\/pages\/136"}],"wp:attachment":[{"href":"https:\/\/conscuritiba.esteri.it\/it\/wp-json\/wp\/v2\/media?parent=163"}],"curies":[{"name":"wp","href":"https:\/\/api.w.org\/{rel}","templated":true}]}}