{"id":173,"date":"2022-12-07T19:52:48","date_gmt":"2022-12-07T18:52:48","guid":{"rendered":"https:\/\/conscuritiba.esteri.it\/\/?page_id=173"},"modified":"2026-03-12T12:14:15","modified_gmt":"2026-03-12T15:14:15","slug":"patente-di-guida","status":"publish","type":"page","link":"https:\/\/conscuritiba.esteri.it\/it\/servizi-consolari-e-visti\/servizi-per-il-cittadino-italiano\/patente-di-guida\/","title":{"rendered":"Patente di guida"},"content":{"rendered":"<p><strong>INFORMAZIONI DI CARATTERE GENERALE\u00a0<\/strong><br \/>\nLa patente italiana, in scadenza o scaduta, non pu\u00f2 essere rinnovata e deve necessariamente essere rimpiazzata da una nuova. Nel caso di patenti in prossimit\u00e0 di scadenza (4 mesi) o scadute da non pi\u00f9 di 5 anni, il Consolato pu\u00f2 rilasciare un documento chiamato convalida, che serve solo a mantenere la patente in vita finch\u00e9 il titolare non si rechi in Italia per procurarsene una nuova. Il servizio \u00e8 riservato agli iscritti AIRE e a coloro che possono comprovare la propria permanenza all&#8217;estero da almeno 6 mesi.<\/p>\n<p>La patente italiana in possesso del cittadino NON pu\u00f2 essere scaduta da oltre CINQUE anni;<\/p>\n<p>Per richiedere la Dichiarazione l\u2019interessato deve inviare un\u2019email a <a href=\"mailto:culturale.curitiba@esteri.it\">culturale.curitiba@esteri.it<\/a> per prenotarsi e presentare la richiesta;<\/p>\n<p>&nbsp;<\/p>\n<p>Il Consolato emetter\u00e0 una DICHIARAZIONE di ulteriore validit\u00e0 della patente scaduta, decorrente dalla data di emissione del Certificato Medico rilasciato dal Medico di Fiducia del Consolato:<\/p>\n<p>La DICHIARAZIONE emessa dal Consolato Generale, che avr\u00e0 validit\u00e0 di cinque anni, dovr\u00e0 essere custodita assieme alla patente originale scaduta, sulla quale NON verr\u00e0 apposta alcuna annotazione o timbro.<\/p>\n<p><strong>ATTENZIONE<\/strong>: si ribadisce che non verranno rilasciate n\u00e9 una nuova patente, n\u00e9 dichiarazioni di sorta ma solo la predetta convalida. Il rilascio di una nuova patente, anche in caso di furto\/smarrimento\/deterioramento, potr\u00e0 essere richiesto solo agli uffici della propria Motorizzazione Civile in base al proprio Comune di residenza (anagrafica o AIRE).<\/p>\n<p><a href=\"https:\/\/conscuritiba.esteri.it\/\/wp-content\/uploads\/2022\/12\/0_norme_per_rinnovo_della_patente_guida.pdf\"><strong>DOCUMENTI DA PRESENTARE IN CONSOLATO<\/strong><\/a><\/p>\n<ul>\n<li>Patente di Guida italiana in originale non scaduta da oltre CINQUE anni;<\/li>\n<li>Passaporto italiano in corso di validit\u00e0;<\/li>\n<li>Certificato medico (<a href=\"https:\/\/conscuritiba.esteri.it\/\/wp-content\/uploads\/2022\/12\/certificato_medicopatente_curitiba.pdf\"><strong>CLICCA QUI<\/strong><\/a>) rilasciato dal medico di fiducia del Consolato Generale, firmato e con autentica di firma del medico;<\/li>\n<li>Documento aggiornato comprovante la residenza in Brasile;<\/li>\n<li>Pagamento dell\u2019imposta di bollo in Reais, pari a Euro 0 (Art. NAA del Tariffario diritti consolari in valuta locale) e della tassa di rinnovo pari a Euro 50,00 (Art. 66D del Tariffario diritti consolari in valuta locale)<\/li>\n<\/ul>\n<p>Medici Fiducia del Consolato \u2013 Autorizzati<br \/>\nDott. Valfrido Venicios TREVISAN<br \/>\nClinico Geral e Reumatologista \u2013 CRM 5601<br \/>\nAv. Candido de Abreu, 427 \u2013 Cj 1310 \u2013 A<br \/>\nTel (41) 3254.7045 (41) 99979.7995<\/p>\n<p><strong>RIFERIMENTO NORMATIVO<\/strong><\/p>\n<p><a href=\"https:\/\/www.esteri.it\/it\/servizi-consolari-e-visti\/italiani-all-estero\/autoveicoli_e_patenti\/patenteguida\/\">https:\/\/www.esteri.it\/it\/servizi-consolari-e-visti\/italiani-all-estero\/autoveicoli_e_patenti\/patenteguida\/<\/a><\/p>\n<p><a href=\"http:\/\/www.mit.gov.it\/sites\/default\/files\/media\/normativa\/2018-01\/Circolare_Protocollo_277_08-01-2018_all.pdf\">http:\/\/www.mit.gov.it\/sites\/default\/files\/media\/normativa\/2018-01\/Circolare_Protocollo_277_08-01-2018_all.pdf<\/a><\/p>\n","protected":false},"excerpt":{"rendered":"INFORMAZIONI DI CARATTERE GENERALE\u00a0 La patente italiana, in scadenza o scaduta, non pu\u00f2 essere rinnovata e deve necessariamente essere rimpiazzata da una nuova. Nel caso di patenti in prossimit\u00e0 di scadenza (4 mesi) o scadute da non pi\u00f9 di 5 anni, il Consolato pu\u00f2 rilasciare un documento chiamato convalida, che serve solo a mantenere la [&hellip;]","protected":false},"author":3,"featured_media":0,"parent":136,"menu_order":15,"comment_status":"closed","ping_status":"closed","template":"","meta":{"footnotes":""},"class_list":["post-173","page","type-page","status-publish","hentry"],"_links":{"self":[{"href":"https:\/\/conscuritiba.esteri.it\/it\/wp-json\/wp\/v2\/pages\/173","targetHints":{"allow":["GET"]}}],"collection":[{"href":"https:\/\/conscuritiba.esteri.it\/it\/wp-json\/wp\/v2\/pages"}],"about":[{"href":"https:\/\/conscuritiba.esteri.it\/it\/wp-json\/wp\/v2\/types\/page"}],"author":[{"embeddable":true,"href":"https:\/\/conscuritiba.esteri.it\/it\/wp-json\/wp\/v2\/users\/3"}],"replies":[{"embeddable":true,"href":"https:\/\/conscuritiba.esteri.it\/it\/wp-json\/wp\/v2\/comments?post=173"}],"version-history":[{"count":6,"href":"https:\/\/conscuritiba.esteri.it\/it\/wp-json\/wp\/v2\/pages\/173\/revisions"}],"predecessor-version":[{"id":4670,"href":"https:\/\/conscuritiba.esteri.it\/it\/wp-json\/wp\/v2\/pages\/173\/revisions\/4670"}],"up":[{"embeddable":true,"href":"https:\/\/conscuritiba.esteri.it\/it\/wp-json\/wp\/v2\/pages\/136"}],"wp:attachment":[{"href":"https:\/\/conscuritiba.esteri.it\/it\/wp-json\/wp\/v2\/media?parent=173"}],"curies":[{"name":"wp","href":"https:\/\/api.w.org\/{rel}","templated":true}]}}