{"id":363,"date":"2022-12-12T16:21:45","date_gmt":"2022-12-12T15:21:45","guid":{"rendered":"https:\/\/conscuritiba.esteri.it\/\/?page_id=363"},"modified":"2026-03-03T10:19:30","modified_gmt":"2026-03-03T13:19:30","slug":"studi","status":"publish","type":"page","link":"https:\/\/conscuritiba.esteri.it\/it\/servizi-consolari-e-visti\/servizi-per-il-cittadino-italiano\/studi\/","title":{"rendered":"Studi"},"content":{"rendered":"<p>L&#8217;Ufficio Studi fornisce informazioni e consulenza per l&#8217;iscrizione a Scuole e Universit\u00e0 in Italia e rilascia le necessarie dichiarazioni di valore per i titoli conseguiti presso Scuole e Universit\u00e0 della circoscrizione consolare perch\u00e9 gli interessati possano ottenere l\u2019equipollenza dei titoli di studio primari e secondari con analoghi titoli italiani, l\u2019iscrizione a scuole ed Universit\u00e0 italiane, il riconoscimento in Italia degli studi universitari e l\u2019assegnazione di borse di studio.<\/p>\n<p>Borse di Studio<\/p>\n<p>Annualmente\u00a0viene pubblicato un bando per borse di studio\u00a0offerte a cittadini brasiliani e italiani residenti all&#8217;estero che superino un colloquio per la verifica della conoscenza della lingua italiana, condizione imprescindibile per concorrere.<br \/>\nIl colloquio\u00a0avviene nel consolato della propria circoscrizione.<br \/>\nIl bando\u00a0abitualmente\u00a0\u00e8 reso noto\u00a0a marzo, quindi\u00a0si suggerisce di consultare il sito dell&#8217;Ambasciata d&#8217;Italia a Brasilia in quel periodo per reperire tutte le informazioni.<br \/>\nPer informazioni su altre opportunit\u00e0 di borse ci si pu\u00f2 rivolgere direttamente alle universit\u00e0 italiane, di cui seguono i riferimenti:<\/p>\n<p>Per informazioni specifiche sulle varie borse di studio per frequentare dottorati, progetti di ricerca, corsi post-laurea e corsi di laurea per brasiliani consultare il sito <a href=\"http:\/\/www.capes.gov.br\">www.capes.gov.br<\/a> . Prima di compilare la domanda, si dovranno prendere contatti direttamente con le istituzioni che accoglieranno il borsista. Gli indirizzi delle Universit\u00e0 italiane sono reperibili sul sito ufficiale del Ministero dell&#8217;Universit\u00e0 e della Ricerca Scientifica: <a href=\"http:\/\/www.murst.it\">www.murst.it<\/a><\/p>\n<p>Borse offerte dalle Universit\u00e0 italiane. Le Universit\u00e0 italiane possono offrire autonomamente borse di studio in varie discipline a cittadini italiani e stranieri. Informazioni specifiche sono disponibili sui siti delle singole Universit\u00e0 attraverso il sito ufficiale del Ministero dell&#8217;Universit\u00e0 e della Ricerca Scientifica: <a href=\"http:\/\/www.murst.it\">www.murst.it<\/a><\/p>\n<p>Borse offerte dalle Regioni Italiane. Per rafforzare i legami con i discendenti che vivono all`estero, le Regioni italiane offrono borse di studio in varie discipline, principalmente nell&#8217;area professionale. Le informazioni sono disponibili sui siti internet delle Regioni. (www. regione.nomedaregi\u00e3o.it, esempio: per la regione Lazio <a href=\"http:\/\/www.regione.lazio.it\">www.regione.lazio.it<\/a>,\u00a0 per la regione Veneto <a href=\"http:\/\/www.regione.veneto.it\">www.regione.veneto.it<\/a> , per la regione Calabria, <a href=\"http:\/\/www.regione.calabria.it\">www.regione.calabria.it<\/a> etc.)<\/p>\n<p>Borse di studio per corsi di lingua e cultura italiana.\u00a0 Borse per periodi brevi sono offerti da Universit\u00e0 che realizzano corsi di italiano per stranieri, come ad esempio: l&#8217;Universit\u00e0 degli Studi di Perugia &#8211; <a href=\"http:\/\/www.unistrapg.it\">www.unistrapg.it<\/a> ; l&#8217;Universit\u00e0 degli Studi di Siena \u2013 <a href=\"http:\/\/www.unistrasi.it\">www.unistrasi.it<\/a>\u00a0; l&#8217;Universit\u00e0 degli Studi di Venezia \u2013 <a href=\"http:\/\/www.unive.it\">www.unive.it<\/a>\u00a0; l&#8217;Universit\u00e0 degli Studi di Milano \u2013 <a href=\"http:\/\/www.csi.unimi.it\">www.csi.unimi.it<\/a> ; l&#8217;Universit\u00e0 degli Studi di Roma Tre \u2013 <a href=\"http:\/\/www.uniromatre.it\">www.uniromatre.it<\/a> ; l&#8217;Universit\u00e0 degli Studi della Calabria \u2013 <a href=\"http:\/\/www.unical.it\">www.unical.it<\/a>\u00a0ed altre.<\/p>\n<p>Si consiglia inoltre di mantenere i contatti con le associazioni di discendenti, che spesso offrono opportunit\u00e0 di vario tipo ai propri associati, compresi brevi soggiorni in Italia.<\/p>\n<p><strong>Links Essenziali<br \/>\n<\/strong>\u00a0 <a title=\"Ministero degli Affari Esteri \" href=\"http:\/\/www.esteri.it\/\">Ministero degli Affari Esteri\u00a0<\/a><br \/>\n<a title=\"Ministero dell\u2019 Istruzione italiano\" href=\"http:\/\/www.istruzione.it\/\">Ministero dell\u2019 Istruzione italiano<\/a><br \/>\n<a title=\"Universit\u00e0 italiane \" href=\"http:\/\/www.univeristaitaliane.it\/\">Universit\u00e0 italiane\u00a0<\/a><br \/>\n<a title=\"Icon\" href=\"http:\/\/www.italicon.it\/\">Icon<\/a><br \/>\n<a title=\"Universit\u00e0 per Stranieri di Perugia \" href=\"http:\/\/www.unistrapg.it\/\">Universit\u00e0 per Stranieri di Perugia\u00a0<\/a><br \/>\n<a title=\"Universit\u00e0 per Stranieri di Siena\" href=\"http:\/\/www.unistrasi.it\/\">Universit\u00e0 per Stranieri di Siena<br \/>\n<\/a>\u00a0 <a title=\"Universit\u00e0 Ca\u2019 Foscari - Venezia - Laboratorio Itals \" href=\"http:\/\/www.itals.it\/\">Universit\u00e0 Ca\u2019 Foscari &#8211; Venezia &#8211; Laboratorio Itals\u00a0<\/a><br \/>\n<a title=\"Societ\u00e0 Dante Alighieri\" href=\"http:\/\/www.societadantealighieri.org\/\">Societ\u00e0 Dante Alighieri<br \/>\n<\/a><br \/>\n<a href=\"mailto:culturale.curitiba@esteri.it\">Per domande non pubblicate su questa pagina si potra&#8217; contattare il settore culturale per email<\/a>.<\/p>\n","protected":false},"excerpt":{"rendered":"L&#8217;Ufficio Studi fornisce informazioni e consulenza per l&#8217;iscrizione a Scuole e Universit\u00e0 in Italia e rilascia le necessarie dichiarazioni di valore per i titoli conseguiti presso Scuole e Universit\u00e0 della circoscrizione consolare perch\u00e9 gli interessati possano ottenere l\u2019equipollenza dei titoli di studio primari e secondari con analoghi titoli italiani, l\u2019iscrizione a scuole ed Universit\u00e0 italiane, [&hellip;]","protected":false},"author":4,"featured_media":0,"parent":136,"menu_order":11,"comment_status":"closed","ping_status":"closed","template":"","meta":{"footnotes":""},"class_list":["post-363","page","type-page","status-publish","hentry"],"_links":{"self":[{"href":"https:\/\/conscuritiba.esteri.it\/it\/wp-json\/wp\/v2\/pages\/363","targetHints":{"allow":["GET"]}}],"collection":[{"href":"https:\/\/conscuritiba.esteri.it\/it\/wp-json\/wp\/v2\/pages"}],"about":[{"href":"https:\/\/conscuritiba.esteri.it\/it\/wp-json\/wp\/v2\/types\/page"}],"author":[{"embeddable":true,"href":"https:\/\/conscuritiba.esteri.it\/it\/wp-json\/wp\/v2\/users\/4"}],"replies":[{"embeddable":true,"href":"https:\/\/conscuritiba.esteri.it\/it\/wp-json\/wp\/v2\/comments?post=363"}],"version-history":[{"count":1,"href":"https:\/\/conscuritiba.esteri.it\/it\/wp-json\/wp\/v2\/pages\/363\/revisions"}],"predecessor-version":[{"id":364,"href":"https:\/\/conscuritiba.esteri.it\/it\/wp-json\/wp\/v2\/pages\/363\/revisions\/364"}],"up":[{"embeddable":true,"href":"https:\/\/conscuritiba.esteri.it\/it\/wp-json\/wp\/v2\/pages\/136"}],"wp:attachment":[{"href":"https:\/\/conscuritiba.esteri.it\/it\/wp-json\/wp\/v2\/media?parent=363"}],"curies":[{"name":"wp","href":"https:\/\/api.w.org\/{rel}","templated":true}]}}