{"id":392,"date":"2022-12-12T16:52:27","date_gmt":"2022-12-12T15:52:27","guid":{"rendered":"https:\/\/conscuritiba.esteri.it\/\/?page_id=392"},"modified":"2022-12-12T16:52:27","modified_gmt":"2022-12-12T15:52:27","slug":"corsi-di-lingua","status":"publish","type":"page","link":"https:\/\/conscuritiba.esteri.it\/it\/servizi-consolari-e-visti\/servizi-per-il-cittadino-italiano\/studi\/corsi-di-lingua\/","title":{"rendered":"Corsi di lingua"},"content":{"rendered":"<div>\n<p><strong>IMPARARE L\u2019ITALIANO IN BRASILE<\/strong><\/p>\n<p>Vuoi imparare l\u2019italiano in Brasile? In questa pagina troverai alcuni consigli utili. Buono studio!<\/p>\n<p>Se vivi a <strong>San Paolo<\/strong> o a <strong>Rio de Janeiro<\/strong>, entra in contatto con gli <strong>Istituti Italiani di Cultura<\/strong>, che organizzano corsi di italiano con docenti madrelingua:<\/p>\n<ul>\n<li><a href=\"http:\/\/www.iicsanpaolo.esteri.it\/iic_sanpaolo\/it\/\">http:\/\/www.iicsanpaolo.esteri.it\/iic_sanpaolo\/it\/<\/a><\/li>\n<li><a href=\"http:\/\/www.iicrio.esteri.it\/iic_riodejaneiro\/it\/\">http:\/\/www.iicrio.esteri.it\/iic_riodejaneiro\/it\/<\/a><\/li>\n<\/ul>\n<p>In altre citt\u00e0 del Brasile operano enti finanziati dal Mistero degli affari esteri e della cooperazione internazionale italiano. Tali enti \u2013 chiamati<strong> enti gestori<\/strong> \u2013 svolgono un ruolo molto importante nella promozione della lingua e della cultura italiana in Brasile, in particolare organizzando corsi di lingua e cultura italiana per adulti.<\/p>\n<p>Di seguito, suddivisi per Circoscrizione consolare, i riferimenti per conoscere nel dettaglio la loro attivit\u00e0:<\/p>\n<p><strong>Consolato generale di San Paolo<\/strong><\/p>\n<ul>\n<li>FECIBESP &#8211; Federa\u00e7\u00e3o das Entidades Culturais Italo Brasileiras do Estado de S\u00e3o Paulo &#8211; <a href=\"http:\/\/www.fecibesp.org.br\">www.fecibesp.org.br<\/a><\/li>\n<\/ul>\n<p><strong>Consolato generale di Rio de Janeiro<\/strong><\/p>\n<ul>\n<li>ALCIES &#8211; Associa\u00e7\u00e3o L\u00edngua e Cultura Italiana Esp\u00edrito Santo &#8211; <a href=\"https:\/\/sites.google.com\/site\/alcieslinguaitaliana\/\">https:\/\/sites.google.com\/site\/alcieslinguaitaliana\/<\/a><\/li>\n<\/ul>\n<p><strong>Consolato generale di Curitiba<\/strong><\/p>\n<ul>\n<li>CCIPRSC \u2013 Centro di Cultura italiana Parana\u2019 e Santa Catarina &#8211; <a href=\"http:\/\/www.cciprsc.com.br\">www.cciprsc.com.br<\/a><\/li>\n<\/ul>\n<p><strong>Consolato generale di Porto Alegre<\/strong><\/p>\n<ul>\n<li>AISM &#8211; Associa\u00e7\u00e3o Italiana de Santa Maria\u00a0 &#8211; <a href=\"http:\/\/www.aism.com.br\/\">www.aism.com.br\/<\/a><\/li>\n<\/ul>\n<p><strong>Consolato di Recife<\/strong><\/p>\n<ul>\n<li>ICIF &#8211; Instituto de Cultura Italiana de Fortaleza &#8211; <a href=\"http:\/\/www.icif.com.br\">www.icif.com.br<\/a><\/li>\n<li>Dante Alighieri &#8211; Recife &#8211; <a href=\"http:\/\/www.dantealighierirecife.blogspot.com\">www.dantealighierirecife.blogspot.com<\/a><\/li>\n<\/ul>\n<p><strong>Consolato di Belo Horizonte<\/strong><\/p>\n<ul>\n<li>Fondazione Torino\u00a0 &#8211; <a href=\"http:\/\/www.fundacaotorino.com.br\">www.fundacaotorino.com.br<\/a><\/li>\n<\/ul>\n<p>Inoltre, per chi desidera un modello educativo bilingue per i propri figli, in Brasile funzionano due ottime <strong>scuole italiane paritarie<\/strong> che seguono, oltre al curricolo brasiliano, anche quello italiano. Il titolo di studio da loro rilasciato, dopo aver superato l\u2019esame di<br \/>\nStato conclusivo, permette la prosecuzione degli studi in Italia senza alcuna documentazione aggiuntiva.<\/p>\n<ul>\n<li>\u201cE. Montale\u201d di San Paolo con calendario australe \u2013 esami di stato in dicembre. <a href=\"http:\/\/www.montale.com.br\">www.montale.com.br<\/a><\/li>\n<li>\u201cFondazione Torino\u201d di Belo Horizonte con calendario boreale \u2013 esami di stato in giugno.\u00a0 <a href=\"http:\/\/www.fundacaotorino.com.br\">www.fundacaotorino.com.br<\/a><\/li>\n<\/ul>\n<\/div>\n","protected":false},"excerpt":{"rendered":"IMPARARE L\u2019ITALIANO IN BRASILE Vuoi imparare l\u2019italiano in Brasile? In questa pagina troverai alcuni consigli utili. Buono studio! Se vivi a San Paolo o a Rio de Janeiro, entra in contatto con gli Istituti Italiani di Cultura, che organizzano corsi di italiano con docenti madrelingua: http:\/\/www.iicsanpaolo.esteri.it\/iic_sanpaolo\/it\/ http:\/\/www.iicrio.esteri.it\/iic_riodejaneiro\/it\/ In altre citt\u00e0 del Brasile operano enti finanziati [&hellip;]","protected":false},"author":4,"featured_media":0,"parent":363,"menu_order":4,"comment_status":"closed","ping_status":"closed","template":"","meta":{"footnotes":""},"class_list":["post-392","page","type-page","status-publish","hentry"],"_links":{"self":[{"href":"https:\/\/conscuritiba.esteri.it\/it\/wp-json\/wp\/v2\/pages\/392","targetHints":{"allow":["GET"]}}],"collection":[{"href":"https:\/\/conscuritiba.esteri.it\/it\/wp-json\/wp\/v2\/pages"}],"about":[{"href":"https:\/\/conscuritiba.esteri.it\/it\/wp-json\/wp\/v2\/types\/page"}],"author":[{"embeddable":true,"href":"https:\/\/conscuritiba.esteri.it\/it\/wp-json\/wp\/v2\/users\/4"}],"replies":[{"embeddable":true,"href":"https:\/\/conscuritiba.esteri.it\/it\/wp-json\/wp\/v2\/comments?post=392"}],"version-history":[{"count":2,"href":"https:\/\/conscuritiba.esteri.it\/it\/wp-json\/wp\/v2\/pages\/392\/revisions"}],"predecessor-version":[{"id":394,"href":"https:\/\/conscuritiba.esteri.it\/it\/wp-json\/wp\/v2\/pages\/392\/revisions\/394"}],"up":[{"embeddable":true,"href":"https:\/\/conscuritiba.esteri.it\/it\/wp-json\/wp\/v2\/pages\/363"}],"wp:attachment":[{"href":"https:\/\/conscuritiba.esteri.it\/it\/wp-json\/wp\/v2\/media?parent=392"}],"curies":[{"name":"wp","href":"https:\/\/api.w.org\/{rel}","templated":true}]}}