{"id":424,"date":"2022-12-12T18:49:18","date_gmt":"2022-12-12T17:49:18","guid":{"rendered":"https:\/\/conscuritiba.esteri.it\/\/?page_id=424"},"modified":"2026-04-09T09:24:09","modified_gmt":"2026-04-09T12:24:09","slug":"variazioni-di-stato-civile-morte","status":"publish","type":"page","link":"https:\/\/conscuritiba.esteri.it\/it\/servizi-consolari-e-visti\/servizi-per-il-cittadino-italiano\/stato-civile\/variazioni-di-stato-civile-morte\/","title":{"rendered":"Variazioni di Stato Civile &#8211; MORTE"},"content":{"rendered":"<div>\n<p>La morte di un cittadino italiano avvenuta all\u2019estero deve essere trascritta in Italia.<\/p>\n<p>I documenti necessari per registrare il decesso sono:<\/p>\n<p>&#8211; \u201cSegunda via\u201d (estratto) dell&#8217;atto di morte, emesso dal competente Ufficio di Stato Civile (&#8220;Cart\u00f3rio&#8221;), originale e recente, con Apostille e traduzione giurata\u00a0in italiano con Apostilla;<\/p>\n<p>&#8211; Fotocopia (semplice) della carta d&#8217;identit\u00e0 (o RNE) della persona deceduta.<\/p>\n<p><strong>MORTE AVVENUTA IN ALTRO PAESE ESTERO<\/strong><\/p>\n<p>Qualora il cittadino italiano qui residente sia deceduto in altro paese estero, si deve provvedere innanzitutto alla legalizzazione del certificato di morte da parte delle competenti autorit\u00e0 sia locali sia della Rappresentanza Diplomatico Consolare Italiana competente nel Paese in cui \u00e8 stato emesso il certificato ed alla relativa traduzione, anch\u2019essa da convalidare dall\u2019autorit\u00e0 consolare italiana di cui sopra.<\/p>\n<p>Gli atti cos\u00ec completati possono essere presentati per la trascrizione in Italia sia a questo Consolato sia alla Rappresentanza diplomatico-consolare italiana competente nel Paese in cui \u00e8 stato emesso il certificato che, oltre ad inviarlo al Comune competente, ne dar\u00e0 informazione a questo Consolato che cos\u00ec provveder\u00e0 ad aggiornare la posizione anagrafica dell&#8217;interessato.<\/p>\n<p>Si consiglia comunque di consultare sempre il sito del Consolato italiano del Paese dove \u00e8 avvenuto il decesso.<\/p>\n<p>Non si accetta la trascrizione in Brasile dell\u2019atto di morte.<\/p>\n<\/div>\n","protected":false},"excerpt":{"rendered":"La morte di un cittadino italiano avvenuta all\u2019estero deve essere trascritta in Italia. I documenti necessari per registrare il decesso sono: &#8211; \u201cSegunda via\u201d (estratto) dell&#8217;atto di morte, emesso dal competente Ufficio di Stato Civile (&#8220;Cart\u00f3rio&#8221;), originale e recente, con Apostille e traduzione giurata\u00a0in italiano con Apostilla; &#8211; Fotocopia (semplice) della carta d&#8217;identit\u00e0 (o RNE) [&hellip;]","protected":false},"author":4,"featured_media":0,"parent":163,"menu_order":5,"comment_status":"closed","ping_status":"closed","template":"","meta":{"footnotes":""},"class_list":["post-424","page","type-page","status-publish","hentry"],"_links":{"self":[{"href":"https:\/\/conscuritiba.esteri.it\/it\/wp-json\/wp\/v2\/pages\/424","targetHints":{"allow":["GET"]}}],"collection":[{"href":"https:\/\/conscuritiba.esteri.it\/it\/wp-json\/wp\/v2\/pages"}],"about":[{"href":"https:\/\/conscuritiba.esteri.it\/it\/wp-json\/wp\/v2\/types\/page"}],"author":[{"embeddable":true,"href":"https:\/\/conscuritiba.esteri.it\/it\/wp-json\/wp\/v2\/users\/4"}],"replies":[{"embeddable":true,"href":"https:\/\/conscuritiba.esteri.it\/it\/wp-json\/wp\/v2\/comments?post=424"}],"version-history":[{"count":1,"href":"https:\/\/conscuritiba.esteri.it\/it\/wp-json\/wp\/v2\/pages\/424\/revisions"}],"predecessor-version":[{"id":425,"href":"https:\/\/conscuritiba.esteri.it\/it\/wp-json\/wp\/v2\/pages\/424\/revisions\/425"}],"up":[{"embeddable":true,"href":"https:\/\/conscuritiba.esteri.it\/it\/wp-json\/wp\/v2\/pages\/163"}],"wp:attachment":[{"href":"https:\/\/conscuritiba.esteri.it\/it\/wp-json\/wp\/v2\/media?parent=424"}],"curies":[{"name":"wp","href":"https:\/\/api.w.org\/{rel}","templated":true}]}}