{"id":429,"date":"2022-12-12T18:54:27","date_gmt":"2022-12-12T17:54:27","guid":{"rendered":"https:\/\/conscuritiba.esteri.it\/\/?page_id=429"},"modified":"2026-04-09T09:23:34","modified_gmt":"2026-04-09T12:23:34","slug":"variazioni-di-stato-civile-divorzio","status":"publish","type":"page","link":"https:\/\/conscuritiba.esteri.it\/it\/servizi-consolari-e-visti\/servizi-per-il-cittadino-italiano\/stato-civile\/variazioni-di-stato-civile-divorzio\/","title":{"rendered":"Variazioni di Stato Civile &#8211; DIVORZIO"},"content":{"rendered":"<p>Per il riconoscimento in Italia dei provvedimenti di divorzio, a seconda che lo stesso sia avvenuto giudizialmente oppure in presenza di un notaio, \u00e8 necessario produrre la seguente documentazione per richiedere la trascrizione del relativo atto presso il Comune italiano competente:<\/p>\n<p><strong>IN CASO DI DIVORZIO GIUDIZIALE:<\/strong><\/p>\n<p>1. <a href=\"https:\/\/conscuritiba.esteri.it\/wp-content\/uploads\/2023\/06\/Modelo-N.1-Dichiarazione-Sostitutiva_NEW2023.pdf\">MOD. 1 &#8211; Dichiarazione Sostitutiva e Richiesta Servizi<\/a> debitamente compilata e firmata dall&#8217;interessato;<\/p>\n<p>2. <a href=\"https:\/\/conscuritiba.esteri.it\/\/wp-content\/uploads\/2022\/12\/mod4-dichiarazioneperriconoscdivorziogiudiziale_maggio2018.pdf\">MOD. 4 &#8211; Dichiarazione per Riconoscimento di Divorzio Giudiziale<\/a> debitamente compilata e firmata dall&#8217;interessato;<\/p>\n<p>3. Fotocopia semplice del documento di identit\u00e0 (passaporto italiano, carta d&#8217;identit\u00e0 italiana o un documento d&#8217;identit\u00e0 straniero con foto e recente) la cui firma sia la stessa del MOD. 4 &#8211; Dichiarazione per Riconoscimento di Divorzio Giudiziale;<\/p>\n<p>4. Fotocopia di una prova d\u2019indirizzo intestata al cittadino italiano;<\/p>\n<p>5. Copie autentiche del processo ai sensi della Legge locale 11.419 del 19 dicembre 2006 relativa all&#8217;informatizzazione dei processi giudiziari, Risoluzione 03\/2009 del Tribunal de Justi\u00e7a del Paran\u00e0 (Sistema Projudi) e Risoluzione 03\/2013 del Tribunal de Justi\u00e7a di Santa Catarina (Sistema Eproc) oppure munita di timbro da parte del Foro competente di copia conforme all\u2019originale, con Apostille. Le copie autentiche devono contenere esclusivamente le parti principali del processo di divorzio:<\/p>\n<p>5.1 Istanza dei richiedenti; (Peti\u00e7\u00e3o Inicial)<\/p>\n<p>5.2 Sentenza; (Senten\u00e7a)<\/p>\n<p>5.3 Passaggio in giudicato con la data espressa; (generalmente assumendo la forma di un Certificato di Passaggio in Giudicato oppure ancora come un timbro apposto nelle ultime pagine della sentenza)<\/p>\n<p>5.4 Certificato riassuntivo del processo; (&#8220;Certid\u00e3o de Objeto e P\u00e9&#8221;)<\/p>\n<p>5.5 <a href=\"https:\/\/conscuritiba.esteri.it\/\/it\/news\/dal_consolato\/elenco-professionisti-di-riferimento\/traduttori-giurati\/\">Traduzione giurata<\/a> in lingua italiana delle parti del processo sopra menzionate con Apostille;<\/p>\n<ul>\n<li>L\u2019Apostille \u00e8 un&#8217;annotazione con cui i Cart\u00f3rios de Registro Civil abilitati attestano la validit\u00e0 dell\u2019atto pubblico e viene apposta da parte degli uffici di stato civile (Cart\u00f3rios) indicati sul sito: <a href=\"https:\/\/www.cnj.jus.br\">https:\/\/www.cnj.jus.br<\/a><\/li>\n<\/ul>\n<p><strong>NOTA BENE<\/strong>: Nel caso di copie della procedura di divorzio in formato elettronico con la firma digitale, l\u00b4Apostille deve fare riferimento alla firma digitale dell\u2019autorit\u00e0 giudiziaria e non ad una fotocopia conforme emessa dall\u2019ufficiale di stato civile.<\/p>\n<p><strong>NOTA BENE<\/strong>: Non \u00e8 considerata valida per la trascrizione in Italia l\u2019annotazione di divorzio sull\u2019atto di nascita e di matrimonio.<\/p>\n<p><strong>NOTA BENE<\/strong>: Se alla sentenza di separazione \u00e8 seguita una successiva sentenza di divorzio, bisogna presentare solamente l\u2019istanza e la sentenza di conversione della separazione in divorzio, perfezionata come da istruzioni sopraindicate (n. 1,2,3,4).<\/p>\n<p><strong>NOTA BENE<\/strong>: In presenza di figli minori al momento del divorzio, la sentenza deve specificare il regime di affidamento degli stessi.<\/p>\n<p><strong>NOTA BENE<\/strong>: Per la trascrizione delle sentenze di divorzio emesse in un paese UE si fa riferimento a quanto stabilito dal Regolamento (CE) 2201\/2003 del 27.11.2003. L\u2019Autorit\u00e0 competente dello Stato membro in cui \u00e8 stato pronunciato il divorzio rilascia, su richiesta dell\u2019interessato, un certificato utilizzando il modello standard previsto dal suddetto Regolamento, che non necessita di traduzione e non deve essere legalizzato. L\u2019interessato dovr\u00e0 esibire un documento di identit\u00e0 in corso di validit\u00e0 e dovr\u00e0 allegare al suddetto certificato una dichiarazione sostitutiva dell\u2019atto di notoriet\u00e0 resa ai sensi dell\u2019art. 47 DPR 445\/2000, attestante la sussistenza dei requisiti di cui all\u2019art. 22 del suddetto Regolamento.<\/p>\n<p><strong>IN CASO DI DIVORZIO NOTARILE (EXTRAGIUDIZIALE):<\/strong><\/p>\n<p>1. <a href=\"https:\/\/conscuritiba.esteri.it\/\/wp-content\/uploads\/2022\/12\/mod1_-_modulo_con_dichiarazione_sost_e_richiesta_servizi_-_versione_maggio_2018.pdf\">MOD. 1 &#8211; Dichiarazione Sostitutiva e Richiesta Servizi<\/a> debitamente compilata e firmata dall&#8217;interessato;<\/p>\n<p>2. <a href=\"https:\/\/conscuritiba.esteri.it\/\/wp-content\/uploads\/2022\/12\/mod5-dichiarazioneperriconoscdivorzioconattopubblic_maggio2018.pdf\">MOD. 5 &#8211; Dichiarazione per Riconoscimento di Divorzio con Atto Pubblico<\/a> debitamente compilata e firmata dall&#8217;interessato;<\/p>\n<p>3. Fotocopia semplice del documento di identit\u00e0 (passaporto italiano, carta d&#8217;identit\u00e0 italiana o un documento d&#8217;identit\u00e0 straniero con foto e recente) la cui firma sia la stessa del MOD. 5 &#8211; Dichiarazione per Riconoscimento di Divorzio con Atto Pubblico;<\/p>\n<p>4. Fotocopia di una prova d\u2019indirizzo intestata al cittadino italiano;<\/p>\n<p>5. Seconda via originale dell\u2019atto notarile (\u201cEscritura P\u00fablica de Div\u00f3rcio Direto Consensual Extrajudicial\u201d) con Apostille e traduzione in italiano &#8211; effettuata da <a href=\"https:\/\/conscuritiba.esteri.it\/\/it\/news\/dal_consolato\/elenco-professionisti-di-riferimento\/traduttori-giurati\/\">traduttore giurato<\/a> con Apostille;<\/p>\n<ul>\n<li>L\u2019Apostille \u00e8 un&#8217;annotazione con cui i Cart\u00f3rios de Registro Civil abilitati attestano la validit\u00e0 dell\u2019atto pubblico e viene apposta da parte degli uffici di stato civile (Cart\u00f3rios) indicati sul sito: <a href=\"https:\/\/www.cnj.jus.br\">https:\/\/www.cnj.jus.br<\/a><\/li>\n<\/ul>\n","protected":false},"excerpt":{"rendered":"Per il riconoscimento in Italia dei provvedimenti di divorzio, a seconda che lo stesso sia avvenuto giudizialmente oppure in presenza di un notaio, \u00e8 necessario produrre la seguente documentazione per richiedere la trascrizione del relativo atto presso il Comune italiano competente: IN CASO DI DIVORZIO GIUDIZIALE: 1. MOD. 1 &#8211; Dichiarazione Sostitutiva e Richiesta Servizi [&hellip;]","protected":false},"author":4,"featured_media":0,"parent":163,"menu_order":4,"comment_status":"closed","ping_status":"closed","template":"","meta":{"footnotes":""},"class_list":["post-429","page","type-page","status-publish","hentry"],"_links":{"self":[{"href":"https:\/\/conscuritiba.esteri.it\/it\/wp-json\/wp\/v2\/pages\/429","targetHints":{"allow":["GET"]}}],"collection":[{"href":"https:\/\/conscuritiba.esteri.it\/it\/wp-json\/wp\/v2\/pages"}],"about":[{"href":"https:\/\/conscuritiba.esteri.it\/it\/wp-json\/wp\/v2\/types\/page"}],"author":[{"embeddable":true,"href":"https:\/\/conscuritiba.esteri.it\/it\/wp-json\/wp\/v2\/users\/4"}],"replies":[{"embeddable":true,"href":"https:\/\/conscuritiba.esteri.it\/it\/wp-json\/wp\/v2\/comments?post=429"}],"version-history":[{"count":4,"href":"https:\/\/conscuritiba.esteri.it\/it\/wp-json\/wp\/v2\/pages\/429\/revisions"}],"predecessor-version":[{"id":1234,"href":"https:\/\/conscuritiba.esteri.it\/it\/wp-json\/wp\/v2\/pages\/429\/revisions\/1234"}],"up":[{"embeddable":true,"href":"https:\/\/conscuritiba.esteri.it\/it\/wp-json\/wp\/v2\/pages\/163"}],"wp:attachment":[{"href":"https:\/\/conscuritiba.esteri.it\/it\/wp-json\/wp\/v2\/media?parent=429"}],"curies":[{"name":"wp","href":"https:\/\/api.w.org\/{rel}","templated":true}]}}