{"id":4306,"date":"2025-12-08T16:12:48","date_gmt":"2025-12-08T19:12:48","guid":{"rendered":"https:\/\/conscuritiba.esteri.it\/?page_id=4306"},"modified":"2026-04-09T09:25:08","modified_gmt":"2026-04-09T12:25:08","slug":"cambiamento-del-nome-del-cognome-o-del-genere","status":"publish","type":"page","link":"https:\/\/conscuritiba.esteri.it\/it\/servizi-consolari-e-visti\/servizi-per-il-cittadino-italiano\/stato-civile\/cambiamento-del-nome-del-cognome-o-del-genere\/","title":{"rendered":"Cambiamento del nome, del cognome o del genere"},"content":{"rendered":"<p><strong>MODIFICA DI NOME\/COGNOME IN VIA AMMINISTRATIVA<\/strong><\/p>\n<p>Il Italia la richiesta di modifica di nome\/cognome riveste\u00a0<strong>carattere eccezionale<\/strong>\u00a0ed \u00e8 ammessa esclusivamente in presenza di\u00a0<strong>situazioni oggettivamente rilevanti<\/strong>, supportate da\u00a0<strong>adeguata documentazione<\/strong>\u00a0e da\u00a0<strong>significative motivazioni<\/strong>.<\/p>\n<p>Sono considerati cambiamenti per via amministrativa quelli fatti direttamente in\u00a0<em>cart\u00f3rio<\/em>, senza la necessit\u00e0 di una sentenza.<\/p>\n<p>Si ricorda, altres\u00ec, che la\u00a0<strong>paternit\u00e0\/maternit\u00e0 socio-affettiva<\/strong>\u00a0<strong>non \u00e8 attualmente riconosciuta in Italia<\/strong>: i documenti e i certificati che attestano questo<em>\u00a0status<\/em>\u00a0non vengono trasmessi e\u00a0<strong>il cognome del bambino non pu\u00f2 includere il cognome del genitore socio-affettivo<\/strong>.<\/p>\n<p>Non \u00e8 possibile richiedere l\u2019attribuzione di cognomi di importanza storica o comunque tali da indurre in errore circa l\u2019appartenenza del richiedente a famiglie illustri o particolarmente note nel luogo in cui si trova registrato l\u2019atto di nascita del richiedente o nel luogo di sua residenza.<\/p>\n<p>Il cambiamento di sesso effettuato in via amministrativa non \u00e8 riconosciuto in Italia.<\/p>\n<p><strong>Nel caso specifico di cambiamento di cognome in funzione di matrimonio celebrato in Brasile (dove la sposa ha scelto di adottare\/aggiungere anche il cognome del marito) \u00e8 necessario attendere che il Comune confermi a questo Consolato sia l\u2019avvenuta trascrizione dell\u2019atto di matrimonio che il cognome attribuito alla sposa.<\/strong><\/p>\n<p>In base all\u2019art. 89 del D.P.R. 396 del 3.11.2000 come modificato dal D.P.R. 54 del 2012, per modificare il proprio nome o cognome la persona interessata deve presentare istanza scritta (<a href=\"https:\/\/conscuritiba.esteri.it\/wp-content\/uploads\/2025\/12\/modulo_di_richiesta_cambiamento_nome_o_cognome.pdf\">Modulo di richiesta cambiamento nome o cognome<\/a>). Tale istanza e la documentazione sottostante dovranno essere inviate all\u2019Ufficio di Stato Civile di questo Consolato tramite e-mail a\u00a0<a href=\"mailto:statocivile.curitiba@esteri.it\">statocivile.curitiba@esteri.it<\/a> per la verifica e conferma di invio tramite posta.<\/p>\n<p>&nbsp;<\/p>\n<p>Nella domanda si deve:<\/p>\n<ol>\n<li>Indicare la modificazione che si vuole apportare al nome e\/o cognome;<\/li>\n<li>Esporre le ragioni a fondamento della richiesta richiesta di modifica;<\/li>\n<li>Indicare il proprio indirizzo di residenza in Brasile allegando idonea prova di residenza a nome del richiedente, emessa da non pi\u00f9 di 3 mesi;<\/li>\n<li>Allegare la copia del proprio passaporto o carta di identit\u00e0 (non saranno accettati CNH ne documenti di categorie lavorative);<\/li>\n<li>Allegare l\u2019estratto dell\u2019atto di nascita integrale (\u201cCertid\u00e3o de Nascimento em Inteiro Teor\u201d), rilasciato da meno di 6 mesi dal competente Ufficio di Stato Civile (\u201cCart\u00f3rio\u201c), originale e recente (con Apostille) e traduzione in italiano \u2013 effettuata da traduttore giurato con Apostille, in cui r il cambiamento del nome\/cognome.<\/li>\n<\/ol>\n<p>Dopo la verifica della documentazione, saranno comunicati i dati per il bonifico bancario per il pagamento della marca da bollo di 16,00, nel caso non si rientri nelle ipotesi di esenzione di cui all\u2019art. 93 del citato D.P.R. 396\/2000. Dopo l\u2019inoltro della conferma dell\u2019avvenuto bonifico, tutta la documentazione dovr\u00e0 essere inviata tramite posta per il successivo inoltro alla Prefettura del luogo di ultima residenza<\/p>\n<p>Giova precisare che non si pu\u00f2 richiedere l&#8217;attribuzione di cognomi di importanza storica o comunque tali da indurre in errore circa l&#8217;appartenenza del richiedente a famiglie illustri o particolarmente note nel luogo in cui si trova l&#8217;atto di nascita del richiedente o nel luogo di sua residenza.<\/p>\n<p>Al temine della procedura il Prefetto emetter\u00e0 il Decreto di autorizzazione all\u2019affissione, che andr\u00e0 pubblicato all\u2019albo consolare per 30 giorni consecutivi, trascorsi i quali \u2013 se non sono state notificate opposizioni \u2013 il Consolato invia al Prefetto una Nota attestante l\u2019eseguita affissione e la sua durata.<\/p>\n<p>Qualora l\u2019interessato riceva direttamente dal Prefetto (e NON tramite il Consolato) il Decreto di autorizzazione all\u2019affissione, lo stesso dovr\u00e0 portare detto documento all\u2019Ufficio di Stato Civile di questo Consolato per la successiva procedura di affissione (previo appuntamento via email con l\u2019Ufficio stesso). Qualora il Decreto suddetto arrivi invece in Consolato, sar\u00e0 cura di questo Ufficio contattare l\u2019interessato per avviare la procedura di affissione.<\/p>\n<p>Il Decreto finale che autorizza il cambiamento del nome e\/o del cognome, deve essere annotato, su richiesta degli interessati, dal Comune competente nell\u2019atto di nascita del richiedente, nell\u2019atto di matrimonio del medesimo e negli atti di nascita di coloro che ne hanno derivato il cognome.<\/p>\n<p>&nbsp;<\/p>\n<p><strong>CAMBIO NOME\/COGNOME\/GENERE PER SENTENZA GIUDIZIALE IN BRASILE<\/strong><\/p>\n<p>Qualora la modifica del nome e\/o del cognome \u2013 ed eventualmente del genere \u2013 sia avvenuta per\u00a0<strong>sentenza giudiziale brasiliana<\/strong>, \u00e8 necessario inviare per posta registrata a questo Settore di Stato Civile all\u2019indirizzo Av. Vicente Machado, 2100 \u2013CAP 80420-011- \u00a0Curitiba &#8211; PR, per la trasmissione di rito al Comune italiano di appartenenza, la seguente documentazione:<\/p>\n<ol>\n<li><strong>Copia del processo con Apostille\u00a0<\/strong>(le fotocopie devono contenere, in ogni pagina, la dicitura \u201c<em>c\u00f3pia extra\u00edda do Tribunal de Justi\u00e7a de \u2026.<\/em>\u201d o il timbro apposto dallo stesso Tribunale che attesti che sono copie autentiche) di cui dovranno essere presentate le parti principali, quali:<\/li>\n<\/ol>\n<ul>\n<li style=\"list-style-type: none;\">\n<ul>\n<li style=\"list-style-type: none;\">\n<ul>\n<li>Istanza dei richiedenti (<em>Peti\u00e7\u00e3o Inicial<\/em>)<\/li>\n<li>Svolgimento del Processo (<em>Ata de Instru\u00e7\u00e3o e Julgamento<\/em>)<\/li>\n<li>Sentenza (<em>Senten\u00e7a<\/em>)<\/li>\n<li>Passaggio in giudicato (<em>generalmente si tratta di un timbro apposto nelle\u00a0ultime\u00a0pagine della sentenza<\/em>).<\/li>\n<\/ul>\n<\/li>\n<\/ul>\n<\/li>\n<\/ul>\n<p><strong>NOTA BENE: Baster\u00e0 una sola Apostille per l\u2019intero processo purch\u00e9 alla voce \u201c<\/strong><em><strong>Tipo di Documento\u201d\u00a0<\/strong><\/em><strong>siano ben specificate le quattro parti principali (<\/strong><em><strong>Peti\u00e7\u00e3o Inicial,\u00a0Ata de Instru\u00e7\u00e3o e Julgamento<\/strong><\/em><strong>,\u00a0<\/strong><em><strong>Senten\u00e7a<\/strong><\/em><strong>,\u00a0<\/strong><em><strong>Transitado em julgado)<\/strong><\/em><strong>\u00a0sopra menzionate.<\/strong><\/p>\n<ol>\n<li><strong>Certificato riassuntivo\u00a0<\/strong>del processo \u201c<em>Objeto e P\u00e9<\/em>\u201c, con Apostille.<\/li>\n<li><strong>La traduzione in lingua italiana<\/strong>della documentazione di cui al punto 1 e 2, a cura di un traduttore giurato, con\u00a0Apostille.<\/li>\n<li><a href=\"https:\/\/consrecife.esteri.it\/wp-content\/uploads\/2023\/05\/DICHIARAZIONE-SOSTITUTIVA-DELLATTO-DI-NOTORIETA-cambio-nome-cognome.docx\"><strong>Dichiarazione sostitutiva atto di notoriet\u00e0<\/strong><\/a>sottoscritta dall\u2019interessato.<\/li>\n<li><a href=\"https:\/\/consrecife.esteri.it\/wp-content\/uploads\/2024\/02\/dichiarazione_sostitutiva_di_certificazione_2024.docx\"><strong>Modulo Dichiarazione sostitutiva di certificazione<\/strong><\/a>debitamente compilato e firmato dall\u2019interessato;<\/li>\n<li><strong>Fotocopia semplice del documento d\u2019identit\u00e0 del cittadino italiano<\/strong> <strong>in corso di validit\u00e0<\/strong>: passaporto italiano, carta d\u2019identit\u00e0 italiana o, in alternativa, un documento d\u2019identit\u00e0 straniero con foto recente (non pu\u00f2 essere accettata la patente di guida ne documenti di categorie lavorative);<\/li>\n<li><strong>Idonea prova d\u2019indirizzo intestata al cittadino italiano emessa da non pi\u00f9 di 3 mesi<\/strong>.<\/li>\n<\/ol>\n<p>N.B.: la variazione di nome\/cognome avvenuta in brasile per via amministrativa (direttamente nel \u201cCart\u00f3rio\u201d) non trova riscontro nell\u2019ordinamento di stato civile italiano. In questo caso sar\u00e0 necessario richiedere tale variazione alla Prefettura (si prega seguire le istruzioni per\u00a0CAMBIAMENTI DEL NOME O DEL COGNOME \u2013 AMMINISTRATIVO).<\/p>\n<p>&nbsp;<\/p>\n<p><strong>RIPRISTINO DI COGNOME<\/strong><\/p>\n<p>Qualora al cittadino italiano e\/o al figlio minore sia stato attribuito, al momento della trascrizione dell\u2019atto di nascita, un cognome diverso da quello risultante sull\u2019atto di nascita brasiliano, in applicazione dell\u2019art. 98 del DPR 396\/2000, questo potr\u00e0 richiedere al Comune italiano che ha originariamente trascritto la nascita di effettuarne la correzione (\u201cripristino\u201d).<\/p>\n<p>La persona interessata deve presentare una domanda scritta (<a href=\"https:\/\/consrecife.esteri.it\/wp-content\/uploads\/2023\/05\/Modello_Istanza_2022_-di-ripristino-del-cognome-dorigine_per-maggiorenni-B-1.doc\">Modulo di richiesta di ripristino di cognome<\/a>) ed inviarla al Comune di riferimento.<\/p>\n<p><strong>Non \u00e8 necessario l\u2019intervento del Consolato per la redazione e l\u2019inoltro dell\u2019istanza che \u00e8 esente da versamento di tassa.<\/strong><\/p>\n<p>Qualora la richiesta sia fatta per il \u201cripristino\u201d del cognome dei\u00a0<strong>figli minorenni<\/strong>, sar\u00e0 necessario compilare e sottoscrivere il\u00a0<a href=\"https:\/\/consrecife.esteri.it\/wp-content\/uploads\/2023\/05\/Istanza_2019_di-ripristino-del-cognome-dorigine_per-minorenni-B-1.docx\">Modulo di Richiesta CAMBIAMENTO\/RIPRISTINO di COGNOME di MINORE<\/a>.<\/p>\n<p>Nella domanda si dovr\u00e0:<\/p>\n<ul>\n<li>Indicare la modifica che si vuole apportare al cognome;<\/li>\n<\/ul>\n<p>Indicare il proprio indirizzo di residenza in Brasile allegando idonea prova di residenza a nome del richiedente, emessa da non pi\u00f9 di 3 mesi.<\/p>\n<ul>\n<li>Allegare copia del proprio passaporto o carta di identit\u00e0 (non verranno accettati CNH ne documenti di categorie lavorative);<\/li>\n<\/ul>\n<ul>\n<li>Allegare copia (senza traduzione) dell\u2019atto di nascita brasiliano<\/li>\n<\/ul>\n<p><strong>ATTENZIONE:<\/strong> Questo Consolato non accetta fotocopie dei documenti originali. Nel caso il \u201ccart\u00f3rio\u201d emetta un sigillo di \u201ccopia autentica\u201d per il documento originale che verr\u00e0 consegnato a questa sede (Es. traduzione con firma digitale), lo stesso perde la validit\u00e0. I documenti con apostille che originalmente erano documenti elettronici devono rispettare i requisiti dell\u2019art. 14 \u00a7 1\u00ba de Provvedimento n. 62 del CNJ del 14\/11\/2017, che stabilisce:<\/p>\n<p>\u201cArt. 14. O documento eletr\u00f4nico apresentado \u00e0 autoridade apostilante ou por ela expedido poder\u00e1 ser apostilado independentemente de impress\u00e3o em papel, desde que esteja emitido em formato compat\u00edvel para <em>upload <\/em>no sistema do CNJ e assinado mediante certificado digital, segundo a lnfraestrutura de Chaves P\u00fablicas Brasileira (ICP), observada a arquitetura dos Padr\u00f5es de Interoperabilidade de Governo Eletr\u00f4nico (e-Ping).<\/p>\n<p>Perci\u00f2, anche se viene stampata una copia del documento digitale, lo stesso NON deve avere il sigillo di copia autentica.<\/p>\n","protected":false},"excerpt":{"rendered":"MODIFICA DI NOME\/COGNOME IN VIA AMMINISTRATIVA Il Italia la richiesta di modifica di nome\/cognome riveste\u00a0carattere eccezionale\u00a0ed \u00e8 ammessa esclusivamente in presenza di\u00a0situazioni oggettivamente rilevanti, supportate da\u00a0adeguata documentazione\u00a0e da\u00a0significative motivazioni. Sono considerati cambiamenti per via amministrativa quelli fatti direttamente in\u00a0cart\u00f3rio, senza la necessit\u00e0 di una sentenza. Si ricorda, altres\u00ec, che la\u00a0paternit\u00e0\/maternit\u00e0 socio-affettiva\u00a0non \u00e8 attualmente riconosciuta in [&hellip;]","protected":false},"author":11,"featured_media":0,"parent":163,"menu_order":7,"comment_status":"closed","ping_status":"closed","template":"","meta":{"footnotes":""},"class_list":["post-4306","page","type-page","status-publish","hentry"],"_links":{"self":[{"href":"https:\/\/conscuritiba.esteri.it\/it\/wp-json\/wp\/v2\/pages\/4306","targetHints":{"allow":["GET"]}}],"collection":[{"href":"https:\/\/conscuritiba.esteri.it\/it\/wp-json\/wp\/v2\/pages"}],"about":[{"href":"https:\/\/conscuritiba.esteri.it\/it\/wp-json\/wp\/v2\/types\/page"}],"author":[{"embeddable":true,"href":"https:\/\/conscuritiba.esteri.it\/it\/wp-json\/wp\/v2\/users\/11"}],"replies":[{"embeddable":true,"href":"https:\/\/conscuritiba.esteri.it\/it\/wp-json\/wp\/v2\/comments?post=4306"}],"version-history":[{"count":5,"href":"https:\/\/conscuritiba.esteri.it\/it\/wp-json\/wp\/v2\/pages\/4306\/revisions"}],"predecessor-version":[{"id":4558,"href":"https:\/\/conscuritiba.esteri.it\/it\/wp-json\/wp\/v2\/pages\/4306\/revisions\/4558"}],"up":[{"embeddable":true,"href":"https:\/\/conscuritiba.esteri.it\/it\/wp-json\/wp\/v2\/pages\/163"}],"wp:attachment":[{"href":"https:\/\/conscuritiba.esteri.it\/it\/wp-json\/wp\/v2\/media?parent=4306"}],"curies":[{"name":"wp","href":"https:\/\/api.w.org\/{rel}","templated":true}]}}