{"id":437,"date":"2022-12-12T19:13:44","date_gmt":"2022-12-12T18:13:44","guid":{"rendered":"https:\/\/conscuritiba.esteri.it\/\/?page_id=437"},"modified":"2023-08-31T13:37:02","modified_gmt":"2023-08-31T16:37:02","slug":"iscrizione-aire","status":"publish","type":"page","link":"https:\/\/conscuritiba.esteri.it\/it\/servizi-consolari-e-visti\/servizi-per-il-cittadino-italiano\/anagrafe-degli-italiani-residenti-allestero-aire\/iscrizione-aire\/","title":{"rendered":"Iscrizione AIRE"},"content":{"rendered":"<div>\n<p><strong>RICHIEDERE L\u2019ISCRIZIONE ALL\u2019ANAGRAFE DEGLI ITALIANI ALL\u2019ESTERO (A.I.R.E.):<\/strong><\/p>\n<ul>\n<li>Se eri gi\u00e0 iscritto in altra circoscrizione Consolare italiana;<\/li>\n<li>Se hai la cittadinanza italiana riconosciuta in Italia (<a href=\"https:\/\/www.esteri.it\/mae\/normative\/Normativa_Consolare\/ServiziConsolari\/Cittadinanza\/circk28_1991.pdf\">Circolare n. K. 28.1<\/a>) oppure tramite sentenza di un Tribunale italiano;<\/li>\n<li>Se sei un cittadino italiano, nato in Italia che si \u00e8 trasferito in PR\/SC per un periodo superiore a 12 mesi;<\/li>\n<li>Se sei un cittadino italiano gi\u00e0 iscritto nell\u00b4AIRE in questo Consolato Generale e posteriormente cancellato per rimpatrio in Italia, trasferimento in un\u00b4altra circoscrizione consolare o per irreperibilit\u00e0;<\/li>\n<\/ul>\n<p>deve iscriversi nell\u2019Anagrafe degli Italiani Residenti all\u2019Estero (A.I.R.E.) che <strong>\u00c8 UN SERVIZIO GRATUITO<\/strong> e deve essere richiesto secondo le seguenti istruzioni:<\/p>\n<ul>\n<li>Creare un <em>account<\/em> sul sito <a href=\"https:\/\/serviziconsolari.esteri.it\/\">https:\/\/serviziconsolari.esteri.it\/<\/a> e dopo la registrazione accedere alla sezione: <em>\u201cAnagrafe Consolare e AIRE\u201d<\/em> <em>\u2192<\/em> \u201c<em>Richiedere l&#8217;iscrizione all&#8217;Anagrafe degli Italiani all&#8217;Estero\u201d \u2192 Richiedere il servizio <\/em>e riempire tutti i dati con attenzione e \u00a0alla fine verr\u00e0 creato automaticamente il modulo di iscrizione all&#8217;AIRE.<\/li>\n<\/ul>\n<p>\u00c8 importante riempiere tutti i dati relativi al nucleo familiare e dichiarare i soli figli minori ed il genitore dei figli minorenni anche se non sposati n\u00e9 conviventi; i figli con pi\u00f9 di 18 anni devono presentare la propria richiesta a proprio nome.<\/p>\n<p><strong>Qualora con l\u2019iscrizione AIRE si richieda anche la registrazione di un atto ancora non trascritto dal Comune (come atti nascita di figli minori, l\u2019atto di matrimonio o il divorzio, ecc.), la documentazione di stato civile e l\u2019iscrizione AIRE devono essere inviati per posta come da istruzioni di invio presenti nella pagina dello <\/strong><a href=\"https:\/\/conscuritiba.esteri.it\/it\/servizi-consolari-e-visti\/servizi-per-il-cittadino-italiano\/stato-civile\/\"><strong>stato civile<\/strong><\/a><strong>\u00a0 non essendo necessaria alcuna domanda di iscrizione AIRE online.<\/strong><\/p>\n<ul>\n<li><strong>COME PRESENTARE LA DOMANDA?<\/strong><\/li>\n<\/ul>\n<p><strong>Si accettano solo documenti in formato pdf. Tramite il portale online, \u00e8 possibile caricare i <em>file<\/em> pdf multipagina (fino a 1MB ciascuno).<\/strong><\/p>\n<ul>\n<li><strong>COSA DEVI ALLEGARE?<\/strong><\/li>\n<li>Il modulo di iscrizione AIRE che deve prima essere stampato, firmato (da entrambi i genitori in presenza di figli minori) e digitalizzato. Si ricorda che le firme digitali brasiliane non possono essere riconosciute dal nostro Ufficio ma la richiesta pu\u00f2 essere firmata tramite lo SPID;<\/li>\n<li>Fotocopia fronte e retro di documento d\u2019identit\u00e0 di tutto il nucleo dichiarato come convivente nello stesso domicilio (preferibilmente il passaporto italiano, carta d\u2019identit\u00e0 italiana o un documento brasiliano d\u2019identit\u00e0 emesso negli ultimi 10 anni);<\/li>\n<li>Fotocopia della prova di residenza (bolletta della luce, gas, cellulare, internet, TV via cavo, tassa scolastica o universitaria, carta di credito, ecc.) intestato al nome del richiedente o coniuge e emessa al massimo negli ultimi 90 giorni con chiara indicazione di uso;<\/li>\n<\/ul>\n<p>&nbsp;<\/p>\n<ul>\n<li><strong>Altri requisiti necessari per alcuni casi particolari:<\/strong><\/li>\n<\/ul>\n<ul>\n<li><strong>Per i cittadini italiani nati in Italia<\/strong> che si iscrivono per la prima volta all\u2019AIRE sar\u00e0 necessario presentare: la trascrizione dell\u2019atto di nascita italiano oppure il passaporto e la carta d\u2019identit\u00e0 ed il RNM (<em>Registro Nacional Migrat\u00f3rio<\/em>) oppure il protocollo di richiesta del documento;<\/li>\n<\/ul>\n<p><strong>ATTENZIONE! L\u2019iscrizione AIRE comporta l\u2019automatica cancellazione della ANPR (Anagrafe Nazionale della Popolazione Residente) e dal Servizio Sanitario Nazionale (SSN) ferma restando la possibilit\u00e0 di richiederne il re-inserimento in caso di rientro definitivo in Italia (rimpatrio).<\/strong><\/p>\n<ul>\n<li><strong>Coloro che sono stati riconosciuti cittadini italiani tramite la sentenza di un Tribunale italiano<\/strong> dovranno allegare la sentenza di riconoscimento e l<u>e trascrizioni degli atti di Stato Civile presso il Comune italiano di competenza<\/u>;<\/li>\n<\/ul>\n<ul>\n<li><strong>Coloro che hanno effettuato la procedura di riconoscimento direttamente presso un Comune italiano<\/strong> (<a href=\"https:\/\/www.esteri.it\/mae\/normative\/Normativa_Consolare\/ServiziConsolari\/Cittadinanza\/circk28_1991.pdf\">Circolare K.28.1<\/a>) dovranno allegare: certificato di cittadinanza e\/o attestato di cittadinanza; tutte le trascrizioni degli atti di Stato Civile del nucleo familiare. \u00c8 inoltre necessario indicare la data di arrivo in questo circoscrizione consolare ed il Comune di ultima residenza in Italia.<\/li>\n<\/ul>\n<p><strong>COME COMPILARE CORRETTAMENTE I DATI SUL FAST IT\u00a0<\/strong><\/p>\n<p>&#8211; Non scrivere nessuna parola con accenti (~\u00b4^\u00a8) in nessun campo del modulo:<\/p>\n<p>(es. JO\u00c3O=JOAO; \u00c1GATA=AGATA; BRAS\u00cdLIA=BRASILIA; S\u00c3O PAULO=SAO PAULO ecc)<\/p>\n<p>&#8211; Non scrivere per esteso i nomi delle citt\u00e0, Comune, ecc. Si deve inserire le lettere iniziali, aspettare il suggerimento del Fast It e <strong><u>CLICCARE<\/u><\/strong> sull\u00b4opzione corrispondente.<\/p>\n<p>&#8211; L\u00b4indirizzo dovr\u00e0 essere compilato in forma abbreviata, senza punteggiatura, con una virgola dopo il nome della via e complemento:<\/p>\n<p>Es. AV JOAO GUALBERTO, 13300 \u2013 AP. 905<\/p>\n<p>&#8211; Il C.A.P. DI RESIDENZA dovr\u00e0 essere indicato nel formato valido XXXXX-XXX (5 numeri TRATTINO 3 numeri)<\/p>\n<p>&nbsp;<\/p>\n<p><strong>IMPORTANTE:<\/strong> Il <strong>Fast It<\/strong> permette allegare soltanto 3 <em>file<\/em> pdf. Caso il numero di <em>file<\/em> sia superiore, si consiglia di unificarli utilizzando siti gratuiti disponibili su internet.<\/p>\n<p><strong>Se hai qualsiasi dubbio riguardo alle informazioni di cui sopra sei pregato di scrivere una<em> mail<\/em> alla rete consolare onoraria disponibile su questa pagina: <\/strong><a href=\"https:\/\/conscuritiba.esteri.it\/it\/chi-siamo\/la-rete-consolare\/\"><strong>https:\/\/conscuritiba.esteri.it\/it\/chi-siamo\/la-rete-consolare\/<\/strong><\/a><\/p>\n<\/div>\n<hr \/>\n","protected":false},"excerpt":{"rendered":"RICHIEDERE L\u2019ISCRIZIONE ALL\u2019ANAGRAFE DEGLI ITALIANI ALL\u2019ESTERO (A.I.R.E.): Se eri gi\u00e0 iscritto in altra circoscrizione Consolare italiana; Se hai la cittadinanza italiana riconosciuta in Italia (Circolare n. K. 28.1) oppure tramite sentenza di un Tribunale italiano; Se sei un cittadino italiano, nato in Italia che si \u00e8 trasferito in PR\/SC per un periodo superiore a 12 [&hellip;]","protected":false},"author":4,"featured_media":0,"parent":161,"menu_order":0,"comment_status":"closed","ping_status":"closed","template":"","meta":{"footnotes":""},"class_list":["post-437","page","type-page","status-publish","hentry"],"_links":{"self":[{"href":"https:\/\/conscuritiba.esteri.it\/it\/wp-json\/wp\/v2\/pages\/437","targetHints":{"allow":["GET"]}}],"collection":[{"href":"https:\/\/conscuritiba.esteri.it\/it\/wp-json\/wp\/v2\/pages"}],"about":[{"href":"https:\/\/conscuritiba.esteri.it\/it\/wp-json\/wp\/v2\/types\/page"}],"author":[{"embeddable":true,"href":"https:\/\/conscuritiba.esteri.it\/it\/wp-json\/wp\/v2\/users\/4"}],"replies":[{"embeddable":true,"href":"https:\/\/conscuritiba.esteri.it\/it\/wp-json\/wp\/v2\/comments?post=437"}],"version-history":[{"count":6,"href":"https:\/\/conscuritiba.esteri.it\/it\/wp-json\/wp\/v2\/pages\/437\/revisions"}],"predecessor-version":[{"id":1556,"href":"https:\/\/conscuritiba.esteri.it\/it\/wp-json\/wp\/v2\/pages\/437\/revisions\/1556"}],"up":[{"embeddable":true,"href":"https:\/\/conscuritiba.esteri.it\/it\/wp-json\/wp\/v2\/pages\/161"}],"wp:attachment":[{"href":"https:\/\/conscuritiba.esteri.it\/it\/wp-json\/wp\/v2\/media?parent=437"}],"curies":[{"name":"wp","href":"https:\/\/api.w.org\/{rel}","templated":true}]}}