{"id":451,"date":"2022-12-12T19:32:39","date_gmt":"2022-12-12T18:32:39","guid":{"rendered":"https:\/\/conscuritiba.esteri.it\/\/?page_id=451"},"modified":"2023-08-31T13:37:07","modified_gmt":"2023-08-31T16:37:07","slug":"variazione-di-indirizzo","status":"publish","type":"page","link":"https:\/\/conscuritiba.esteri.it\/it\/servizi-consolari-e-visti\/servizi-per-il-cittadino-italiano\/anagrafe-degli-italiani-residenti-allestero-aire\/variazione-di-indirizzo\/","title":{"rendered":"Variazione di indirizzo"},"content":{"rendered":"<p><strong>AGGIORNAMENTO DELL&#8217;INDIRIZZO PRESSO L&#8217;AIRE DI RESIDENZA (Cambio di indirizzo)<\/strong><\/p>\n<p>Per aggiornare l\u00b4indirizzo di iscrizione all\u00b4AIRE (Anagrafe degli Italiani Residenti all\u00b4Estero), il richiedente maggiorenne pu\u00f2 presentare la domanda per s\u00e9 e per il proprio nucleo familiare convivente. L\u00b4interessato deve essere residente nella circoscrizione consolare in questo Consolato Generale (ossia, negli Stati del Paran\u00e1 o Santa Catarina) e registrarsi sul <a href=\"https:\/\/conscuritiba.esteri.it\/it\/servizi-consolari-e-visti\/servizi-per-il-cittadino-italiano\/anagrafe-degli-italiani-residenti-allestero-aire\/variazione-di-indirizzo\/\"><strong>Fast It<\/strong><\/a>.<\/p>\n<p><strong>Nel caso di variazione di stato civile (matrimonio, nascita di figli, divorzio, ecc.) la richiesta di aggiornamento di indirizzo e di stato civile dovr\u00e0 essere trasmessa esclusivamente per posta (e non sul Fast it), corredata dagli atti e delle relative traduzioni. In questo caso, si consiglia di seguire le istruzioni per l\u00b4invio degli atti e l\u00b4aggiornamento di indirizzo per posta:<\/strong><\/p>\n<p><a href=\"https:\/\/conscuritiba.esteri.it\/pt\/servizi-consolari-e-visti\/servizi-per-il-cittadino-italiano\/stato-civile\/\">https:\/\/conscuritiba.esteri.it\/pt\/servizi-consolari-e-visti\/servizi-per-il-cittadino-italiano\/stato-civile\/<\/a><\/p>\n<p><strong><u>DOCUMENTAZIONE (.pdf) DA ALLEGARE ALLA RICHIESTA DI VARIAZIONE DI RESIDENZA<\/u><\/strong><\/p>\n<p>&#8211;\u00a0 1 (un) documento di identit\u00e0 italiano o brasiliano aggiornato: RG <u>O<\/u> passaporto <u>O<\/u> patente di guida rilasciati nel corso dei 10 anni precedenti (non si accettano tessere professionali);<\/p>\n<p>&#8211;\u00a0\u00a0\u00a0\u00a0\u00a0 <em><u>(se coniugato)<\/u><\/em> 1 (un) documento di identit\u00e0 del coniuge rilasciato nel corso dei 10 anni precedenti;<\/p>\n<p>&#8211;<em>\u00a0\u00a0\u00a0\u00a0\u00a0 <u>(caso abbia figli minori)<\/u><\/em>\u00a0 1 (un) documento di identit\u00e0 rilasciato nel corso dei 10 anni precedenti per ogni figlio minorenne:<\/p>\n<p>&#8211;\u00a0\u00a0\u00a0\u00a0\u00a0\u00a0 <strong>1 (una)<\/strong> prova di residenza (rilasciata nel corso dei 3 mesi precedenti) a nome del richiedente (es. bolletta della luce, acqua, gas, cellulare, ricevuta di pagamento delle tasse scolastiche\/universitarie con indicazione dell\u2019indirizzo dello studente, lettera di avviso del pagamento della pensione; estratto conto della carta di credito).<\/p>\n<p>&#8211;\u00a0\u00a0\u00a0\u00a0\u00a0\u00a0 Modulo <em>\u201cComunicazione Cambio di Residenza\u201d<\/em> rilasciato dal <strong>Fast it<\/strong> firmato autografamente dall\u00b4interessato, con firma identica al documento di identit\u00e0 presentato. \u00c8 possibile identificarsi con lo SPID italiano \u2013 firme digitali di altri organi non sono accettate.<\/p>\n<p>&nbsp;<\/p>\n<p><strong>COME COMPILARE CORRETTAMENTE I DATI SUL FAST IT\u00a0<\/strong><\/p>\n<p>&#8211; Non scrivere nessuna parola con accenti (~\u00b4^\u00a8) in nessun campo del modulo:<\/p>\n<p>(es. JO\u00c3O=JOAO; \u00c1GATA=AGATA; BRAS\u00cdLIA=BRASILIA; S\u00c3O PAULO=SAO PAULO ecc)<\/p>\n<p>&#8211; Non scrivere per esteso i nomi delle citt\u00e0, Comune, ecc. Si deve inserire le lettere iniziali, aspettare il suggerimento del Fast It e <strong><u>CLICCARE<\/u><\/strong> sull\u00b4opzione corrispondente.<\/p>\n<p>&#8211; L\u00b4indirizzo dovr\u00e0 essere compilato in forma abbreviata, senza punteggiatura, con una virgola dopo il nome della via e complemento:<\/p>\n<p>Es. AV JOAO GUALBERTO, 13300 \u2013 AP. 905<\/p>\n<p>&#8211; Il C.A.P. DI RESIDENZA dovr\u00e0 essere indicato nel formato valido XXXXX-XXX (5 numeri TRATTINO 3 numeri)<\/p>\n<p><strong>IMPORTANTE:<\/strong> Il <strong>Fast It<\/strong> permette allegare soltanto 3 <em>file<\/em> pdf. Caso il numero di <em>file<\/em> sia superiore, si consiglia di unificarli utilizzando siti gratuiti disponibili su internet.<\/p>\n<p>&nbsp;<\/p>\n<p><strong>Se hai qualsiasi dubbio riguardo alle informazioni di cui sopra sei pregato di scrivere una<em> mail<\/em> alla rete consolare onoraria disponibile su questa pagina: <\/strong><a href=\"https:\/\/conscuritiba.esteri.it\/it\/chi-siamo\/la-rete-consolare\/\"><strong>https:\/\/conscuritiba.esteri.it\/it\/chi-siamo\/la-rete-consolare\/<\/strong><\/a><\/p>\n","protected":false},"excerpt":{"rendered":"AGGIORNAMENTO DELL&#8217;INDIRIZZO PRESSO L&#8217;AIRE DI RESIDENZA (Cambio di indirizzo) Per aggiornare l\u00b4indirizzo di iscrizione all\u00b4AIRE (Anagrafe degli Italiani Residenti all\u00b4Estero), il richiedente maggiorenne pu\u00f2 presentare la domanda per s\u00e9 e per il proprio nucleo familiare convivente. L\u00b4interessato deve essere residente nella circoscrizione consolare in questo Consolato Generale (ossia, negli Stati del Paran\u00e1 o Santa Catarina) [&hellip;]","protected":false},"author":4,"featured_media":0,"parent":161,"menu_order":1,"comment_status":"closed","ping_status":"closed","template":"","meta":{"footnotes":""},"class_list":["post-451","page","type-page","status-publish","hentry"],"_links":{"self":[{"href":"https:\/\/conscuritiba.esteri.it\/it\/wp-json\/wp\/v2\/pages\/451","targetHints":{"allow":["GET"]}}],"collection":[{"href":"https:\/\/conscuritiba.esteri.it\/it\/wp-json\/wp\/v2\/pages"}],"about":[{"href":"https:\/\/conscuritiba.esteri.it\/it\/wp-json\/wp\/v2\/types\/page"}],"author":[{"embeddable":true,"href":"https:\/\/conscuritiba.esteri.it\/it\/wp-json\/wp\/v2\/users\/4"}],"replies":[{"embeddable":true,"href":"https:\/\/conscuritiba.esteri.it\/it\/wp-json\/wp\/v2\/comments?post=451"}],"version-history":[{"count":3,"href":"https:\/\/conscuritiba.esteri.it\/it\/wp-json\/wp\/v2\/pages\/451\/revisions"}],"predecessor-version":[{"id":1555,"href":"https:\/\/conscuritiba.esteri.it\/it\/wp-json\/wp\/v2\/pages\/451\/revisions\/1555"}],"up":[{"embeddable":true,"href":"https:\/\/conscuritiba.esteri.it\/it\/wp-json\/wp\/v2\/pages\/161"}],"wp:attachment":[{"href":"https:\/\/conscuritiba.esteri.it\/it\/wp-json\/wp\/v2\/media?parent=451"}],"curies":[{"name":"wp","href":"https:\/\/api.w.org\/{rel}","templated":true}]}}