{"id":4634,"date":"2026-03-03T08:48:49","date_gmt":"2026-03-03T11:48:49","guid":{"rendered":"https:\/\/conscuritiba.esteri.it\/?page_id=4634"},"modified":"2026-04-01T11:29:44","modified_gmt":"2026-04-01T14:29:44","slug":"carta-didentita-elettronica","status":"publish","type":"page","link":"https:\/\/conscuritiba.esteri.it\/it\/servizi-consolari-e-visti\/servizi-per-il-cittadino-italiano\/carta-didentita-elettronica\/","title":{"rendered":"Carta d&#8217;identit\u00e0 elettronica"},"content":{"rendered":"<p style=\"text-align: justify;\"><strong>REQUISITI<\/strong><\/p>\n<ul style=\"text-align: justify;\">\n<li>posizione AIRE debitamente aggiornata<\/li>\n<li>possedere un codice fiscale\u00a0<strong>validato<\/strong> dall\u2019Agenzia delle Entrate. Per la verifica della validazione si segnala il seguente link: <a href=\"https:\/\/telemanagrafici.agenziaentrate.gov.it\/VerificaCF\/Scegli.do?parameter=verificaCf\">https:\/\/telemanagrafici.agenziaentrate.gov.it\/VerificaCF\/Scegli.do?parameter=verificaCf<\/a><\/li>\n<\/ul>\n<p style=\"text-align: justify;\"><strong>\u00a0<\/strong><\/p>\n<p style=\"text-align: justify;\"><strong>APPUNTAMENTO<\/strong><\/p>\n<p style=\"text-align: justify;\">La richiesta deve essere inviata via email a\u00a0<a href=\"mailto:consgencuritiba.cie@esteri.it\u00a0\"><strong>consgencuritiba.cie@esteri.it<\/strong>\u00a0<\/a>\u00a0con la seguente documentazione allegata:<\/p>\n<ul style=\"text-align: justify;\">\n<li><a href=\"https:\/\/conscuritiba.esteri.it\/wp-content\/uploads\/2026\/03\/Modulo-Appuntamento-CIE-Curitiba.docx\">Modulo di richiesta di appuntamento<\/a>\u00a0per la carta d\u2019identit\u00e0 elettronica debitamente compilato e firmato.<\/li>\n<li>Documento attestante l\u2019identit\u00e0 valido ed equipollente alla stessa Carta d\u2019\u2019identita\u2019 ai sensi dell\u2019art. 35 comma II del DPR 445\/200. Tali documenti sono: <em>il passaporto, la patente di guida, la patente nautica, il libretto di pensione, il patentino di abilitazione alla conduzione di impianti termici, il porto d\u2019armi, le tessere di riconoscimento,<\/em> purch\u00e9 munite di fotografia e di timbro o di altra segnatura equivalente, rilasciate da un\u2019amministrazione dello Stato.<\/li>\n<li>Comprovante di residenza valido, a nome del richiedente.<\/li>\n<\/ul>\n<p style=\"text-align: justify;\">I richiedenti che soddisfano tutti i requisiti saranno contattati via email per fissare la data in cui dovranno presentarsi al Consolato, muniti della documentazione originale e di una fotografia formato 3,5 x 4,5, per l\u2019emissione della CIE.<\/p>\n<p style=\"text-align: justify;\"><strong>\u00a0<\/strong><\/p>\n<p style=\"text-align: justify;\"><strong>IL GIORNO DELL\u2019APPUNTAMENTO,<\/strong> l\u2019operatore consolare:<\/p>\n<ol style=\"text-align: justify;\">\n<li>acquisir\u00e0 la documentazione presentata;<\/li>\n<li>proceder\u00e0 al riconoscimento del richiedente;<\/li>\n<li>verificher\u00e0 la fotografia;<\/li>\n<li>rilever\u00e0 le impronte digitali e la firma;<\/li>\n<li>ricever\u00e0 la prova dell&#8217;avvenuto pagamento, <strong><span style=\"text-decoration: underline;\"><span style=\"color: #ff0000; text-decoration: underline;\">da effettuarsi presso il Consolato<\/span><\/span><\/strong>,\u00a0 della somma di euro 21,95 pari a R$ 136,00, che dovr\u00e0 essere effettuato con PIX (chiave PIX 03857327000172)<\/li>\n<li>ricever\u00e0<a href=\"https:\/\/conscuritiba.esteri.it\/wp-content\/uploads\/2026\/03\/Assenso-figli-minori-CIE-Curitiba.pdf\"> l&#8217;atto di assenso<\/a>\u00a0sottoscritto da entrambi i genitori nel caso in cui il richiedente sia un minore di 18 anni<\/li>\n<\/ol>\n<p style=\"text-align: justify;\"><strong>\u00a0<\/strong><\/p>\n<p style=\"text-align: justify;\"><strong>CONSEGNA DELLA CIE<\/strong><\/p>\n<p style=\"text-align: justify;\">La CIE \u00e8 emessa dal Ministero dell\u2019Interno e prodotta dall\u2019Istituto Poligrafico e Zecca dello Stato. Il documento viene inviato tramite posta raccomandata all\u2019indirizzo di residenza dichiarato dal richiedente. Il cittadino potr\u00e0 seguire autonomamente la spedizione online tramite il codice di tracciamento <a href=\"https:\/\/www.poste.it\/cerca\/index.html\">sul sito di Poste italiane<\/a>, inserendo il numero di raccomandata fornito il giorno dell\u2019appuntamento nell\u2019apposita barra di ricerca.<\/p>\n<p>&nbsp;<\/p>\n<p><strong><u>IMPORTANTE:<\/u><\/strong><\/p>\n<ul>\n<li>La presenza del\u00a0<strong>richiedente<\/strong>\u00a0allo sportello consolare \u00e8 obbligatoria.<\/li>\n<li>La validit\u00e0 del documento varia a seconda all\u2019et\u00e0 del titolare: 3 anni (per minori di 3 anni); 5 anni (per minori di et\u00e0 compresa tra i 3 e i 18 anni); 10 anni (per i maggiorenni);<\/li>\n<li>Le richiedenti coniugate dovranno inserire le generalit\u00e0 anagrafiche attribuite alla nascita e non quelle susseguenti al matrimonio;<\/li>\n<li>Sulla Carta d\u2019Identit\u00e0 Elettronica non \u00e8 indicato lo stato civile del titolare e NON pu\u00f2 essere indicato il nome del coniuge.<\/li>\n<\/ul>\n<p>&nbsp;<\/p>\n<p><strong>Attivazione CIE<\/strong><\/p>\n<p>\u00c8 possibile attivare la CIE seguendo\u00a0<a class=\"\" href=\"https:\/\/www.cartaidentita.interno.gov.it\/attiva\/\" data-focus-mouse=\"false\">le istruzioni fornite dal Ministero dell\u2019Interno<\/a>.<\/p>\n<p><strong>Recupero PUK<\/strong><\/p>\n<p>Per recuperare il PUK della propria CIE seguire le\u00a0<a href=\"https:\/\/www.cartaidentita.interno.gov.it\/info-utili\/recupero-puk\/\">istruzioni fornite dal Ministero dell\u2019Interno<\/a>.<\/p>\n<p style=\"text-align: justify;\"><strong>\u00a0<\/strong><\/p>\n<p style=\"text-align: justify;\"><strong>Nota bene:<\/strong><\/p>\n<p style=\"text-align: justify;\">Ai sensi della Legge n. 11 del 2026, recante disposizioni per la revisione dei servizi a favore dei cittadini e delle imprese all\u2019estero, il cittadino iscritto all\u2019AIRE potr\u00e0, a decorrere dal 1\u00b0 giugno 2026, presentare domanda di rilascio della Carta d\u2019Identit\u00e0 Elettronica presso qualsiasi Comune italiano.<\/p>\n","protected":false},"excerpt":{"rendered":"REQUISITI posizione AIRE debitamente aggiornata possedere un codice fiscale\u00a0validato dall\u2019Agenzia delle Entrate. Per la verifica della validazione si segnala il seguente link: https:\/\/telemanagrafici.agenziaentrate.gov.it\/VerificaCF\/Scegli.do?parameter=verificaCf \u00a0 APPUNTAMENTO La richiesta deve essere inviata via email a\u00a0consgencuritiba.cie@esteri.it\u00a0\u00a0con la seguente documentazione allegata: Modulo di richiesta di appuntamento\u00a0per la carta d\u2019identit\u00e0 elettronica debitamente compilato e firmato. Documento attestante l\u2019identit\u00e0 valido ed [&hellip;]","protected":false},"author":11,"featured_media":0,"parent":136,"menu_order":1,"comment_status":"closed","ping_status":"closed","template":"","meta":{"footnotes":""},"class_list":["post-4634","page","type-page","status-publish","hentry"],"_links":{"self":[{"href":"https:\/\/conscuritiba.esteri.it\/it\/wp-json\/wp\/v2\/pages\/4634","targetHints":{"allow":["GET"]}}],"collection":[{"href":"https:\/\/conscuritiba.esteri.it\/it\/wp-json\/wp\/v2\/pages"}],"about":[{"href":"https:\/\/conscuritiba.esteri.it\/it\/wp-json\/wp\/v2\/types\/page"}],"author":[{"embeddable":true,"href":"https:\/\/conscuritiba.esteri.it\/it\/wp-json\/wp\/v2\/users\/11"}],"replies":[{"embeddable":true,"href":"https:\/\/conscuritiba.esteri.it\/it\/wp-json\/wp\/v2\/comments?post=4634"}],"version-history":[{"count":6,"href":"https:\/\/conscuritiba.esteri.it\/it\/wp-json\/wp\/v2\/pages\/4634\/revisions"}],"predecessor-version":[{"id":4697,"href":"https:\/\/conscuritiba.esteri.it\/it\/wp-json\/wp\/v2\/pages\/4634\/revisions\/4697"}],"up":[{"embeddable":true,"href":"https:\/\/conscuritiba.esteri.it\/it\/wp-json\/wp\/v2\/pages\/136"}],"wp:attachment":[{"href":"https:\/\/conscuritiba.esteri.it\/it\/wp-json\/wp\/v2\/media?parent=4634"}],"curies":[{"name":"wp","href":"https:\/\/api.w.org\/{rel}","templated":true}]}}