{"id":498,"date":"2022-12-12T20:53:38","date_gmt":"2022-12-12T19:53:38","guid":{"rendered":"https:\/\/conscuritiba.esteri.it\/\/?page_id=498"},"modified":"2023-08-31T13:42:31","modified_gmt":"2023-08-31T16:42:31","slug":"status-non-iscritto-su-scheda-anagrafica-fast-it","status":"publish","type":"page","link":"https:\/\/conscuritiba.esteri.it\/it\/servizi-consolari-e-visti\/servizi-per-il-cittadino-italiano\/anagrafe-degli-italiani-residenti-allestero-aire\/status-non-iscritto-su-scheda-anagrafica-fast-it\/","title":{"rendered":"DUBBI FREQUENTI RIGUARDO LA SCHEDA ANAGRAFICA\/FAST IT"},"content":{"rendered":"<p><strong>DUBBI FREQUENTI RIGUARDO LA SCHEDA ANAGRAFICA\/FAST IT:<\/strong><\/p>\n<ul>\n<li><strong>Non riesco ad accedere la mia scheda anagrafica, anche se iscritto a Curitiba il portale mi rimanda ad una richiesta iscrizione AIRE. Tuttavia, la mia cittadinanza \u00e8 gi\u00e0 stata completata e sono registrato presso questo Consolato Generale.<\/strong> <strong>Cosa devo fare?<\/strong><\/li>\n<\/ul>\n<p>Questo errore di solito significa che la registrazione su FAST IT non \u00e8 avvenuta con lo stesso nominativo presente nel nostro sistema. L\u2019associazione, che permette la visualizzazione della propria scheda anagrafica, pu\u00f2 essere realizzata solo quando i dati inseriti in FAST IT rispecchiano i dati presenti nella nostra Anagrafe Consolare. Pu\u00f2 accadere che risulti registrato senza il cognome del coniuge, o senza il cognome materno se la tua pratica di cittadinanza \u00e8 stata conclusa prima del 2001, oppure sono presenti \u00a0accenti che non esistono nella lingua italiana.<\/p>\n<p>Se comunque non sei riuscito a visualizzare la tua scheda anagrafica e hai dubbi su quali siano i tuoi dati di registro \u00e8 possibile inviare all\u00b4indirizzo <a href=\"mailto:curitiba.anagrafe@esteri.it\">curitiba.anagrafe@esteri.it<\/a> una copia di un documento di identit\u00e0 e comunicando nella<em> mail<\/em> il tuo nome, cognome, data e luogo di nascita.<\/p>\n<ul>\n<li><strong>Quando visualizzo la mia scheda anagrafica su Fast It, anche se i miei dati sono aggiornati, lo stato di registrazione \u00e8 \u201cnon iscritto\u201d oppure \u201cinviato al Comune di competenza\u201d. Cosa significa?<\/strong><\/li>\n<\/ul>\n<p>Se nel campo \u201cISCRIZIONE AIRE\u201d appare lo stato in sede <em>\u201cNon iscritto\/iscrizione in corso\u201d<\/em> o <em>\u201cinviato al Comune di competenza<\/em>\u201d \u2013 ma l\u2019indirizzo e gli altri dati sono aggiornati \u2013 l\u2019interessato NON deve richiedere alcun aggiornamento. <u>Questa informazione non sempre riflette la situazione reale per quanto riguarda l\u2019iscrizione AIRE ed \u00e8 possibile prenotare il proprio passaporto. <\/u><\/p>\n<ul>\n<li><strong>Sono registrato su FAST IT in un altro Consolato, ma ora sono residente nel Paran\u00e1\/Santa Catarina, come devo fare il cambio da un altro Consolato?<\/strong><\/li>\n<\/ul>\n<p>Per effettuare il cambiamento \u00e8 necessario non avere alcuna richiesta in corso o pendente. In questi casi, basta cliccare sul pulsante <em>\u201cComunicare la variazione della propria residenza\u201d<\/em> e cambiare la nazione\/stato di residenza e la citt\u00e0. Apparir\u00e0 il seguente messaggio: <em>\u201cAttenzione, si sta cambiando Sede Consolare di riferimento. Sei sicuro di voler continuare? Premendo Ok sarete reindirizzati alla variazione Aire\u201d<\/em>. Cliccando su <em>\u201cOk\u201d<\/em> la tua SEDE di appartenenza sar\u00e0 cambiata ed ora puoi presentare una richiesta iscrizione AIRE al nostro consolato che sar\u00e0 lavorata come una richiesta di cambiamento di circoscrizione consolare.<\/p>\n<ul>\n<li><strong>Ho fatto una richiesta di prima iscrizione tramite FAST IT e lo <em>status<\/em> risulta \u201crifiutata<em>\u201d<\/em> con il messaggio <em>\u201cNominativo gi\u00e0 presente nel nostro schedario. La Sua richiesta verr\u00e0 lavorata manualmente. Si conferma iscrizione AIRE\u201d. <\/em>Cosa vuole dire?<\/strong><\/li>\n<\/ul>\n<p>Quando questo Consolato Generale accetta una richiesta di prima iscrizione, tutti i dati inseriti dal richiedente migrano alla nostra Anagrafe Consolare. Se il nome del richiedente esiste gi\u00e0 nel nostro<em> database <\/em>(anagrafe consolare) non siamo in grado di accettare tale domanda. Questo pu\u00f2 accadere se il richiedente \u00e8 sposato con un cittadino italiano gi\u00e0 registrato presso il nostro Consolato, o se il richiedente risulta attualmente cancellato per rimpatrio, trasferimento o irreperibilit\u00e0 e presenta nuova domanda di iscrizione AIRE. In questo caso, l\u00b4ufficio rifiuta la domanda tramite il FAST IT. Per\u00f2, la richiesta viene comunque istruita ed i dati possono essere poi visualizzati dentro la propria scheda anagrafica.<\/p>\n<ul>\n<li><strong>Ho fatto una richiesta di aggiornamento di stato civile (es. matrimonio, divorzio o la nascita di figli minori) tramite FAST IT allegando gli atti brasiliani tradotti per\u00f2 la domanda \u00e8 stata rifiutata. Cosa devo fare?<\/strong><\/li>\n<\/ul>\n<p>Se la richiesta \u00e8 per la registrazione di cambiamenti di stato civile \u2013 \u00a0matrimonio, divorzio, nascita di figli minori, ecc. \u2013 sar\u00e0 necessario seguire le disposizioni presenti nella sezione <a href=\"https:\/\/conscuritiba.esteri.it\/it\/servizi-consolari-e-visti\/servizi-per-il-cittadino-italiano\/stato-civile\/\">Stato Civile<\/a> e trasmettere la richiesta esclusivamente per posta poich\u00e9 <u>tra il Brasile e l\u2019Italia non esiste un accordo sulla validit\u00e0 dei certificati in formato digitale. <\/u><\/p>\n<ul>\n<li><strong>Mi serve una dichiarazione di iscrizione AIRE o altri certificati di Stato Civile trascritti dal Comune. Come posso ottenerli? <\/strong><\/li>\n<\/ul>\n<p>Per ottenere una dichiarazione di iscrizione AIRE, tra altri certificati \u00e8 necessario:<\/p>\n<ol>\n<li>Accedere il sito dell\u2019ANPR: <a href=\"https:\/\/www.anagrafenazionale.interno.it\/servizi-anagrafici\/certificati\/\">https:\/\/www.anagrafenazionale.interno.it\/servizi-anagrafici\/certificati\/<\/a> oppure;<\/li>\n<li>Rivolgersi tramite <em>e-mail <\/em>o PEC direttamente al proprio Comune di riferimento.<\/li>\n<\/ol>\n<ul>\n<li><strong>Sulla mia scheda anagrafica risulta il nome dell\u2019<em>ex<\/em>-coniuge. Come posso aggiornare la mia scheda?<\/strong><\/li>\n<\/ul>\n<p>Il nome dell\u2019<em>ex<\/em>-coniuge risulta nella scheda anagrafica soltanto come storico di Stato Civile nella nostra database e non pu\u00f2 essere rimosso; si chiarisce che tale informazione non risulter\u00e0 in alcun documento ufficiale.<\/p>\n","protected":false},"excerpt":{"rendered":"DUBBI FREQUENTI RIGUARDO LA SCHEDA ANAGRAFICA\/FAST IT: Non riesco ad accedere la mia scheda anagrafica, anche se iscritto a Curitiba il portale mi rimanda ad una richiesta iscrizione AIRE. Tuttavia, la mia cittadinanza \u00e8 gi\u00e0 stata completata e sono registrato presso questo Consolato Generale. Cosa devo fare? Questo errore di solito significa che la registrazione [&hellip;]","protected":false},"author":4,"featured_media":0,"parent":161,"menu_order":2,"comment_status":"closed","ping_status":"closed","template":"","meta":{"footnotes":""},"class_list":["post-498","page","type-page","status-publish","hentry"],"_links":{"self":[{"href":"https:\/\/conscuritiba.esteri.it\/it\/wp-json\/wp\/v2\/pages\/498","targetHints":{"allow":["GET"]}}],"collection":[{"href":"https:\/\/conscuritiba.esteri.it\/it\/wp-json\/wp\/v2\/pages"}],"about":[{"href":"https:\/\/conscuritiba.esteri.it\/it\/wp-json\/wp\/v2\/types\/page"}],"author":[{"embeddable":true,"href":"https:\/\/conscuritiba.esteri.it\/it\/wp-json\/wp\/v2\/users\/4"}],"replies":[{"embeddable":true,"href":"https:\/\/conscuritiba.esteri.it\/it\/wp-json\/wp\/v2\/comments?post=498"}],"version-history":[{"count":3,"href":"https:\/\/conscuritiba.esteri.it\/it\/wp-json\/wp\/v2\/pages\/498\/revisions"}],"predecessor-version":[{"id":1559,"href":"https:\/\/conscuritiba.esteri.it\/it\/wp-json\/wp\/v2\/pages\/498\/revisions\/1559"}],"up":[{"embeddable":true,"href":"https:\/\/conscuritiba.esteri.it\/it\/wp-json\/wp\/v2\/pages\/161"}],"wp:attachment":[{"href":"https:\/\/conscuritiba.esteri.it\/it\/wp-json\/wp\/v2\/media?parent=498"}],"curies":[{"name":"wp","href":"https:\/\/api.w.org\/{rel}","templated":true}]}}