{"id":539,"date":"2022-12-13T14:45:06","date_gmt":"2022-12-13T13:45:06","guid":{"rendered":"https:\/\/conscuritiba.esteri.it\/\/?page_id=539"},"modified":"2026-03-03T10:19:41","modified_gmt":"2026-03-03T13:19:41","slug":"notifiche-allestero","status":"publish","type":"page","link":"https:\/\/conscuritiba.esteri.it\/it\/servizi-consolari-e-visti\/servizi-per-il-cittadino-italiano\/notifiche-allestero\/","title":{"rendered":"Notifiche all&#8217;Estero"},"content":{"rendered":"<div>\n<p><strong>SETTORE COMPETENTE<\/strong><\/p>\n<p>Settore Notarile <a href=\"mailto:culturale.curitiba@esteri.it\">culturale.curitiba@esteri.it<\/a><\/p>\n<p><strong>COS\u2019\u00c9<\/strong><\/p>\n<p>L&#8217;attivit\u00e0 di notificazione \u00e8 una fase fondamentale dei processi civili, penali, tributari, amministrativi, fallimentari e del lavoro, nonch\u00e9 di alcune fasi pre-processuali o amministrative, che d\u00e0 la conoscenza legale di un provvedimento mediante la consegna di un atto, giudiziario o extragiudiziario, da parte di un particolare soggetto notificatore, secondo precise modalit\u00e0.<br \/>\nAi sensi dell\u2019art. 37 del D.Lgs. 71\/2011 l\u2019Ufficio consolare provvede alla notifica degli atti ad esso rimessi, in conformit\u00e0 alle disposizioni di cooperazione giudiziaria dell\u2019UE, alle convenzioni internazionali in materia e alle leggi dello Stato di residenza.<\/p>\n<p><strong>RIFERIMENTI NORMATIVI<\/strong><\/p>\n<p><a href=\"https:\/\/conscuritiba.esteri.it\/\/wp-content\/uploads\/2022\/12\/17334_f_cons97trattatobrasileitalianotifiche.pdf\">Trattato Brasile-Italia 17\/10\/1989<\/a><\/p>\n<p><a href=\"https:\/\/www.esteri.it\/it\/servizi-consolari-e-visti\/italiani-all-estero\/notifiche_estero\/\">Notifiche all&#8217;estero &#8211; Sito Web del Ministero degli Affari Esteri (Farnesina)<\/a><\/p>\n<\/div>\n","protected":false},"excerpt":{"rendered":"SETTORE COMPETENTE Settore Notarile culturale.curitiba@esteri.it COS\u2019\u00c9 L&#8217;attivit\u00e0 di notificazione \u00e8 una fase fondamentale dei processi civili, penali, tributari, amministrativi, fallimentari e del lavoro, nonch\u00e9 di alcune fasi pre-processuali o amministrative, che d\u00e0 la conoscenza legale di un provvedimento mediante la consegna di un atto, giudiziario o extragiudiziario, da parte di un particolare soggetto notificatore, secondo [&hellip;]","protected":false},"author":4,"featured_media":0,"parent":136,"menu_order":12,"comment_status":"closed","ping_status":"closed","template":"","meta":{"footnotes":""},"class_list":["post-539","page","type-page","status-publish","hentry"],"_links":{"self":[{"href":"https:\/\/conscuritiba.esteri.it\/it\/wp-json\/wp\/v2\/pages\/539","targetHints":{"allow":["GET"]}}],"collection":[{"href":"https:\/\/conscuritiba.esteri.it\/it\/wp-json\/wp\/v2\/pages"}],"about":[{"href":"https:\/\/conscuritiba.esteri.it\/it\/wp-json\/wp\/v2\/types\/page"}],"author":[{"embeddable":true,"href":"https:\/\/conscuritiba.esteri.it\/it\/wp-json\/wp\/v2\/users\/4"}],"replies":[{"embeddable":true,"href":"https:\/\/conscuritiba.esteri.it\/it\/wp-json\/wp\/v2\/comments?post=539"}],"version-history":[{"count":2,"href":"https:\/\/conscuritiba.esteri.it\/it\/wp-json\/wp\/v2\/pages\/539\/revisions"}],"predecessor-version":[{"id":542,"href":"https:\/\/conscuritiba.esteri.it\/it\/wp-json\/wp\/v2\/pages\/539\/revisions\/542"}],"up":[{"embeddable":true,"href":"https:\/\/conscuritiba.esteri.it\/it\/wp-json\/wp\/v2\/pages\/136"}],"wp:attachment":[{"href":"https:\/\/conscuritiba.esteri.it\/it\/wp-json\/wp\/v2\/media?parent=539"}],"curies":[{"name":"wp","href":"https:\/\/api.w.org\/{rel}","templated":true}]}}