{"id":604,"date":"2022-12-14T16:21:28","date_gmt":"2022-12-14T15:21:28","guid":{"rendered":"https:\/\/conscuritiba.esteri.it\/\/?page_id=604"},"modified":"2022-12-14T16:21:28","modified_gmt":"2022-12-14T15:21:28","slug":"autocertificazione","status":"publish","type":"page","link":"https:\/\/conscuritiba.esteri.it\/it\/news\/dal_consolato\/in-linea-con-utente\/autocertificazione\/","title":{"rendered":"Autocertificazione"},"content":{"rendered":"<p><strong>Cos&#8217;\u00e8 l\u2019autocertificazione?<\/strong><\/p>\n<p>E&#8217; una dichiarazione che l&#8217;interessato redige e sottoscrive nel proprio interesse su stati, fatti e qualit\u00e0 personali e che utilizza nei rapporti con la Pubblica Amministrazione e con i concessionari ed i gestori di pubblici servizi.<\/p>\n<p>Nel rapporto con un soggetto privato il ricorso all&#8217;autocertificazione \u00e8 rimandato alla discrezionalit\u00e0 di quest&#8217;ultimo. Le dichiarazione pu\u00f2 sostituire le normali certificazioni e gli atti notori.<\/p>\n<p>Infatti, con l&#8217;entrata in vigore del D.P.R. 28 dicembre 2000 n\u00b0 445, si \u00e8 messo in atto un importante processo di semplificazione amministrativa per riformare la Pubblica Amministrazione e farla funzionare in maniera pi\u00f9 efficace e trasparente.<\/p>\n","protected":false},"excerpt":{"rendered":"Cos&#8217;\u00e8 l\u2019autocertificazione? E&#8217; una dichiarazione che l&#8217;interessato redige e sottoscrive nel proprio interesse su stati, fatti e qualit\u00e0 personali e che utilizza nei rapporti con la Pubblica Amministrazione e con i concessionari ed i gestori di pubblici servizi. Nel rapporto con un soggetto privato il ricorso all&#8217;autocertificazione \u00e8 rimandato alla discrezionalit\u00e0 di quest&#8217;ultimo. Le dichiarazione [&hellip;]","protected":false},"author":4,"featured_media":0,"parent":600,"menu_order":0,"comment_status":"closed","ping_status":"closed","template":"","meta":{"footnotes":""},"class_list":["post-604","page","type-page","status-publish","hentry"],"_links":{"self":[{"href":"https:\/\/conscuritiba.esteri.it\/it\/wp-json\/wp\/v2\/pages\/604","targetHints":{"allow":["GET"]}}],"collection":[{"href":"https:\/\/conscuritiba.esteri.it\/it\/wp-json\/wp\/v2\/pages"}],"about":[{"href":"https:\/\/conscuritiba.esteri.it\/it\/wp-json\/wp\/v2\/types\/page"}],"author":[{"embeddable":true,"href":"https:\/\/conscuritiba.esteri.it\/it\/wp-json\/wp\/v2\/users\/4"}],"replies":[{"embeddable":true,"href":"https:\/\/conscuritiba.esteri.it\/it\/wp-json\/wp\/v2\/comments?post=604"}],"version-history":[{"count":1,"href":"https:\/\/conscuritiba.esteri.it\/it\/wp-json\/wp\/v2\/pages\/604\/revisions"}],"predecessor-version":[{"id":605,"href":"https:\/\/conscuritiba.esteri.it\/it\/wp-json\/wp\/v2\/pages\/604\/revisions\/605"}],"up":[{"embeddable":true,"href":"https:\/\/conscuritiba.esteri.it\/it\/wp-json\/wp\/v2\/pages\/600"}],"wp:attachment":[{"href":"https:\/\/conscuritiba.esteri.it\/it\/wp-json\/wp\/v2\/media?parent=604"}],"curies":[{"name":"wp","href":"https:\/\/api.w.org\/{rel}","templated":true}]}}