{"id":646,"date":"2022-12-14T18:33:07","date_gmt":"2022-12-14T17:33:07","guid":{"rendered":"https:\/\/conscuritiba.esteri.it\/\/?page_id=646"},"modified":"2022-12-14T18:33:07","modified_gmt":"2022-12-14T17:33:07","slug":"politiche-di-utilizzo-dei-profili-ufficiali-del-consolato-generale-sulle-reti-sociali-c-d-social-media","status":"publish","type":"page","link":"https:\/\/conscuritiba.esteri.it\/it\/news\/dal_consolato\/politiche-di-utilizzo-dei-profili-ufficiali-del-consolato-generale-sulle-reti-sociali-c-d-social-media\/","title":{"rendered":"Politiche di utilizzo dei profili ufficiali del Consolato Generale sulle reti sociali (c.d. \u201csocial media\u201d)."},"content":{"rendered":"<div>\n<p><strong>Politiche di utilizzo dei profili ufficiali del\u00a0Consolato Generale sulle reti sociali (c.d. \u201csocial media\u201d).<\/strong><\/p>\n<p>Il Consolato Generale utilizza le reti sociali per finalit\u00e0 istituzionali, per accrescere la trasparenza e la conoscenza delle proprie attivit\u00e0: informa, comunica, ascolta e pubblica contenuti di carattere istituzionale.<\/p>\n<p>I contenuti pubblicati comprendono fotografie, video istituzionali, comunicati stampa, informazioni di servizio, notizie relative all\u2019attivit\u00e0 di questa sede nonch\u00e9 opportunit\u00e0 di coinvolgimento e partecipazione dei cittadini. I dati personali sono utilizzati nel rispetto della normativa a relativa protezione.<\/p>\n<p>Attraverso i propri canali, potranno essere condivisi rilanciati contenuti e messaggi di pubblico interesse e utilit\u00e0 pubblicate da altri utenti.<\/p>\n<p>Il\u00a0Consolato Generale si impegna a gestire spazi di comunicazione e dialogo all\u2019interno dei propri profili ufficiali chiedendo ai propri utenti il rispetto di alcune semplici regole:<\/p>\n<p>A tutti si chiede di esporre la propria opinione con correttezza, misura e rispetto. Non saranno comunque tollerati insulti, volgarit\u00e0, offese, minacce e, in generale, atteggiamenti violenti o diffamatori. I contenuti pubblicati devono rispettare sempre la protezione di dati personali. Vanno evitati riferimenti a fatti o a dettagli privi di rilevanza pubblica e che ledano la sfera personale di terzi. L\u2019interesse degli argomenti rispetto alle attivit\u00e0 di questa sede \u00e8 un requisito essenziale: non \u00e8 possibile in alcun modo utilizzare questi spazi per scopi diversi da quelli istituzionali. Ogni discussione \u00e8 legata a un tema specifico: a tutti i partecipanti \u00e8 richiesto di rispettarlo, evitando di allargare il confronto in modo generico e indiscriminato. Non sar\u00e0 tollerata alcuna forma di pubblicit\u00e0 o promozione di interessi privati o di attivit\u00e0 illegali. Non sono ammessi contenuti che violino il diritto d\u2019autore n\u00e9 l\u2019utilizzo non autorizzato di marchi registrati.<\/p>\n<p>In ogni caso, ove possibile, saranno rimossi dagli amministratori tutti i post, i commenti o i materiali audio\/video che:<\/p>\n<ul>\n<li>presentano un linguaggio inappropriato e\/o un tono minaccioso, violento, volgare o irrispettoso;<\/li>\n<li>presentano contenuti illeciti o di incitamento a compiere attivit\u00e0 illecite;<\/li>\n<li>hanno contenuti offensivi, ingannevoli, allarmistici, o in violazione di diritti di terzi;<\/li>\n<li>divulgano dati e informazioni personali o che possono cagionare danni o ledere la reputazione di terzi;<\/li>\n<li>presentano contenuti a contenuto osceno, pornografico o pedopornografico, o tale da offendere la sensibilit\u00e0 degli utenti;<\/li>\n<li>hanno un contenuto discriminatorio per genere, razza, etnia, lingua, credo religioso, opinioni politiche, orientamento sessuale, et\u00e0, condizioni personali e sociali;<\/li>\n<li>promuovono o sostengono attivit\u00e0 illegali, che violano la protezione del diritto di autore o che utilizzano in modo improprio un marchio registrato.<\/li>\n<\/ul>\n<p>In caso di ripetute violazioni alle suddette condizioni, la Sede si riserva il diritto di usare il blocco (quando possibile dopo un primo avvertimento) per impedire ulteriori interventi, e di segnalare l\u2019utente ai responsabili della piattaforma ed eventualmente alle forze dell\u2019ordine.<\/p>\n<p>Questa sede non interagisce con gli utenti attraverso i propri profili social, che non sostituiscono i consueti canali di accesso del pubblico ai servizi di informazione e assistenza. \u00c8 possibile contattare la Sede ai recapiti indicati nella sezione \u201cContatti\u201d del sito internet del\u00a0Consolato Generale.<\/p>\n<\/div>\n","protected":false},"excerpt":{"rendered":"Politiche di utilizzo dei profili ufficiali del\u00a0Consolato Generale sulle reti sociali (c.d. \u201csocial media\u201d). Il Consolato Generale utilizza le reti sociali per finalit\u00e0 istituzionali, per accrescere la trasparenza e la conoscenza delle proprie attivit\u00e0: informa, comunica, ascolta e pubblica contenuti di carattere istituzionale. I contenuti pubblicati comprendono fotografie, video istituzionali, comunicati stampa, informazioni di servizio, [&hellip;]","protected":false},"author":4,"featured_media":0,"parent":47,"menu_order":3,"comment_status":"closed","ping_status":"closed","template":"","meta":{"footnotes":""},"class_list":["post-646","page","type-page","status-publish","hentry"],"_links":{"self":[{"href":"https:\/\/conscuritiba.esteri.it\/it\/wp-json\/wp\/v2\/pages\/646","targetHints":{"allow":["GET"]}}],"collection":[{"href":"https:\/\/conscuritiba.esteri.it\/it\/wp-json\/wp\/v2\/pages"}],"about":[{"href":"https:\/\/conscuritiba.esteri.it\/it\/wp-json\/wp\/v2\/types\/page"}],"author":[{"embeddable":true,"href":"https:\/\/conscuritiba.esteri.it\/it\/wp-json\/wp\/v2\/users\/4"}],"replies":[{"embeddable":true,"href":"https:\/\/conscuritiba.esteri.it\/it\/wp-json\/wp\/v2\/comments?post=646"}],"version-history":[{"count":1,"href":"https:\/\/conscuritiba.esteri.it\/it\/wp-json\/wp\/v2\/pages\/646\/revisions"}],"predecessor-version":[{"id":647,"href":"https:\/\/conscuritiba.esteri.it\/it\/wp-json\/wp\/v2\/pages\/646\/revisions\/647"}],"up":[{"embeddable":true,"href":"https:\/\/conscuritiba.esteri.it\/it\/wp-json\/wp\/v2\/pages\/47"}],"wp:attachment":[{"href":"https:\/\/conscuritiba.esteri.it\/it\/wp-json\/wp\/v2\/media?parent=646"}],"curies":[{"name":"wp","href":"https:\/\/api.w.org\/{rel}","templated":true}]}}