{"id":67,"date":"2022-12-07T17:59:38","date_gmt":"2022-12-07T16:59:38","guid":{"rendered":"https:\/\/conscuritiba.esteri.it\/\/?page_id=67"},"modified":"2025-07-24T13:16:15","modified_gmt":"2025-07-24T16:16:15","slug":"la-rete-consolare","status":"publish","type":"page","link":"https:\/\/conscuritiba.esteri.it\/it\/chi-siamo\/la-rete-consolare\/","title":{"rendered":"La Rete Consolare"},"content":{"rendered":"<p><span style=\"text-decoration: underline;\"><strong>RETE CONSOLARE ONORARIA &#8211; STATO DEL PARAN\u00c1<\/strong><\/span><\/p>\n<p><strong><br \/>\nVICE CONSOLATO ONORARIO A LONDRINA<\/strong><\/p>\n<p><strong>Circoscrizione :\u00a0<\/strong>Comuni della regione amministrativa di Londrina, Apucarana, Campo Mour\u00e3o, Cianorte, Corn\u00e9lio Proc\u00f3pio, Ivaipor\u00e3, Jacarezinho, Maring\u00e1, Paranava\u00ed, Umuarama.<\/p>\n<p><strong>Vice Console Onorario<\/strong><br \/>\nBruno Veronesi<br \/>\nRua Pernambuco, 872 &#8211; Ideal Plaza Hotel<br \/>\nCap: 86020-071 &#8211; Caixa Postal, 166<br \/>\ntel: (0xx43) 3323-2839<br \/>\nfax: (0xx43) 3315-1617<br \/>\ne-mail: <a href=\"mailto:londrina.vicecons.onorario@gmail.com\">londrina.vicecons.onorario@gmail.com<\/a><\/p>\n<p>&nbsp;<\/p>\n<p><strong>VICE CONSOLATO ONORARIO A PARANAGU\u00c1 (vacante)<\/strong><\/p>\n<p><strong>Circoscrizione:<\/strong>\u00a0Regione amministrativa e portuaria di Paranagu\u00e1<\/p>\n<p>&nbsp;<\/p>\n<p><strong>AGENZIA CONSOLARE ONORARIA A FOZ DO IGUA\u00c7\u00da<\/strong><\/p>\n<p><strong>Circoscrizione:<\/strong> Comuni della regione amministrativa di Foz do Igua\u00e7\u00fa, Cascavel, Francisco Beltr\u00e3o, Guarapuava, Laranjeiras do Sul, Pato Branco e Toledo<\/p>\n<p>Bruno Mendes Biesuz<br \/>\nAv. das Cataratas 11130<br \/>\nCap: 85853-000<br \/>\ntel\/fax:\u00a0 (0xx45) 3529-7474; (0xx45) 98827-2996<br \/>\ne-mail: <a href=\"mailto:fozdoiguacu.agcons.onoraria@gmail.com\">fozdoiguacu.agcons.onoraria@gmail.com<\/a><br \/>\nRicevimento pubblico: da luned\u00ec a venerd\u00ec dalle 9 alle 17, con prenotazione tramite e-mail o Whatsapp<\/p>\n<p>&nbsp;<\/p>\n<p><strong>CORRISPONDENTE CONSOLARE ONORARIO A CASCAVEL<\/strong><br \/>\nLuis Sergio Spricido<br \/>\nRua Paraguai, 758 &#8211; Alto Alegre<br \/>\nCap: 85805-020<br \/>\ne-mail: <a href=\"mailto:cascavel.corrispcons.onorario@gmail.com\">cascavel.corrispcons.onorario@gmail.com<\/a><br \/>\nRicevimento pubblico: da luned\u00ec a venerd\u00ec dalle 8 alle 18.<\/p>\n<p><strong>CORRISPONDENTE CONSOLARE ONORARIO A FRANCISCO BELTR\u00c3O<\/strong><br \/>\nNevio Urio<br \/>\nA. Antonio de Paiva Cantelmo 1222<br \/>\nCap: 85601-270<br \/>\ntel: (0xx46) 3524-4242 \/ (0xx46) 9911-9535<br \/>\ne-mail: <a href=\"mailto:beltrao.corrispcons.onorario@cesul.br\">beltrao.corrispcons.onorario@cesul.br<\/a><\/p>\n<p>&nbsp;<\/p>\n<p><strong>CORRISPONDENTE CONSOLARE ONORARIO A CAMPO MOUR\u00c3O <\/strong>(da nominare)<\/p>\n<p>&nbsp;<\/p>\n<p><span style=\"text-decoration: underline;\"><strong>RETE CONSOLARE ONORARIA &#8211; STATO DI SANTA CATARINA<\/strong><\/span><\/p>\n<p><strong>CONSOLATO ONORARIO DI FLORIANOPOLIS\u00a0<\/strong><\/p>\n<p><strong>Circoscrizione :<\/strong>\u00a0Comuni della regione amministrativa di Florian\u00f3polis, Ituporanga, Lages, Laguna e dei Comuni di Itapema, Porto Belo e Bombinhas<\/p>\n<p><strong>Console Onorario<\/strong><br \/>\nAttilio Colitti<br \/>\nAv. Luiz Boiteaux Piazza, 2973<br \/>\nCachoeira do Bom Jesus &#8211; Cap: 88054-700<\/p>\n<p><strong>AGENZIA CONSOLARE ONORARIA A CRICIUMA<\/strong><\/p>\n<p><strong>Circoscrizione:<\/strong>\u00a0Comuni della regione amministrativa di Criciuma, Ararangu\u00e1 e S\u00e3o Joaquim<\/p>\n<p><strong>Agente Consolare Onorario<\/strong><br \/>\nOlvacir Jos\u00e9 Bez Fontana<br \/>\nRua Princesa Isabel, 40 sala 508<br \/>\nCap:\u00a088801-130<br \/>\ntel\/fax: (0xx48)\u00a099133-7761<br \/>\ne-mail:\u00a0<a href=\"mailto:criciuma.agcons.onoraria@outlook.com\">criciuma.agcons.onoraria@outlook.com\u00a0<\/a><\/p>\n<p>Ricevimento pubblico: dal marted\u00ec al gioved\u00ec dalle ore 13 alle ore 17:30 con previa prenotazione tramite messaggio whatsapp o e-mail<\/p>\n<p>&nbsp;<\/p>\n<p><strong>AGENZIA CONSOLARE ONORARIA A <\/strong><strong>JOINVILLE<\/strong><\/p>\n<p><strong>Circoscrizione:<\/strong>\u00a0Comuni della regione amministrativa di Joinville, Canoinhas, Jaragu\u00e1 do Sul e\u00a0Mafra<\/p>\n<p><strong>Agente Consolare Onorario<\/strong><br \/>\nGuilherme Marco De Lima<br \/>\nRua: Dona Francisca, 8300 \u2013 Bloco 9, M\u00f3dulo D<br \/>\nPerini Business Park &#8211; Distrito Industrial<br \/>\nJoinville\/SC &#8211; CEP \u2013 89.219-600<br \/>\ntel\/fax:\u00a0 (0xx47)\u00a03842-1897<br \/>\ne-mail: <a href=\"mailto:joinville.agcons.onoraria@agenciaconsularjoinville.com.br\">joinville.agcons.onoraria@agenciaconsularjoinville.com.br<\/a><br \/>\nRicevimento pubblico: da luned\u00ec a venerd\u00ec dalle 9 alle 12 e dalle 13:30 alle 16:30.<\/p>\n<p>&nbsp;<\/p>\n<p><strong>AGENZIA CONSOLARE ONORARIA A BLUMENAU<\/strong><\/p>\n<p><strong>Circoscrizione<\/strong>: Comuni\u00a0della regione amministrativa di Itaja\u00ed, Blumenau, Brusque, Timb\u00f3, Rio dos Cedros, Doutor Pedrinho e Rio Do Sul<\/p>\n<p><strong>Agente Consolare Onorario<\/strong><br \/>\nNorma Maria Da Rui<br \/>\nRua Bonifacio Cunha, 51 Edificio ALLA<br \/>\nCap: 89.010-349<br \/>\ntel: (0xx47) 3322-8733<br \/>\ne-mail: <a href=\"mailto:blumenau.agcons.onoraria@hotmail.com\">blumenau.agcons.onoraria@hotmail.com<\/a><br \/>\nRicevimento pubblico: marted\u00ec dalle 9 alle 12 e gioved\u00ec dalle 13:30 alle 17:30.<\/p>\n<p>&nbsp;<\/p>\n<p><strong>CORRISPONDENTE CONSOLARE ONORARIO A CONCORDIA<\/strong><br \/>\nCristiane Zucchi<br \/>\nRua Romano Anselmo Fontana 996, Bairro Jardim<br \/>\nCap: 89703-078<br \/>\nTel: (0xx49) 99989-1098<br \/>\nE-mail: <a href=\"mailto:concordia.corrispcons.onorario@gmail.com\">concordia.corrispcons.onorario@gmail.com<\/a><\/p>\n<p>Ricevimento pubblico: da luned\u00ec a venerd\u00ec con prenotazione tramite e-mail<\/p>\n<p>&nbsp;<\/p>\n<p><strong>CORRISPONDENTE CONSOLARE ONORARIO A JARAGU\u00c1 DO SUL<\/strong><br \/>\nIria Tancon<br \/>\nRua Jose&#8217; de Paula Bueno 145<br \/>\nCap: 89258-690<br \/>\nTel: (0xx47) 99914-8964 \/ (0xx47) 3370-4700<br \/>\nE-mail: <a href=\"mailto:jaragua.corrispcons.onorario@gmail.com\">jaragua.corrispcons.onorario@gmail.com<\/a><\/p>\n<p>Ricevimento pubblico: da luned\u00ec a venerd\u00ec dalle 9 alle 12 e dalle 14 alle 16 con prenotazione tramite e-mail<\/p>\n<p>&nbsp;<\/p>\n<p><strong>CORRISPONDENTE CONSOLARE ONORARIO A LAGES<\/strong><br \/>\nGiovani Durigon Freitas<br \/>\nRua Fulvio Aducci 200<br \/>\nCap: 88504-215<br \/>\ntel: (0xx49) 3224-0292<br \/>\ncell: (0xx49) 99912-7413<br \/>\nemail: <a href=\"mailto:lages.corrispcons.onorario@gmail.com\">lages.corrispcons.onorario@gmail.com<\/a><\/p>\n<p>&nbsp;<\/p>\n<p><strong>CORRISPONDENTE CONSOLARE ONORARIO A VIDEIRA<\/strong><br \/>\nAdemir Luiz Bogoni<br \/>\nRua Mal. Floriano Peixoto, 399 sala 01<br \/>\nCap: 89560-000<br \/>\ntel: (0xx49) 3566-0892<br \/>\nemail: <a href=\"mailto:videira.corrispcons.onorario@hotmail.com\">videira.corrispcons.onorario@hotmail.com<\/a><\/p>\n<p><strong>CORRISPONDENTE CONSOLARE ONORARIO A ARROIO TRINTA<\/strong><br \/>\nClaudio Spricigo<br \/>\nRua Madalena Massardi Nordio 101 ap 502 CAP 89590-000<br \/>\ntel: (0xx49) 99801-1630<br \/>\nemail: <a href=\"mailto:Arroio30.corrispcons.onorario@gmail.com\">Arroio30.corrispcons.onorario@gmail.com<\/a><\/p>\n<p>Ricevimento pubblico: dal luned\u00ec al mercoled\u00ec dalle ore 09 alle ore 11 con prenotazione tramite e-mail<\/p>\n<p><strong>CORRISPONDENTE CONSOLARE ONORARIO A CHAPEC\u00d3<\/strong><br \/>\nVincenzo Francesco Mastrogiacomo<br \/>\nRua Lauro Muller 329 D, Sala 10 CEP 89802-520<br \/>\ntel: (0xx49) 3322-3814<br \/>\ncell: (0xx49) 99987-2750<br \/>\nemail: <a href=\"mailto:Chapeco.corrispcons.onorario@gmail.com\">Chapeco.corrispcons.onorario@gmail.com<\/a><\/p>\n<p>Ricevimento pubblico: luned\u00ec e mercoled\u00ec dalle ore 09 alle ore 12<\/p>\n<p><strong>CORRISPONDENTE CONSOLARE ONORARIO A XAXIM <\/strong>(da nominare)<\/p>\n<p>&nbsp;<\/p>\n<p><strong>CORRISPONDENTE CONSOLARE ONORARIO A CANOINHAS <\/strong>(da nominare)<\/p>\n<p>&nbsp;<\/p>\n<p><strong><br \/>\nNota bene: l\u2019assistenza e i servizi degli Uffici onorari sono gratuiti.<\/strong><\/p>\n<p>&nbsp;<\/p>\n","protected":false},"excerpt":{"rendered":"RETE CONSOLARE ONORARIA &#8211; STATO DEL PARAN\u00c1 VICE CONSOLATO ONORARIO A LONDRINA Circoscrizione :\u00a0Comuni della regione amministrativa di Londrina, Apucarana, Campo Mour\u00e3o, Cianorte, Corn\u00e9lio Proc\u00f3pio, Ivaipor\u00e3, Jacarezinho, Maring\u00e1, Paranava\u00ed, Umuarama. Vice Console Onorario Bruno Veronesi Rua Pernambuco, 872 &#8211; Ideal Plaza Hotel Cap: 86020-071 &#8211; Caixa Postal, 166 tel: (0xx43) 3323-2839 fax: (0xx43) 3315-1617 e-mail: [&hellip;]","protected":false},"author":3,"featured_media":0,"parent":10,"menu_order":0,"comment_status":"closed","ping_status":"closed","template":"","meta":{"footnotes":""},"class_list":["post-67","page","type-page","status-publish","hentry"],"_links":{"self":[{"href":"https:\/\/conscuritiba.esteri.it\/it\/wp-json\/wp\/v2\/pages\/67","targetHints":{"allow":["GET"]}}],"collection":[{"href":"https:\/\/conscuritiba.esteri.it\/it\/wp-json\/wp\/v2\/pages"}],"about":[{"href":"https:\/\/conscuritiba.esteri.it\/it\/wp-json\/wp\/v2\/types\/page"}],"author":[{"embeddable":true,"href":"https:\/\/conscuritiba.esteri.it\/it\/wp-json\/wp\/v2\/users\/3"}],"replies":[{"embeddable":true,"href":"https:\/\/conscuritiba.esteri.it\/it\/wp-json\/wp\/v2\/comments?post=67"}],"version-history":[{"count":7,"href":"https:\/\/conscuritiba.esteri.it\/it\/wp-json\/wp\/v2\/pages\/67\/revisions"}],"predecessor-version":[{"id":3943,"href":"https:\/\/conscuritiba.esteri.it\/it\/wp-json\/wp\/v2\/pages\/67\/revisions\/3943"}],"up":[{"embeddable":true,"href":"https:\/\/conscuritiba.esteri.it\/it\/wp-json\/wp\/v2\/pages\/10"}],"wp:attachment":[{"href":"https:\/\/conscuritiba.esteri.it\/it\/wp-json\/wp\/v2\/media?parent=67"}],"curies":[{"name":"wp","href":"https:\/\/api.w.org\/{rel}","templated":true}]}}