{"id":681,"date":"2022-12-14T20:11:53","date_gmt":"2022-12-14T19:11:53","guid":{"rendered":"https:\/\/conscuritiba.esteri.it\/\/?page_id=681"},"modified":"2022-12-14T20:11:53","modified_gmt":"2022-12-14T19:11:53","slug":"camera-di-commercio-mista","status":"publish","type":"page","link":"https:\/\/conscuritiba.esteri.it\/it\/italia-e-brasile\/diplomazia-economica\/fare-affari-in-brasile\/sportello-unico\/camera-di-commercio-mista\/","title":{"rendered":"Camera di Commercio Mista"},"content":{"rendered":"<p>C\u00e2mara Italo-Brasileira de Com\u00e9rcio e Ind\u00fastria do Paran\u00e1<br \/>\nRua Sim\u00e3o Bolivar, 1679 &#8211;\u00a0Hugo Lange<br \/>\n80040-140 &#8211; Curitiba &#8211; Paran\u00e1<br \/>\nTel: (41) 3503-9947 \/ (41) 8768-6015<br \/>\n<a href=\"http:\/\/www.italocam.com.br\/\">www.italocam.com.br<\/a><br \/>\ne-mail:\u00a0<a href=\"mailto:contato@italocam.com.br\">contato@italocam.com.br<\/a><\/p>\n<p>C\u00e2mara Italo-Brasileira de Com\u00e9rcio e Ind\u00fastria de S\u00e3o Paulo<br \/>\nAv. S\u00e3o Luiz, 50 &#8211; Cj. 32D<br \/>\n01085-900 S\u00e3o Paulo (SP)<br \/>\nTel. (11) 259.7238 Fax (11) 259.3983<br \/>\ne-mail: <a href=\"mailto:italcam@italcam.com.br\">italcam@italcam.com.br<\/a><\/p>\n<p>C\u00e2mara Italo-Brasileira de Com\u00e9rcio e Ind\u00fastria do Rio de Janeiro<br \/>\nAv. Gra\u00e7a Aranha, 1 &#8211; 6\u00ba Andar<br \/>\n20030-002 Rio de Janeiro (RJ)<br \/>\nTel. (21) 563.4100 Fax (21) 240.3896<br \/>\ne-mail: <a href=\"mailto:ccibrj@netfly.com.br\">ccibrj@netfly.com.br<\/a><\/p>\n<p>C\u00e2mara Italo-Brasileira de Com\u00e9rcio e Ind\u00fastria para o Rio Grande do Sul<br \/>\nR. Coronel Bordini, 1003<br \/>\n90440-001 Porto Alegre (RS)<br \/>\nTel. (51) 333.3737 Fax. (51) 333.3975<br \/>\ne-mail: <a href=\"mailto:ccipoars@pro.via-rs.com.br\">ccipoars@pro.via-rs.com.br<\/a><\/p>\n<p>C\u00e2mara Italo-Brasileira de Com\u00e9rcio e Ind\u00fastria de Minas Gerais<br \/>\nAv. Afonso Pena, 3130 \u2013 3\u00ba andar &#8211; Cruzeiro<br \/>\n30130-009 Belo Horizonte (MG)<br \/>\nTel. (31) 3287.2212 \/ 2211 \/ 5191 Fax. (31) 3287.2211 \/ 5191<br \/>\ne-mail: <a href=\"mailto:info@italiabrasil.com.br\">info@italiabrasil.com.br<\/a><br \/>\nhome page : <a href=\"http:\/\/www.italiabrasil.com.br\">http:\/\/www.italiabrasil.com.br<\/a><\/p>\n<p>C\u00e2mara Italo-Brasileira de Com\u00e9rcio e Ind\u00fastria de Pernambuco<br \/>\nR. Marques Amorim, 46<br \/>\n50070-330 Recife (PE)<br \/>\nTel. (81) 221.4112 Fax. (81) 221.41121<\/p>\n","protected":false},"excerpt":{"rendered":"C\u00e2mara Italo-Brasileira de Com\u00e9rcio e Ind\u00fastria do Paran\u00e1 Rua Sim\u00e3o Bolivar, 1679 &#8211;\u00a0Hugo Lange 80040-140 &#8211; Curitiba &#8211; Paran\u00e1 Tel: (41) 3503-9947 \/ (41) 8768-6015 www.italocam.com.br e-mail:\u00a0contato@italocam.com.br C\u00e2mara Italo-Brasileira de Com\u00e9rcio e Ind\u00fastria de S\u00e3o Paulo Av. S\u00e3o Luiz, 50 &#8211; Cj. 32D 01085-900 S\u00e3o Paulo (SP) Tel. (11) 259.7238 Fax (11) 259.3983 e-mail: italcam@italcam.com.br [&hellip;]","protected":false},"author":4,"featured_media":0,"parent":672,"menu_order":1,"comment_status":"closed","ping_status":"closed","template":"","meta":{"footnotes":""},"class_list":["post-681","page","type-page","status-publish","hentry"],"_links":{"self":[{"href":"https:\/\/conscuritiba.esteri.it\/it\/wp-json\/wp\/v2\/pages\/681","targetHints":{"allow":["GET"]}}],"collection":[{"href":"https:\/\/conscuritiba.esteri.it\/it\/wp-json\/wp\/v2\/pages"}],"about":[{"href":"https:\/\/conscuritiba.esteri.it\/it\/wp-json\/wp\/v2\/types\/page"}],"author":[{"embeddable":true,"href":"https:\/\/conscuritiba.esteri.it\/it\/wp-json\/wp\/v2\/users\/4"}],"replies":[{"embeddable":true,"href":"https:\/\/conscuritiba.esteri.it\/it\/wp-json\/wp\/v2\/comments?post=681"}],"version-history":[{"count":2,"href":"https:\/\/conscuritiba.esteri.it\/it\/wp-json\/wp\/v2\/pages\/681\/revisions"}],"predecessor-version":[{"id":685,"href":"https:\/\/conscuritiba.esteri.it\/it\/wp-json\/wp\/v2\/pages\/681\/revisions\/685"}],"up":[{"embeddable":true,"href":"https:\/\/conscuritiba.esteri.it\/it\/wp-json\/wp\/v2\/pages\/672"}],"wp:attachment":[{"href":"https:\/\/conscuritiba.esteri.it\/it\/wp-json\/wp\/v2\/media?parent=681"}],"curies":[{"name":"wp","href":"https:\/\/api.w.org\/{rel}","templated":true}]}}