{"id":143,"date":"2022-12-07T19:10:45","date_gmt":"2022-12-07T18:10:45","guid":{"rendered":"https:\/\/conscuritiba.esteri.it\/\/italia-e-brasile\/diplomazia-economica\/fare-affari-in-italia\/"},"modified":"2022-12-07T19:11:39","modified_gmt":"2022-12-07T18:11:39","slug":"fare-affari-in-italia","status":"publish","type":"page","link":"https:\/\/conscuritiba.esteri.it\/pt\/italia-e-brasile\/diplomazia-economica\/fare-affari-in-italia\/","title":{"rendered":"Neg\u00f3cios na It\u00e1lia"},"content":{"rendered":"<p align=\"left\">Este Consulado Geral n\u00e3o possui um departamento commercial. Para informa\u00e7\u00f5es solicita-se acessar o site\u00a0da nossa\u00a0<a href=\"http:\/\/www.ambbrasilia.esteri.it\/\">Embaixada em Brasilia<\/a>.<\/p>\n","protected":false},"excerpt":{"rendered":"Este Consulado Geral n\u00e3o possui um departamento commercial. Para informa\u00e7\u00f5es solicita-se acessar o site\u00a0da nossa\u00a0Embaixada em Brasilia.","protected":false},"author":3,"featured_media":0,"parent":91,"menu_order":0,"comment_status":"closed","ping_status":"closed","template":"","meta":{"footnotes":""},"class_list":["post-143","page","type-page","status-publish","hentry"],"_links":{"self":[{"href":"https:\/\/conscuritiba.esteri.it\/pt\/wp-json\/wp\/v2\/pages\/143","targetHints":{"allow":["GET"]}}],"collection":[{"href":"https:\/\/conscuritiba.esteri.it\/pt\/wp-json\/wp\/v2\/pages"}],"about":[{"href":"https:\/\/conscuritiba.esteri.it\/pt\/wp-json\/wp\/v2\/types\/page"}],"author":[{"embeddable":true,"href":"https:\/\/conscuritiba.esteri.it\/pt\/wp-json\/wp\/v2\/users\/3"}],"replies":[{"embeddable":true,"href":"https:\/\/conscuritiba.esteri.it\/pt\/wp-json\/wp\/v2\/comments?post=143"}],"version-history":[{"count":1,"href":"https:\/\/conscuritiba.esteri.it\/pt\/wp-json\/wp\/v2\/pages\/143\/revisions"}],"predecessor-version":[{"id":144,"href":"https:\/\/conscuritiba.esteri.it\/pt\/wp-json\/wp\/v2\/pages\/143\/revisions\/144"}],"up":[{"embeddable":true,"href":"https:\/\/conscuritiba.esteri.it\/pt\/wp-json\/wp\/v2\/pages\/91"}],"wp:attachment":[{"href":"https:\/\/conscuritiba.esteri.it\/pt\/wp-json\/wp\/v2\/media?parent=143"}],"curies":[{"name":"wp","href":"https:\/\/api.w.org\/{rel}","templated":true}]}}