{"id":149,"date":"2022-12-07T19:13:23","date_gmt":"2022-12-07T18:13:23","guid":{"rendered":"https:\/\/conscuritiba.esteri.it\/\/italia-e-brasile\/diplomazia-culturale\/missioni-archeologiche\/"},"modified":"2022-12-07T19:18:23","modified_gmt":"2022-12-07T18:18:23","slug":"missioni-archeologiche","status":"publish","type":"page","link":"https:\/\/conscuritiba.esteri.it\/pt\/italia-e-brasile\/diplomazia-culturale\/missioni-archeologiche\/","title":{"rendered":"Miss\u00f5es arqueol\u00f3gicas"},"content":{"rendered":"<p>Conte\u00fado dispon\u00edvel apenas em italiano<\/p>\n","protected":false},"excerpt":{"rendered":"Conte\u00fado dispon\u00edvel apenas em italiano","protected":false},"author":3,"featured_media":0,"parent":92,"menu_order":0,"comment_status":"closed","ping_status":"closed","template":"","meta":{"footnotes":""},"class_list":["post-149","page","type-page","status-publish","hentry"],"_links":{"self":[{"href":"https:\/\/conscuritiba.esteri.it\/pt\/wp-json\/wp\/v2\/pages\/149","targetHints":{"allow":["GET"]}}],"collection":[{"href":"https:\/\/conscuritiba.esteri.it\/pt\/wp-json\/wp\/v2\/pages"}],"about":[{"href":"https:\/\/conscuritiba.esteri.it\/pt\/wp-json\/wp\/v2\/types\/page"}],"author":[{"embeddable":true,"href":"https:\/\/conscuritiba.esteri.it\/pt\/wp-json\/wp\/v2\/users\/3"}],"replies":[{"embeddable":true,"href":"https:\/\/conscuritiba.esteri.it\/pt\/wp-json\/wp\/v2\/comments?post=149"}],"version-history":[{"count":1,"href":"https:\/\/conscuritiba.esteri.it\/pt\/wp-json\/wp\/v2\/pages\/149\/revisions"}],"predecessor-version":[{"id":151,"href":"https:\/\/conscuritiba.esteri.it\/pt\/wp-json\/wp\/v2\/pages\/149\/revisions\/151"}],"up":[{"embeddable":true,"href":"https:\/\/conscuritiba.esteri.it\/pt\/wp-json\/wp\/v2\/pages\/92"}],"wp:attachment":[{"href":"https:\/\/conscuritiba.esteri.it\/pt\/wp-json\/wp\/v2\/media?parent=149"}],"curies":[{"name":"wp","href":"https:\/\/api.w.org\/{rel}","templated":true}]}}