{"id":150,"date":"2022-12-07T19:14:38","date_gmt":"2022-12-07T22:14:38","guid":{"rendered":"https:\/\/conscuritiba.esteri.it\/\/italia-e-brasile\/diplomazia-culturale\/lingua-e-cultura-italiana\/"},"modified":"2022-12-07T19:21:03","modified_gmt":"2022-12-07T18:21:03","slug":"lingua-e-cultura-italiana","status":"publish","type":"page","link":"https:\/\/conscuritiba.esteri.it\/pt\/italia-e-brasile\/diplomazia-culturale\/lingua-e-cultura-italiana\/","title":{"rendered":"L\u00edngua e cultura italiana"},"content":{"rendered":"<p>Conte\u00fado dispon\u00edvel apenas em italiano<\/p>\n","protected":false},"excerpt":{"rendered":"Conte\u00fado dispon\u00edvel apenas em italiano","protected":false},"author":3,"featured_media":0,"parent":92,"menu_order":0,"comment_status":"closed","ping_status":"closed","template":"","meta":{"footnotes":""},"class_list":["post-150","page","type-page","status-publish","hentry"],"_links":{"self":[{"href":"https:\/\/conscuritiba.esteri.it\/pt\/wp-json\/wp\/v2\/pages\/150","targetHints":{"allow":["GET"]}}],"collection":[{"href":"https:\/\/conscuritiba.esteri.it\/pt\/wp-json\/wp\/v2\/pages"}],"about":[{"href":"https:\/\/conscuritiba.esteri.it\/pt\/wp-json\/wp\/v2\/types\/page"}],"author":[{"embeddable":true,"href":"https:\/\/conscuritiba.esteri.it\/pt\/wp-json\/wp\/v2\/users\/3"}],"replies":[{"embeddable":true,"href":"https:\/\/conscuritiba.esteri.it\/pt\/wp-json\/wp\/v2\/comments?post=150"}],"version-history":[{"count":2,"href":"https:\/\/conscuritiba.esteri.it\/pt\/wp-json\/wp\/v2\/pages\/150\/revisions"}],"predecessor-version":[{"id":156,"href":"https:\/\/conscuritiba.esteri.it\/pt\/wp-json\/wp\/v2\/pages\/150\/revisions\/156"}],"up":[{"embeddable":true,"href":"https:\/\/conscuritiba.esteri.it\/pt\/wp-json\/wp\/v2\/pages\/92"}],"wp:attachment":[{"href":"https:\/\/conscuritiba.esteri.it\/pt\/wp-json\/wp\/v2\/media?parent=150"}],"curies":[{"name":"wp","href":"https:\/\/api.w.org\/{rel}","templated":true}]}}