{"id":1509,"date":"2023-08-30T15:32:43","date_gmt":"2023-08-30T18:32:43","guid":{"rendered":"https:\/\/conscuritiba.esteri.it\/servizi-consolari-e-visti\/servizi-per-il-cittadino-italiano\/passaporti-e-carte-didentita\/passaportamico\/"},"modified":"2025-05-09T11:32:06","modified_gmt":"2025-05-09T14:32:06","slug":"passaportamico","status":"publish","type":"page","link":"https:\/\/conscuritiba.esteri.it\/pt\/servizi-consolari-e-visti\/servizi-per-il-cittadino-italiano\/passaporti-e-carte-didentita\/passaportamico\/","title":{"rendered":"PassaportAmico"},"content":{"rendered":"<p><strong>Ligue-nos \u00e0s sextas-feiras das 8.30 \u00e0s 12.30 no n\u00famero +41 997110083<br \/>\n<\/strong>A chamada dever\u00e1 ser realizada pessoalmente pelo interessado e os dados registrados ser\u00e3o somente aqueles compat\u00edveis com os dados de identifica\u00e7\u00e3o j\u00e1 constantes no A.I.R.E.<\/p>\n<p>O servi\u00e7o est\u00e1 dispon\u00edvel a partir de 1\u00ba de Setembro de 2023, uma ponte dedicada aos cidad\u00e3os italianos:<\/p>\n<ul>\n<li>estudantes maiores de 14 anos que precisem do passaporte italiano para frenquentar cursos de estudo em Institutos de Ensino M\u00e9dio, Universidades, Institui\u00e7\u00f5es Acad\u00eamicas, outras Institui\u00e7\u00f5es educacionais e de forma\u00e7\u00e3o profissional reconhecidas, situadas fora do Brasil e comprovado com os documentos de inscri\u00e7\u00e3o na Institui\u00e7\u00e3o de refer\u00eancia;<\/li>\n<li>com idade superior a 60 anos;<\/li>\n<li>com comprovados problemas de sa\u00fade que exijam tratamentos fora do territ\u00f3rio do Brasil;<\/li>\n<li>signat\u00e1rios de propostas de contrato de trabalho a ser executado fora do territ\u00f3rio do Brasil e cujo in\u00edcio seja eminente;<\/li>\n<li>que tenham familiares falecidos at\u00e9 o 1\u00ba grau e por esse motivo devam dirigir-se para fora do territ\u00f3rio do Brasil.<\/li>\n<\/ul>\n","protected":false},"excerpt":{"rendered":"Ligue-nos \u00e0s sextas-feiras das 8.30 \u00e0s 12.30 no n\u00famero +41 997110083 A chamada dever\u00e1 ser realizada pessoalmente pelo interessado e os dados registrados ser\u00e3o somente aqueles compat\u00edveis com os dados de identifica\u00e7\u00e3o j\u00e1 constantes no A.I.R.E. O servi\u00e7o est\u00e1 dispon\u00edvel a partir de 1\u00ba de Setembro de 2023, uma ponte dedicada aos cidad\u00e3os italianos: estudantes [&hellip;]","protected":false},"author":4,"featured_media":0,"parent":186,"menu_order":2,"comment_status":"closed","ping_status":"closed","template":"","meta":{"footnotes":""},"class_list":["post-1509","page","type-page","status-publish","hentry"],"_links":{"self":[{"href":"https:\/\/conscuritiba.esteri.it\/pt\/wp-json\/wp\/v2\/pages\/1509","targetHints":{"allow":["GET"]}}],"collection":[{"href":"https:\/\/conscuritiba.esteri.it\/pt\/wp-json\/wp\/v2\/pages"}],"about":[{"href":"https:\/\/conscuritiba.esteri.it\/pt\/wp-json\/wp\/v2\/types\/page"}],"author":[{"embeddable":true,"href":"https:\/\/conscuritiba.esteri.it\/pt\/wp-json\/wp\/v2\/users\/4"}],"replies":[{"embeddable":true,"href":"https:\/\/conscuritiba.esteri.it\/pt\/wp-json\/wp\/v2\/comments?post=1509"}],"version-history":[{"count":6,"href":"https:\/\/conscuritiba.esteri.it\/pt\/wp-json\/wp\/v2\/pages\/1509\/revisions"}],"predecessor-version":[{"id":3723,"href":"https:\/\/conscuritiba.esteri.it\/pt\/wp-json\/wp\/v2\/pages\/1509\/revisions\/3723"}],"up":[{"embeddable":true,"href":"https:\/\/conscuritiba.esteri.it\/pt\/wp-json\/wp\/v2\/pages\/186"}],"wp:attachment":[{"href":"https:\/\/conscuritiba.esteri.it\/pt\/wp-json\/wp\/v2\/media?parent=1509"}],"curies":[{"name":"wp","href":"https:\/\/api.w.org\/{rel}","templated":true}]}}