{"id":187,"date":"2022-12-07T19:46:13","date_gmt":"2022-12-07T22:46:13","guid":{"rendered":"https:\/\/conscuritiba.esteri.it\/\/servizi-consolari-e-visti\/servizi-per-il-cittadino-italiano\/emergency-travel-documents-etd\/"},"modified":"2022-12-13T15:13:43","modified_gmt":"2022-12-13T14:13:43","slug":"emergency-travel-documents-etd","status":"publish","type":"page","link":"https:\/\/conscuritiba.esteri.it\/pt\/servizi-consolari-e-visti\/servizi-per-il-cittadino-italiano\/emergency-travel-documents-etd\/","title":{"rendered":"Emergency Travel Documents (ETD)"},"content":{"rendered":"<p>O <strong>Documento de Viagem de Emerg\u00eancia (ETD)<\/strong>, \u00e9 um documento de viagem tempor\u00e1rio <strong>v\u00e1lido por 5 dias a partir da data de emiss\u00e3o<\/strong>. Pode ser emitido em caso de roubo ou perda de passaporte\u00a0 e utilizado apenas para o regresso a It\u00e1lia ou ao Estado-Membro da UE onde o requerente tem resid\u00eancia permanente comprovada pelo registro AIRE. <strong>\u00c9 necess\u00e1ria a presen\u00e7a do requerente (incluindo beb\u00e9s e menores).<\/strong><\/p>\n<p><strong>Informa\u00e7\u00f5es e agendamento tramite o e-mail <a href=\"mailto:passaporti.curitiba@esteri.it\">passaporti.curitiba@esteri.it\u00a0<\/a><\/strong><\/p>\n<p>&nbsp;<\/p>\n","protected":false},"excerpt":{"rendered":"O Documento de Viagem de Emerg\u00eancia (ETD), \u00e9 um documento de viagem tempor\u00e1rio v\u00e1lido por 5 dias a partir da data de emiss\u00e3o. Pode ser emitido em caso de roubo ou perda de passaporte\u00a0 e utilizado apenas para o regresso a It\u00e1lia ou ao Estado-Membro da UE onde o requerente tem resid\u00eancia permanente comprovada pelo [&hellip;]","protected":false},"author":3,"featured_media":0,"parent":147,"menu_order":14,"comment_status":"closed","ping_status":"closed","template":"","meta":{"footnotes":""},"class_list":["post-187","page","type-page","status-publish","hentry"],"_links":{"self":[{"href":"https:\/\/conscuritiba.esteri.it\/pt\/wp-json\/wp\/v2\/pages\/187","targetHints":{"allow":["GET"]}}],"collection":[{"href":"https:\/\/conscuritiba.esteri.it\/pt\/wp-json\/wp\/v2\/pages"}],"about":[{"href":"https:\/\/conscuritiba.esteri.it\/pt\/wp-json\/wp\/v2\/types\/page"}],"author":[{"embeddable":true,"href":"https:\/\/conscuritiba.esteri.it\/pt\/wp-json\/wp\/v2\/users\/3"}],"replies":[{"embeddable":true,"href":"https:\/\/conscuritiba.esteri.it\/pt\/wp-json\/wp\/v2\/comments?post=187"}],"version-history":[{"count":3,"href":"https:\/\/conscuritiba.esteri.it\/pt\/wp-json\/wp\/v2\/pages\/187\/revisions"}],"predecessor-version":[{"id":558,"href":"https:\/\/conscuritiba.esteri.it\/pt\/wp-json\/wp\/v2\/pages\/187\/revisions\/558"}],"up":[{"embeddable":true,"href":"https:\/\/conscuritiba.esteri.it\/pt\/wp-json\/wp\/v2\/pages\/147"}],"wp:attachment":[{"href":"https:\/\/conscuritiba.esteri.it\/pt\/wp-json\/wp\/v2\/media?parent=187"}],"curies":[{"name":"wp","href":"https:\/\/api.w.org\/{rel}","templated":true}]}}