{"id":189,"date":"2022-12-07T19:47:06","date_gmt":"2022-12-07T22:47:06","guid":{"rendered":"https:\/\/conscuritiba.esteri.it\/\/servizi-consolari-e-visti\/servizi-per-il-cittadino-italiano\/anagrafe-degli-italiani-residenti-allestero-aire\/"},"modified":"2024-01-26T12:40:05","modified_gmt":"2024-01-26T15:40:05","slug":"anagrafe-degli-italiani-residenti-allestero-aire","status":"publish","type":"page","link":"https:\/\/conscuritiba.esteri.it\/pt\/servizi-consolari-e-visti\/servizi-per-il-cittadino-italiano\/anagrafe-degli-italiani-residenti-allestero-aire\/","title":{"rendered":"Registro dos italianos residentes no exterior (AIRE)"},"content":{"rendered":"<p><strong>Registro dos Italianos Residentes no Exterior (A.I.R.E.) <\/strong><\/p>\n<p>Os cidad\u00e3os italianos maiores de idade e residentes no Paran\u00e1 e Santa Catarina podem <strong><u>GRATUITAMENTE <\/u><\/strong>ativar seu usu\u00e1rio no portal <a href=\"https:\/\/serviziconsolari.esteri.it\/\"><strong>Fast It<\/strong><\/a> para acessar os servi\u00e7os consulares, clicando no link:<\/p>\n<p><a href=\"https:\/\/serviziconsolari.esteri.it\/\">https:\/\/serviziconsolari.esteri.it\/<\/a><\/p>\n<p>Com o cadastro no Portal, sua conta ser\u00e1 ativada somente ap\u00f3s o recebimento de um <em>e-mail <\/em>de confirma\u00e7\u00e3o. Sucessivamente poder\u00e1 ter acesso ao Portal e, na se\u00e7\u00e3o <em>\u201cRegistro Consolare e AIRE\u201d<\/em>, poder\u00e1 selecionar entre os seguintes servi\u00e7os dispon\u00edveis:<\/p>\n<p>Clicar no servi\u00e7o desejado:<\/p>\n<ul>\n<li><a href=\"https:\/\/conscuritiba.esteri.it\/pt\/servizi-consolari-e-visti\/servizi-per-il-cittadino-italiano\/anagrafe-degli-italiani-residenti-allestero-aire\/iscrizione-aire\/\"><strong>Solicitar a inscri\u00e7\u00e3o no A.I.R.E. (Registro dos Italianos Residentes no Exterior)<\/strong><\/a><\/li>\n<\/ul>\n<p>Se voc\u00ea nasceu na It\u00e1lia e transferiu-se para o Paran\u00e1 ou Santa Catarina; se obteve o reconhecimento da cidadania italiana na It\u00e1lia ou atrav\u00e9s de senten\u00e7a de um Tribunal italiano; se \u00e9 proveniente de outra circunscri\u00e7\u00e3o consular.<\/p>\n<p>*Aqueles que obtiverem o reconhecimento da cidadania na It\u00e1lia (judicial ou administrativamente em um munic\u00edpio) s\u00e3o convidados a verificar a efetiva transcri\u00e7\u00e3o de seus documentos de estado civil junto ao munic\u00edpio competente antes de apresentar o pedido de cadastro no registro consular deste Consulado e marcar um agendamento para emiss\u00e2o do passaporte.<\/p>\n<p>*Se a cidadania italiana foi reconhecida neste Consulado Geral, o seu pedido de inscri\u00e7\u00e3o no AIRE j\u00e1 foi automaticamente enviado ao Comune. Poder\u00e1 acessar o portal Fast It para visualizar as suas informa\u00e7\u00f5es ou mudar de endere\u00e7o.<\/p>\n<ul>\n<li><a href=\"https:\/\/conscuritiba.esteri.it\/pt\/servizi-consolari-e-visti\/servizi-per-il-cittadino-italiano\/anagrafe-degli-italiani-residenti-allestero-aire\/visualizza-scheda-anagrafica\/\"><strong>Visualizzare della scheda anagrafica: (Consulta ficha cadastral)<\/strong><\/a><\/li>\n<\/ul>\n<p>\u00c9 poss\u00edvel visualizar online os seus dados conforme constam inscritos no registro consular.<\/p>\n<ul>\n<li><a href=\"https:\/\/conscuritiba.esteri.it\/pt\/servizi-consolari-e-visti\/servizi-per-il-cittadino-italiano\/anagrafe-degli-italiani-residenti-allestero-aire\/variazione-di-indirizzo\/\"><strong>Comunicare la variazione della propria residenza (comunicar mudan\u00e7a de endere\u00e7o)<\/strong><\/a><\/li>\n<\/ul>\n<p>\u00c9 poss\u00edvel atualizar seu endere\u00e7o e de todo o n\u00facleo familiar convivente no Paran\u00e1 e Santa Catarina.<\/p>\n<p><strong>Caso tenha d\u00favidas a respeito destas informa\u00e7\u00f5es sugerimos que escreva um <em>email<\/em> \u00e0 rede consular honor\u00e1ria dispon\u00edvel nesta p\u00e1gina: <\/strong><a href=\"https:\/\/conscuritiba.esteri.it\/it\/chi-siamo\/la-rete-consolare\/\"><strong>https:\/\/conscuritiba.esteri.it\/it\/chi-siamo\/la-rete-consolare\/<\/strong><\/a><\/p>\n","protected":false},"excerpt":{"rendered":"Registro dos Italianos Residentes no Exterior (A.I.R.E.) Os cidad\u00e3os italianos maiores de idade e residentes no Paran\u00e1 e Santa Catarina podem GRATUITAMENTE ativar seu usu\u00e1rio no portal Fast It para acessar os servi\u00e7os consulares, clicando no link: https:\/\/serviziconsolari.esteri.it\/ Com o cadastro no Portal, sua conta ser\u00e1 ativada somente ap\u00f3s o recebimento de um e-mail de [&hellip;]","protected":false},"author":3,"featured_media":0,"parent":147,"menu_order":4,"comment_status":"closed","ping_status":"closed","template":"","meta":{"footnotes":""},"class_list":["post-189","page","type-page","status-publish","hentry"],"_links":{"self":[{"href":"https:\/\/conscuritiba.esteri.it\/pt\/wp-json\/wp\/v2\/pages\/189","targetHints":{"allow":["GET"]}}],"collection":[{"href":"https:\/\/conscuritiba.esteri.it\/pt\/wp-json\/wp\/v2\/pages"}],"about":[{"href":"https:\/\/conscuritiba.esteri.it\/pt\/wp-json\/wp\/v2\/types\/page"}],"author":[{"embeddable":true,"href":"https:\/\/conscuritiba.esteri.it\/pt\/wp-json\/wp\/v2\/users\/3"}],"replies":[{"embeddable":true,"href":"https:\/\/conscuritiba.esteri.it\/pt\/wp-json\/wp\/v2\/comments?post=189"}],"version-history":[{"count":7,"href":"https:\/\/conscuritiba.esteri.it\/pt\/wp-json\/wp\/v2\/pages\/189\/revisions"}],"predecessor-version":[{"id":2226,"href":"https:\/\/conscuritiba.esteri.it\/pt\/wp-json\/wp\/v2\/pages\/189\/revisions\/2226"}],"up":[{"embeddable":true,"href":"https:\/\/conscuritiba.esteri.it\/pt\/wp-json\/wp\/v2\/pages\/147"}],"wp:attachment":[{"href":"https:\/\/conscuritiba.esteri.it\/pt\/wp-json\/wp\/v2\/media?parent=189"}],"curies":[{"name":"wp","href":"https:\/\/api.w.org\/{rel}","templated":true}]}}