{"id":191,"date":"2022-12-07T19:48:53","date_gmt":"2022-12-07T22:48:53","guid":{"rendered":"https:\/\/conscuritiba.esteri.it\/\/servizi-consolari-e-visti\/servizi-per-il-cittadino-italiano\/assistenza-ai-cittadini-allestero\/"},"modified":"2022-12-12T16:04:23","modified_gmt":"2022-12-12T15:04:23","slug":"assistenza-ai-cittadini-allestero","status":"publish","type":"page","link":"https:\/\/conscuritiba.esteri.it\/pt\/servizi-consolari-e-visti\/servizi-per-il-cittadino-italiano\/assistenza-ai-cittadini-allestero\/","title":{"rendered":"Assist\u00eancia a cidad\u00e3os no exterior"},"content":{"rendered":"<p><a href=\"https:\/\/www.esteri.it\/it\/servizi-consolari-e-visti\/italiani-all-estero\/assistenzacittadiniestero\/\"><strong>ASSIST\u00caNCIA CONSULAR &#8211; Informa\u00e7\u00f5es no site do Minist\u00e9rio das Rela\u00e7\u00f5es Exteriores (no momento, as informa\u00e7\u00f5es est\u00e3o\u00a0dispon\u00edveis apenas em l\u00edngua italiana)<\/strong><\/a><\/p>\n","protected":false},"excerpt":{"rendered":"ASSIST\u00caNCIA CONSULAR &#8211; Informa\u00e7\u00f5es no site do Minist\u00e9rio das Rela\u00e7\u00f5es Exteriores (no momento, as informa\u00e7\u00f5es est\u00e3o\u00a0dispon\u00edveis apenas em l\u00edngua italiana)","protected":false},"author":3,"featured_media":0,"parent":147,"menu_order":6,"comment_status":"closed","ping_status":"closed","template":"","meta":{"footnotes":""},"class_list":["post-191","page","type-page","status-publish","hentry"],"_links":{"self":[{"href":"https:\/\/conscuritiba.esteri.it\/pt\/wp-json\/wp\/v2\/pages\/191","targetHints":{"allow":["GET"]}}],"collection":[{"href":"https:\/\/conscuritiba.esteri.it\/pt\/wp-json\/wp\/v2\/pages"}],"about":[{"href":"https:\/\/conscuritiba.esteri.it\/pt\/wp-json\/wp\/v2\/types\/page"}],"author":[{"embeddable":true,"href":"https:\/\/conscuritiba.esteri.it\/pt\/wp-json\/wp\/v2\/users\/3"}],"replies":[{"embeddable":true,"href":"https:\/\/conscuritiba.esteri.it\/pt\/wp-json\/wp\/v2\/comments?post=191"}],"version-history":[{"count":4,"href":"https:\/\/conscuritiba.esteri.it\/pt\/wp-json\/wp\/v2\/pages\/191\/revisions"}],"predecessor-version":[{"id":354,"href":"https:\/\/conscuritiba.esteri.it\/pt\/wp-json\/wp\/v2\/pages\/191\/revisions\/354"}],"up":[{"embeddable":true,"href":"https:\/\/conscuritiba.esteri.it\/pt\/wp-json\/wp\/v2\/pages\/147"}],"wp:attachment":[{"href":"https:\/\/conscuritiba.esteri.it\/pt\/wp-json\/wp\/v2\/media?parent=191"}],"curies":[{"name":"wp","href":"https:\/\/api.w.org\/{rel}","templated":true}]}}