{"id":196,"date":"2022-12-07T19:53:09","date_gmt":"2022-12-07T22:53:09","guid":{"rendered":"https:\/\/conscuritiba.esteri.it\/\/servizi-consolari-e-visti\/servizi-per-il-cittadino-italiano\/codice-fiscale\/"},"modified":"2026-02-12T09:40:42","modified_gmt":"2026-02-12T12:40:42","slug":"codice-fiscale","status":"publish","type":"page","link":"https:\/\/conscuritiba.esteri.it\/pt\/servizi-consolari-e-visti\/servizi-per-il-cittadino-italiano\/codice-fiscale\/","title":{"rendered":"C\u00f3digo fiscal"},"content":{"rendered":"<p><strong>FORMAS DE OBTEN\u00c7\u00c3O DO \u201c<\/strong><em><strong>CODICE FISCALE<\/strong><\/em><strong>\u201d<\/strong><\/p>\n<p><strong>A) CIDAD\u00c3OS ITALIANOS\u00a0<\/strong><\/p>\n<p>O c\u00f3dige fiscal, para os cidad\u00e3os italianos inscritos no AIRE e com account no portal FAST IT devidamente associada ao nosso banco de dados (para mais informa\u00e7\u00f5es sobre o processo de associa\u00e7\u00e3o <a href=\"https:\/\/conscuritiba.esteri.it\/pt\/servizi-consolari-e-visti\/servizi-per-il-cittadino-italiano\/anagrafe-degli-italiani-residenti-allestero-aire\/visualizza-scheda-anagrafica\/\"><strong>clique aqui<\/strong><\/a>), dever\u00e1 ser solicitado atrav\u00e9s do portal <a href=\"https:\/\/serviziconsolari.esteri.it\/\">FAST IT.<\/a><\/p>\n<p>Ap\u00f3s o login no portal, na se\u00e7\u00e3o \u2018Anagrafe Consolare e Aire\u2019 dever\u00e1 ser selecionada a op\u00e7\u00e3o \u2018atribui\u00e7\u00e3o do c\u00f3digo fiscal\u2019.<\/p>\n<p>A.1) Caso seu Comune ainda n\u00e3o tenha conclu\u00eddo sua inscri\u00e7\u00e3o no A.I.R.E ser\u00e1 necess\u00e1rio enviar a solicita\u00e7\u00e3o de emiss\u00e3o do <em>codice fiscale<\/em> por e-mail para o endere\u00e7o <u><a href=\"mailto:curitiba.notarile@esteri.it\">curitiba.notarile@esteri.it<\/a><\/u><\/p>\n<p><strong>ATEN\u00c7\u00c3O<\/strong>: ser\u00e3o processados somente os pedidos que reportem no corpo do e-mail:<\/p>\n<ul>\n<li>SOBRENOME (conforme pr\u00f3prio documento de identidade);<\/li>\n<li>NOME;<\/li>\n<li>data e local de nascimento;<\/li>\n<li>endere\u00e7o pessoal de resid\u00eancia (completo, inclusive CEP)<\/li>\n<li>informa\u00e7\u00f5es de contato pessoal (celular e endere\u00e7o e-mail)<\/li>\n<\/ul>\n<p>al\u00e9m dos seguintes documentos (em formato PDF): anexos:<\/p>\n<ul>\n<li>c\u00f3pia do documento de identidade v\u00e1lido (de prefer\u00eancia passaporte);<\/li>\n<li>comprovante de resid\u00eancia em nome da pessoa interessada (exceto em caso de menores de idade, n\u00e3o ser\u00e3o admitidas declara\u00e7\u00e3o de familiares, amigos, ou terceiros);<\/li>\n<\/ul>\n<p><strong>B) <\/strong><strong>CIDAD\u00c3OS ESTRANGEIROS N\u00c3O RESIDENTES NA IT\u00c1LIA<\/strong><\/p>\n<p>Os cidad\u00e3os estrangeiros podem apresentar o pedido para a emiss\u00e3o do Codice Fiscale da seguinte forma:<\/p>\n<p>&#8211; Atrav\u00e9s do Consulado que atende a jurisdi\u00e7\u00e3o de sua resid\u00eancia.<\/p>\n<p>O pedido para o Codice Fiscale deve ser feito atrav\u00e9s do preenchimento do formul\u00e1rio espec\u00edfico que deve ser enviado ao e-mail <a href=\"mailto:curitiba.notarile@esteri.it\">curitiba.notarile@esteri.it<\/a> com uma c\u00f3pia do passaporte\u00a0 e da devida justificativa documental da necessidade. O pedido ser\u00e1 avaliado e, se aprovado, o interessado receber\u00e1 em at\u00e9 15 dias \u00fateis, em seu e-mail particular, o certificado do Codice Fiscale.<\/p>\n<p>&#8211; Atrav\u00e9s de Procura\u00e7\u00e3o Espec\u00edfica com a qual uma terceira pessoa \u00e9 autorizada a apresentar o formul\u00e1rio do pedido diretamente na Agenzia delle Entrate que se encontra em territ\u00f3rio italiano, conforme o art. 1 do D.M. de 17 de maio de 2001, n\u00ba 281.<\/p>\n<p>As localiza\u00e7\u00f5es das Agenzia delle Entrate podem ser encontradas no site <a href=\"http:\/\/www.agenziaentrate.it\/\">www.agenziaentrate.it<\/a><\/p>\n<ul>\n<li>Diretamente junto aos escrit\u00f3rios da Agenzia delle Entrate que se encontram em todo o territ\u00f3rio italiano, desde que j\u00e1 tenham feito a imigra\u00e7\u00e3o no Pa\u00eds.<\/li>\n<\/ul>\n<p>Para maiores informa\u00e7\u00f5es consulte <a href=\"https:\/\/www.agenziaentrate.gov.it\/portale\/documents\/20143\/233505\/Folder_CodiceFiscaleStranieri_08+03+23.pdf\/218dc638-ced1-3b2d-f5f2-912686b1f7fe?t=1682082253716\">Mini Guida al codice fiscale per stranieri<\/a> da Agenzia delle Entrate, dispon\u00edvel em v\u00e1rias l\u00ednguas no site <a href=\"https:\/\/www.agenziaentrate.gov.it\/portale\/mini-guida-codice-fiscale-per-stranieri\">L\u2019Agenzia \u2013 Mini guida codice fiscale per stranieri \u2013 Agenzia delle Entrate<\/a><\/p>\n<p>Nota:<\/p>\n<p>Os cidad\u00e3os dos Pa\u00edses UE che desejam permanecer na Italia devem requerer o Codice Fiscale apresentando o formul\u00e1rio AA4\/8 diretamente na Agenzia delle Entrate em territ\u00f3rio italiano. O pedido deve ser justificado e acompanhado de um documento v\u00e1lido (passaporte ou carteira de identidade v\u00e1lida para a imigra\u00e7\u00e3o).<\/p>\n<p>Os cidad\u00e3os oriundos em Pa\u00edses extra UE que desejam permanecer na Italia, o Codice Fiscale \u00e9 emitido:<\/p>\n<p>&#8211; Diretamente no Sportello Unico per l\u2019Immigrazione, presente em todas as Prefeituras o qual \u00e9 respons\u00e1vel pela autoriza\u00e7\u00e3o de ingresso aos cidad\u00e3os estrangeiros que requerem o Permesso di Soggiorno por trabalho subordinado ou pelo motivo de reuni\u00e3o familiar.<\/p>\n<p>&#8211; Junto \u00e0 Questura, departamento de Pol\u00edcia de Estado, aos cidad\u00e3os estrangeiros que requerem outras modalidades de Permesso di Soggiorno.<\/p>\n<p>&nbsp;<\/p>\n<p><strong>Motivos de Estudo<\/strong>:<\/p>\n<p>O cidad\u00e3o estrangeiro que desembarca na It\u00e1lia por motivos de estudo e deve permanecer menos de 90 dias, poder\u00e1 solicitar o Codice Fiscale em qualquer atendimento da Agenzia delle Entrate.<\/p>\n<p>O cidad\u00e3o estrangeiro que desembarcar na It\u00e1lia por motivos de estudo e deve permanecer por mais de 90 dias, deve requerer inicialmente o Permesso di Soggiorno junto \u00e0 Questura e, em tal fase, ter\u00e1 o seu Codice Fiscale emitido.<\/p>\n<p>&nbsp;<\/p>\n","protected":false},"excerpt":{"rendered":"FORMAS DE OBTEN\u00c7\u00c3O DO \u201cCODICE FISCALE\u201d A) CIDAD\u00c3OS ITALIANOS\u00a0 O c\u00f3dige fiscal, para os cidad\u00e3os italianos inscritos no AIRE e com account no portal FAST IT devidamente associada ao nosso banco de dados (para mais informa\u00e7\u00f5es sobre o processo de associa\u00e7\u00e3o clique aqui), dever\u00e1 ser solicitado atrav\u00e9s do portal FAST IT. Ap\u00f3s o login no [&hellip;]","protected":false},"author":3,"featured_media":0,"parent":147,"menu_order":2,"comment_status":"closed","ping_status":"closed","template":"","meta":{"footnotes":""},"class_list":["post-196","page","type-page","status-publish","hentry"],"_links":{"self":[{"href":"https:\/\/conscuritiba.esteri.it\/pt\/wp-json\/wp\/v2\/pages\/196","targetHints":{"allow":["GET"]}}],"collection":[{"href":"https:\/\/conscuritiba.esteri.it\/pt\/wp-json\/wp\/v2\/pages"}],"about":[{"href":"https:\/\/conscuritiba.esteri.it\/pt\/wp-json\/wp\/v2\/types\/page"}],"author":[{"embeddable":true,"href":"https:\/\/conscuritiba.esteri.it\/pt\/wp-json\/wp\/v2\/users\/3"}],"replies":[{"embeddable":true,"href":"https:\/\/conscuritiba.esteri.it\/pt\/wp-json\/wp\/v2\/comments?post=196"}],"version-history":[{"count":6,"href":"https:\/\/conscuritiba.esteri.it\/pt\/wp-json\/wp\/v2\/pages\/196\/revisions"}],"predecessor-version":[{"id":4572,"href":"https:\/\/conscuritiba.esteri.it\/pt\/wp-json\/wp\/v2\/pages\/196\/revisions\/4572"}],"up":[{"embeddable":true,"href":"https:\/\/conscuritiba.esteri.it\/pt\/wp-json\/wp\/v2\/pages\/147"}],"wp:attachment":[{"href":"https:\/\/conscuritiba.esteri.it\/pt\/wp-json\/wp\/v2\/media?parent=196"}],"curies":[{"name":"wp","href":"https:\/\/api.w.org\/{rel}","templated":true}]}}