{"id":198,"date":"2022-12-07T19:59:30","date_gmt":"2022-12-07T18:59:30","guid":{"rendered":"https:\/\/conscuritiba.esteri.it\/\/servizi-consolari-e-visti\/servizi-per-il-cittadino-straniero\/visti\/"},"modified":"2022-12-09T12:04:45","modified_gmt":"2022-12-09T11:04:45","slug":"visti","status":"publish","type":"page","link":"https:\/\/conscuritiba.esteri.it\/pt\/servizi-consolari-e-visti\/servizi-per-il-cittadino-straniero\/visti\/","title":{"rendered":"Vistos"},"content":{"rendered":"<p>Informa\u00e7\u00f5es gerais sobre vistos de entrada em territ\u00f3rio italiano (<a href=\"http:\/\/vistoperitalia.esteri.it\/\">http:\/\/vistoperitalia.esteri.it<\/a>)<\/p>\n<p>Os cidad\u00e3os brasileiros est\u00e3o isentos de visto para ingressar no Espa\u00e7o Schengen se a perman\u00eancia n\u00e3o for superior a tr\u00eas meses (90 dias) por semestre a contar da primeira entrada, por raz\u00f5es de turismo, visita, neg\u00f3cios, competi\u00e7\u00e3o esportiva, miss\u00e3o e estudos de curta dura\u00e7\u00e3o.<\/p>\n<p>Para melhor atender o requerente visto, aconselhamos efetuar agendamento via e-mail: visti.curitiba@esteri.it anexando a carta convite da institui\u00e7\u00e3o italiana, principalmente nos casos de pedido de visto de estudos.<\/p>\n<p>Para assuntos n\u00e3o presentes nesta p\u00e1gina, solicitamos que contate o setor de vistos por e-mail.<\/p>\n","protected":false},"excerpt":{"rendered":"Informa\u00e7\u00f5es gerais sobre vistos de entrada em territ\u00f3rio italiano (http:\/\/vistoperitalia.esteri.it) Os cidad\u00e3os brasileiros est\u00e3o isentos de visto para ingressar no Espa\u00e7o Schengen se a perman\u00eancia n\u00e3o for superior a tr\u00eas meses (90 dias) por semestre a contar da primeira entrada, por raz\u00f5es de turismo, visita, neg\u00f3cios, competi\u00e7\u00e3o esportiva, miss\u00e3o e estudos de curta dura\u00e7\u00e3o. Para [&hellip;]","protected":false},"author":3,"featured_media":0,"parent":148,"menu_order":0,"comment_status":"closed","ping_status":"closed","template":"","meta":{"footnotes":""},"class_list":["post-198","page","type-page","status-publish","hentry"],"_links":{"self":[{"href":"https:\/\/conscuritiba.esteri.it\/pt\/wp-json\/wp\/v2\/pages\/198","targetHints":{"allow":["GET"]}}],"collection":[{"href":"https:\/\/conscuritiba.esteri.it\/pt\/wp-json\/wp\/v2\/pages"}],"about":[{"href":"https:\/\/conscuritiba.esteri.it\/pt\/wp-json\/wp\/v2\/types\/page"}],"author":[{"embeddable":true,"href":"https:\/\/conscuritiba.esteri.it\/pt\/wp-json\/wp\/v2\/users\/3"}],"replies":[{"embeddable":true,"href":"https:\/\/conscuritiba.esteri.it\/pt\/wp-json\/wp\/v2\/comments?post=198"}],"version-history":[{"count":1,"href":"https:\/\/conscuritiba.esteri.it\/pt\/wp-json\/wp\/v2\/pages\/198\/revisions"}],"predecessor-version":[{"id":227,"href":"https:\/\/conscuritiba.esteri.it\/pt\/wp-json\/wp\/v2\/pages\/198\/revisions\/227"}],"up":[{"embeddable":true,"href":"https:\/\/conscuritiba.esteri.it\/pt\/wp-json\/wp\/v2\/pages\/148"}],"wp:attachment":[{"href":"https:\/\/conscuritiba.esteri.it\/pt\/wp-json\/wp\/v2\/media?parent=198"}],"curies":[{"name":"wp","href":"https:\/\/api.w.org\/{rel}","templated":true}]}}