{"id":199,"date":"2022-12-09T11:46:22","date_gmt":"2022-12-09T14:46:22","guid":{"rendered":"https:\/\/conscuritiba.esteri.it\/\/servizi-consolari-e-visti\/servizi-per-il-cittadino-straniero\/cittadinanza\/"},"modified":"2025-10-23T11:19:32","modified_gmt":"2025-10-23T14:19:32","slug":"cittadinanza","status":"publish","type":"page","link":"https:\/\/conscuritiba.esteri.it\/pt\/servizi-consolari-e-visti\/servizi-per-il-cittadino-straniero\/cittadinanza\/","title":{"rendered":"Cidadania"},"content":{"rendered":"<p>Informamos que este Consulado Geral, bem como a rede consular honor\u00e1ria,\u00a0<strong><u>N\u00c3O RECONHECE, DE MODO ALGUM,<\/u><\/strong>\u00a0ag\u00eancias de consultoria, despachantes ou intermedi\u00e1rios de qualquer tipo para processos de cidadania italiana.<\/p>\n<p><strong>Cidadania- <a href=\"http:\/\/Cittadinanza - Informazioni dal sito del Ministero degli Affari Esteri\">Informa\u00f5es pelo site do Ministeiro<\/a><\/strong><\/p>\n<p style=\"text-align: center;\"><strong>\u00cdNDICE DE T\u00d3PICOS<\/strong><br \/>\n(CLIQUE no t\u00f3pico desejado para ver as informa\u00e7\u00f5es relacionadas)<\/p>\n<ul>\n<li><a href=\"https:\/\/conscuritiba.esteri.it\/\/pt\/servizi-consolari-e-visti\/servizi-per-il-cittadino-straniero\/cittadinanza\/cittadinanza-italiana-iure-sanguinis\/\">RECONHECIMENTO DA CIDADANIA IURE SANGUINIS (I.S.) &#8211; O servi\u00e7o destina-se exclusivamente a cidad\u00e3os estrangeiros, pelo que consulte a p\u00e1gina em portugu\u00eas.<\/a><\/li>\n<li><a href=\"https:\/\/conscuritiba.esteri.it\/\/pt\/servizi-consolari-e-visti\/servizi-per-il-cittadino-straniero\/cittadinanza\/cittadinanza-per-matrimonio\/\">CIDADANIA ITALIANA POR CASAMENTO<\/a><\/li>\n<li><a href=\"https:\/\/conscuritiba.esteri.it\/\/pt\/servizi-consolari-e-visti\/servizi-per-il-cittadino-straniero\/cittadinanza\/legge-14-dicembre-2000-n-379-trentini\/\">LEI N. 379\/2000 &#8211; Descendentes dos Trentinos<\/a><\/li>\n<li><a href=\"https:\/\/conscuritiba.esteri.it\/pt\/servizi-consolari-e-visti\/servizi-per-il-cittadino-straniero\/cittadinanza\/certificato-di-non-rinuncia\/\">Certificato di Non Rinuncia<\/a><\/li>\n<\/ul>\n<p>&nbsp;<\/p>\n","protected":false},"excerpt":{"rendered":"Informamos que este Consulado Geral, bem como a rede consular honor\u00e1ria,\u00a0N\u00c3O RECONHECE, DE MODO ALGUM,\u00a0ag\u00eancias de consultoria, despachantes ou intermedi\u00e1rios de qualquer tipo para processos de cidadania italiana. Cidadania- Informa\u00f5es pelo site do Ministeiro \u00cdNDICE DE T\u00d3PICOS (CLIQUE no t\u00f3pico desejado para ver as informa\u00e7\u00f5es relacionadas) RECONHECIMENTO DA CIDADANIA IURE SANGUINIS (I.S.) &#8211; O servi\u00e7o [&hellip;]","protected":false},"author":3,"featured_media":0,"parent":148,"menu_order":2,"comment_status":"closed","ping_status":"closed","template":"","meta":{"footnotes":""},"class_list":["post-199","page","type-page","status-publish","hentry"],"_links":{"self":[{"href":"https:\/\/conscuritiba.esteri.it\/pt\/wp-json\/wp\/v2\/pages\/199","targetHints":{"allow":["GET"]}}],"collection":[{"href":"https:\/\/conscuritiba.esteri.it\/pt\/wp-json\/wp\/v2\/pages"}],"about":[{"href":"https:\/\/conscuritiba.esteri.it\/pt\/wp-json\/wp\/v2\/types\/page"}],"author":[{"embeddable":true,"href":"https:\/\/conscuritiba.esteri.it\/pt\/wp-json\/wp\/v2\/users\/3"}],"replies":[{"embeddable":true,"href":"https:\/\/conscuritiba.esteri.it\/pt\/wp-json\/wp\/v2\/comments?post=199"}],"version-history":[{"count":7,"href":"https:\/\/conscuritiba.esteri.it\/pt\/wp-json\/wp\/v2\/pages\/199\/revisions"}],"predecessor-version":[{"id":4192,"href":"https:\/\/conscuritiba.esteri.it\/pt\/wp-json\/wp\/v2\/pages\/199\/revisions\/4192"}],"up":[{"embeddable":true,"href":"https:\/\/conscuritiba.esteri.it\/pt\/wp-json\/wp\/v2\/pages\/148"}],"wp:attachment":[{"href":"https:\/\/conscuritiba.esteri.it\/pt\/wp-json\/wp\/v2\/media?parent=199"}],"curies":[{"name":"wp","href":"https:\/\/api.w.org\/{rel}","templated":true}]}}