{"id":200,"date":"2022-12-09T11:46:37","date_gmt":"2022-12-09T10:46:37","guid":{"rendered":"https:\/\/conscuritiba.esteri.it\/\/servizi-consolari-e-visti\/servizi-per-il-cittadino-straniero\/traduzione-e-legalizzazione-dei-documenti\/"},"modified":"2022-12-13T15:24:55","modified_gmt":"2022-12-13T14:24:55","slug":"traduzione-e-legalizzazione-dei-documenti","status":"publish","type":"page","link":"https:\/\/conscuritiba.esteri.it\/pt\/servizi-consolari-e-visti\/servizi-per-il-cittadino-straniero\/traduzione-e-legalizzazione-dei-documenti\/","title":{"rendered":"Tradu\u00e7\u00e3o e legaliza\u00e7\u00e3o de documentos"},"content":{"rendered":"<p><strong>ABOLI\u00c7\u00c3O DA LEGALIZA\u00c7\u00c3O CONSULAR dos atos p\u00fablicos estrangeiros: entrada em vigor no Brasil da Conven\u00e7\u00e3o da Haia sobre a Apostila.<\/strong><\/p>\n<p>No dia 14 de agosto de 2016 entra em vigor para o Brasil a Conven\u00e7\u00e3o da Haia, acordo estabelecido pela Confer\u00eancia da Haia de Direito Internacional Privado (HCCH), relativa \u00e0 supress\u00e3o da exig\u00eancia da legaliza\u00e7\u00e3o dos atos p\u00fablicos estrangeiros, assinada em 05 de outubro de 1961.<\/p>\n<p>A partir daquela data, a legaliza\u00e7\u00e3o dos atos p\u00fablicos brasileiros \u2013 em base \u00e0 Resolu\u00e7\u00e3o do Conselho Nacional de Justi\u00e7a no 228 de 22 de junho de 2016 \u2013 \u00e9 substitu\u00edda pelo instrumento da \u201cApostila\u201d utilizada por parte dos Cart\u00f3rios das Capitais Estaduais, e que ser\u00e3o indicados no site <a href=\"http:\/\/www.cnj.jus.br\/haia\">www.cnj.jus.br\/haia<\/a>.<\/p>\n<p>A Apostila \u00e9 uma anota\u00e7\u00e3o com a qual os Cart\u00f3rios habilitados autenticam e confirmam a validade do ato p\u00fablico estrangeiro, possibilitando aos cidad\u00e3os brasileiros de n\u00e3o mais ter que solicitar junto aos Consulados territorialmente competentes a prevista\u00a0 legaliza\u00e7\u00e3o de tais documentos.<\/p>\n<p>A Apostila ser\u00e1 outrossim aplicada \u00e0s tradu\u00e7\u00f5es dos pr\u00f3prios atos p\u00fablicos, apenas com a condi\u00e7\u00e3o que a tradu\u00e7\u00e3o seja realizada por Tradutor P\u00fablico Juramentado inclu\u00eddo nas listagens elaboradas pelas Juntas Comerciais de cada Estado da Federa\u00e7\u00e3o.<\/p>\n<p>As listas s\u00e3o publicadas nos web-sites das Juntas Comerciais de cada Estado. Indicamos a seguir os links relacionados:<\/p>\n<p>Estado do Paran\u00e1: <a href=\"https:\/\/www.juntacomercial.pr.gov.br\/modules\/conteudo\/conteudo.php?conteudo=13\">JUCEPAR<\/a><\/p>\n<p>Estado de Santa Catarina: <a href=\"http:\/\/www.jucesc.sc.gov.br\/index.php\/informacoes\/tradutores\">JUCESC<\/a><\/p>\n<p><strong>ATEN\u00c7\u00c3O: SERVI\u00c7OS de INTERMEDI\u00c1RIOS\/DESPACHANTES<\/strong><\/p>\n<p>Este Consulado Geral n\u00e3o reconhece de forma alguma nenhum escrit\u00f3rio de consultoria, despachante ou tradutor.<br \/>\nUm grande n\u00famero de usu\u00e1rios foi enganado por tais despachantes que oferecem os pr\u00f3prios servi\u00e7os na internet ou ao redor do pr\u00f3prio Consulado: eles afirmam ter rela\u00e7\u00f5es privilegiadas com este Consulado Geral, at\u00e9 mesmo exibindo documentos falsificados em base aos emitidos por esta Sede, como se existisse algum tipo de colabora\u00e7\u00e3o.<br \/>\nEm muitos casos estes despachantes fugiram com os pagamentos efetuados pelos pr\u00f3prios clientes ou cometeram falsifica\u00e7\u00f5es e emiss\u00e3o de documentos il\u00edcitos, levando \u00e0 imediata suspens\u00e3o de procedimentos pertinentes ao usu\u00e1rio que, em mais de uma ocasi\u00e3o, foi denunciado juntamente ao despachante perante as Autoridades policiais.<br \/>\nAconselhamos, portanto, que se desconfie de qualquer tipo de servi\u00e7o consular proposto por pessoas desconhecidas a este Consulado Geral e de denunciar as mesmas perante as autoridades locais competentes.<\/p>\n","protected":false},"excerpt":{"rendered":"ABOLI\u00c7\u00c3O DA LEGALIZA\u00c7\u00c3O CONSULAR dos atos p\u00fablicos estrangeiros: entrada em vigor no Brasil da Conven\u00e7\u00e3o da Haia sobre a Apostila. No dia 14 de agosto de 2016 entra em vigor para o Brasil a Conven\u00e7\u00e3o da Haia, acordo estabelecido pela Confer\u00eancia da Haia de Direito Internacional Privado (HCCH), relativa \u00e0 supress\u00e3o da exig\u00eancia da legaliza\u00e7\u00e3o [&hellip;]","protected":false},"author":3,"featured_media":0,"parent":148,"menu_order":2,"comment_status":"closed","ping_status":"closed","template":"","meta":{"footnotes":""},"class_list":["post-200","page","type-page","status-publish","hentry"],"_links":{"self":[{"href":"https:\/\/conscuritiba.esteri.it\/pt\/wp-json\/wp\/v2\/pages\/200","targetHints":{"allow":["GET"]}}],"collection":[{"href":"https:\/\/conscuritiba.esteri.it\/pt\/wp-json\/wp\/v2\/pages"}],"about":[{"href":"https:\/\/conscuritiba.esteri.it\/pt\/wp-json\/wp\/v2\/types\/page"}],"author":[{"embeddable":true,"href":"https:\/\/conscuritiba.esteri.it\/pt\/wp-json\/wp\/v2\/users\/3"}],"replies":[{"embeddable":true,"href":"https:\/\/conscuritiba.esteri.it\/pt\/wp-json\/wp\/v2\/comments?post=200"}],"version-history":[{"count":2,"href":"https:\/\/conscuritiba.esteri.it\/pt\/wp-json\/wp\/v2\/pages\/200\/revisions"}],"predecessor-version":[{"id":561,"href":"https:\/\/conscuritiba.esteri.it\/pt\/wp-json\/wp\/v2\/pages\/200\/revisions\/561"}],"up":[{"embeddable":true,"href":"https:\/\/conscuritiba.esteri.it\/pt\/wp-json\/wp\/v2\/pages\/148"}],"wp:attachment":[{"href":"https:\/\/conscuritiba.esteri.it\/pt\/wp-json\/wp\/v2\/media?parent=200"}],"curies":[{"name":"wp","href":"https:\/\/api.w.org\/{rel}","templated":true}]}}