{"id":2055,"date":"2023-12-14T10:47:31","date_gmt":"2023-12-14T13:47:31","guid":{"rendered":"https:\/\/conscuritiba.esteri.it\/servizi-consolari-e-visti\/servizi-per-il-cittadino-italiano\/assistenza-ai-cittadini-allestero\/viaggiare-allestero-con-un-animale-domestico\/"},"modified":"2023-12-14T10:49:06","modified_gmt":"2023-12-14T13:49:06","slug":"viaggiare-allestero-con-un-animale-domestico","status":"publish","type":"page","link":"https:\/\/conscuritiba.esteri.it\/pt\/servizi-consolari-e-visti\/servizi-per-il-cittadino-italiano\/assistenza-ai-cittadini-allestero\/viaggiare-allestero-con-un-animale-domestico\/","title":{"rendered":"Viajar com animal de estima\u00e7\u00e3o para o exterior"},"content":{"rendered":"<p><strong>IMPORTANTE: \u00e9 necess\u00e1rio se preparar para viajar com animal de estima\u00e7\u00e3o com a anteced\u00eancia de pelo menos 120 dias\u00a0<\/strong><\/p>\n<p>&nbsp;<\/p>\n<p>Todos os procedimentos e exig\u00eancias est\u00e3o disponibilizados em p\u00e1gina do MAPA.\u00a0<a href=\"https:\/\/www.gov.br\/agricultura\/pt-br\/assuntos\/vigilancia-agropecuaria\/animais-estimacao\">https:\/\/www.gov.br\/agricultura\/pt-br\/assuntos\/vigilancia-agropecuaria\/animais-estimacao<\/a><\/p>\n<p>Especificamente para ingressar no Brasil\u00a0<strong>com animal de estima\u00e7\u00e3o<\/strong>\u00a0:<\/p>\n<p><a href=\"https:\/\/www.gov.br\/agricultura\/pt-br\/assuntos\/vigilancia-agropecuaria\/animais-estimacao\/entrar-no-brasil\">\u00a0https:\/\/www.gov.br\/agricultura\/pt-br\/assuntos\/vigilancia-agropecuaria\/animais-estimacao\/entrar-no-brasil<\/a><\/p>\n<p>E para sair do Brasil com animal de estima\u00e7\u00e3o:\u00a0<a href=\"https:\/\/www.gov.br\/agricultura\/pt-br\/assuntos\/vigilancia-agropecuaria\/animais-estimacao\/sair-do-brasil\">\u00a0https:\/\/www.gov.br\/agricultura\/pt-br\/assuntos\/vigilancia-agropecuaria\/animais-estimacao\/sair-do-brasil<\/a><\/p>\n<p>&nbsp;<\/p>\n<p>PDF com as exig\u00eancias da Uni\u00e3o Eruopeia:\u00a0<a href=\"https:\/\/www.gov.br\/agricultura\/pt-br\/assuntos\/vigilancia-agropecuaria\/animais-estimacao\/sair-do-brasil\/requisitos-em-pdf-publicados\/uniao-europeia-site-mapa-jul-22.pdf\">https:\/\/www.gov.br\/agricultura\/pt-br\/assuntos\/vigilancia-agropecuaria\/animais-estimacao\/sair-do-brasil\/requisitos-em-pdf-publicados\/uniao-europeia-site-mapa-jul-22.pdf\u00a0<\/a><\/p>\n<p>&nbsp;<\/p>\n<p>Ainda \u00e9 disponibilizado um Manual do Cidad\u00e3o com todo o passo a passo para n\u00e3o ficarem d\u00favidas.<\/p>\n<p><strong>Acesse aqui o\u00a0<\/strong><a href=\"https:\/\/www.gov.br\/agricultura\/pt-br\/assuntos\/vigilancia-agropecuaria\/animais-estimacao\/sair-do-brasil\/manual-e-cvi-uniao-europeia-irlanda-do-norte-noruega-e-suica-jan-23-v-2.pdf\"><strong>\u201cManual do Cidad\u00e3o \u2013 Uni\u00e3o Europeia, Irlanda do Norte, Noruega e Su\u00ed\u00e7a\u201d<\/strong><\/a><\/p>\n<p>&nbsp;<\/p>\n<p>Est\u00e1 dispon\u00edvel um v\u00eddeo que explica como preencher corretamente a solicita\u00e7\u00e3o. Acesse aqui:\u00a0<a href=\"https:\/\/www.youtube.com\/watch?v=-EaTVJhcI54\"><strong>Demonstra\u00e7\u00e3o do preenchimento de uma solicita\u00e7\u00e3o com detalhamento passo a passo<\/strong>.<\/a><\/p>\n<p>&nbsp;<\/p>\n<p>Em caso de dificuldade de acesso \u00e0 ferramenta existe um canal t\u00e9cnico para o cidad\u00e3o abrir um chamado:<\/p>\n<p><a href=\"https:\/\/www.gov.br\/governodigital\/pt-br\/atendimento-gov.br\/duvidas-na-plataforma-de-automacao\">https:\/\/www.gov.br\/governodigital\/pt-br\/atendimento-gov.br\/duvidas-na-plataforma-de-automacao<\/a><\/p>\n<p>&nbsp;<\/p>\n<p>No caso de outra d\u00favida deve ser encaminhado um e-mail o Minist\u00e9rio da Agricultura do Brasil para:\u00a0<a href=\"mailto:cvi.vigiagro@agro.gov.br\">cvi.vigiagro@agro.gov.br\u00a0<\/a><\/p>\n","protected":false},"excerpt":{"rendered":"IMPORTANTE: \u00e9 necess\u00e1rio se preparar para viajar com animal de estima\u00e7\u00e3o com a anteced\u00eancia de pelo menos 120 dias\u00a0 &nbsp; Todos os procedimentos e exig\u00eancias est\u00e3o disponibilizados em p\u00e1gina do MAPA.\u00a0https:\/\/www.gov.br\/agricultura\/pt-br\/assuntos\/vigilancia-agropecuaria\/animais-estimacao Especificamente para ingressar no Brasil\u00a0com animal de estima\u00e7\u00e3o\u00a0: \u00a0https:\/\/www.gov.br\/agricultura\/pt-br\/assuntos\/vigilancia-agropecuaria\/animais-estimacao\/entrar-no-brasil E para sair do Brasil com animal de estima\u00e7\u00e3o:\u00a0\u00a0https:\/\/www.gov.br\/agricultura\/pt-br\/assuntos\/vigilancia-agropecuaria\/animais-estimacao\/sair-do-brasil &nbsp; PDF com as exig\u00eancias da [&hellip;]","protected":false},"author":4,"featured_media":0,"parent":191,"menu_order":2,"comment_status":"closed","ping_status":"closed","template":"","meta":{"footnotes":""},"class_list":["post-2055","page","type-page","status-publish","hentry"],"_links":{"self":[{"href":"https:\/\/conscuritiba.esteri.it\/pt\/wp-json\/wp\/v2\/pages\/2055","targetHints":{"allow":["GET"]}}],"collection":[{"href":"https:\/\/conscuritiba.esteri.it\/pt\/wp-json\/wp\/v2\/pages"}],"about":[{"href":"https:\/\/conscuritiba.esteri.it\/pt\/wp-json\/wp\/v2\/types\/page"}],"author":[{"embeddable":true,"href":"https:\/\/conscuritiba.esteri.it\/pt\/wp-json\/wp\/v2\/users\/4"}],"replies":[{"embeddable":true,"href":"https:\/\/conscuritiba.esteri.it\/pt\/wp-json\/wp\/v2\/comments?post=2055"}],"version-history":[{"count":1,"href":"https:\/\/conscuritiba.esteri.it\/pt\/wp-json\/wp\/v2\/pages\/2055\/revisions"}],"predecessor-version":[{"id":2057,"href":"https:\/\/conscuritiba.esteri.it\/pt\/wp-json\/wp\/v2\/pages\/2055\/revisions\/2057"}],"up":[{"embeddable":true,"href":"https:\/\/conscuritiba.esteri.it\/pt\/wp-json\/wp\/v2\/pages\/191"}],"wp:attachment":[{"href":"https:\/\/conscuritiba.esteri.it\/pt\/wp-json\/wp\/v2\/media?parent=2055"}],"curies":[{"name":"wp","href":"https:\/\/api.w.org\/{rel}","templated":true}]}}