{"id":251,"date":"2022-12-09T12:46:27","date_gmt":"2022-12-09T15:46:27","guid":{"rendered":"https:\/\/conscuritiba.esteri.it\/\/amministrazione-trasparente\/"},"modified":"2024-11-06T08:53:27","modified_gmt":"2024-11-06T11:53:27","slug":"amministrazione-trasparente","status":"publish","type":"page","link":"https:\/\/conscuritiba.esteri.it\/pt\/amministrazione-trasparente\/","title":{"rendered":"Administra\u00e7\u00e3o transparente"},"content":{"rendered":"<p>Conte\u00fado dispon\u00edvel apenas em italiano<\/p>\n","protected":false},"excerpt":{"rendered":"Conte\u00fado dispon\u00edvel apenas em italiano","protected":false},"author":3,"featured_media":0,"parent":0,"menu_order":10,"comment_status":"closed","ping_status":"closed","template":"","meta":{"footnotes":""},"class_list":["post-251","page","type-page","status-publish","hentry"],"_links":{"self":[{"href":"https:\/\/conscuritiba.esteri.it\/pt\/wp-json\/wp\/v2\/pages\/251","targetHints":{"allow":["GET"]}}],"collection":[{"href":"https:\/\/conscuritiba.esteri.it\/pt\/wp-json\/wp\/v2\/pages"}],"about":[{"href":"https:\/\/conscuritiba.esteri.it\/pt\/wp-json\/wp\/v2\/types\/page"}],"author":[{"embeddable":true,"href":"https:\/\/conscuritiba.esteri.it\/pt\/wp-json\/wp\/v2\/users\/3"}],"replies":[{"embeddable":true,"href":"https:\/\/conscuritiba.esteri.it\/pt\/wp-json\/wp\/v2\/comments?post=251"}],"version-history":[{"count":1,"href":"https:\/\/conscuritiba.esteri.it\/pt\/wp-json\/wp\/v2\/pages\/251\/revisions"}],"predecessor-version":[{"id":252,"href":"https:\/\/conscuritiba.esteri.it\/pt\/wp-json\/wp\/v2\/pages\/251\/revisions\/252"}],"wp:attachment":[{"href":"https:\/\/conscuritiba.esteri.it\/pt\/wp-json\/wp\/v2\/media?parent=251"}],"curies":[{"name":"wp","href":"https:\/\/api.w.org\/{rel}","templated":true}]}}