{"id":30,"date":"2022-12-07T11:47:17","date_gmt":"2022-12-07T14:47:17","guid":{"rendered":"https:\/\/conscuritiba.esteri.it\/\/notizie\/"},"modified":"2023-03-17T11:30:59","modified_gmt":"2023-03-17T14:30:59","slug":"news","status":"publish","type":"page","link":"https:\/\/conscuritiba.esteri.it\/pt\/news\/","title":{"rendered":"Noticias do Consulado"},"content":{"rendered":"<p>Nesta se\u00e7\u00e3o do site, o usu\u00e1rio pode consultar not\u00edcias e outras informa\u00e7\u00f5es divulgadas pelo Consulado.<\/p>\n<p>Veja\u00a0os dispon\u00edveis no menu lateral.<\/p>\n","protected":false},"excerpt":{"rendered":"Nesta se\u00e7\u00e3o do site, o usu\u00e1rio pode consultar not\u00edcias e outras informa\u00e7\u00f5es divulgadas pelo Consulado. Veja\u00a0os dispon\u00edveis no menu lateral.","protected":false},"author":2,"featured_media":0,"parent":0,"menu_order":8,"comment_status":"closed","ping_status":"closed","template":"","meta":{"footnotes":""},"class_list":["post-30","page","type-page","status-publish","hentry"],"_links":{"self":[{"href":"https:\/\/conscuritiba.esteri.it\/pt\/wp-json\/wp\/v2\/pages\/30","targetHints":{"allow":["GET"]}}],"collection":[{"href":"https:\/\/conscuritiba.esteri.it\/pt\/wp-json\/wp\/v2\/pages"}],"about":[{"href":"https:\/\/conscuritiba.esteri.it\/pt\/wp-json\/wp\/v2\/types\/page"}],"author":[{"embeddable":true,"href":"https:\/\/conscuritiba.esteri.it\/pt\/wp-json\/wp\/v2\/users\/2"}],"replies":[{"embeddable":true,"href":"https:\/\/conscuritiba.esteri.it\/pt\/wp-json\/wp\/v2\/comments?post=30"}],"version-history":[{"count":3,"href":"https:\/\/conscuritiba.esteri.it\/pt\/wp-json\/wp\/v2\/pages\/30\/revisions"}],"predecessor-version":[{"id":920,"href":"https:\/\/conscuritiba.esteri.it\/pt\/wp-json\/wp\/v2\/pages\/30\/revisions\/920"}],"wp:attachment":[{"href":"https:\/\/conscuritiba.esteri.it\/pt\/wp-json\/wp\/v2\/media?parent=30"}],"curies":[{"name":"wp","href":"https:\/\/api.w.org\/{rel}","templated":true}]}}