{"id":31,"date":"2022-12-07T11:46:53","date_gmt":"2022-12-07T10:46:53","guid":{"rendered":"https:\/\/conscuritiba.esteri.it\/\/italia-e-brasile\/"},"modified":"2022-12-07T17:32:14","modified_gmt":"2022-12-07T16:32:14","slug":"italia-e-brasile","status":"publish","type":"page","link":"https:\/\/conscuritiba.esteri.it\/pt\/italia-e-brasile\/","title":{"rendered":"It\u00e1lia e Brasil"},"content":{"rendered":"<p>Nesta se\u00e7\u00e3o o cidad\u00e3o pode efetuar on-line v\u00e1rios servi\u00e7os.<\/p>\n<p>Veja os links dispon\u00edveis no menu ao lado.<\/p>\n","protected":false},"excerpt":{"rendered":"Nesta se\u00e7\u00e3o o cidad\u00e3o pode efetuar on-line v\u00e1rios servi\u00e7os. Veja os links dispon\u00edveis no menu ao lado.","protected":false},"author":2,"featured_media":0,"parent":0,"menu_order":4,"comment_status":"closed","ping_status":"closed","template":"","meta":{"footnotes":""},"class_list":["post-31","page","type-page","status-publish","hentry"],"_links":{"self":[{"href":"https:\/\/conscuritiba.esteri.it\/pt\/wp-json\/wp\/v2\/pages\/31","targetHints":{"allow":["GET"]}}],"collection":[{"href":"https:\/\/conscuritiba.esteri.it\/pt\/wp-json\/wp\/v2\/pages"}],"about":[{"href":"https:\/\/conscuritiba.esteri.it\/pt\/wp-json\/wp\/v2\/types\/page"}],"author":[{"embeddable":true,"href":"https:\/\/conscuritiba.esteri.it\/pt\/wp-json\/wp\/v2\/users\/2"}],"replies":[{"embeddable":true,"href":"https:\/\/conscuritiba.esteri.it\/pt\/wp-json\/wp\/v2\/comments?post=31"}],"version-history":[{"count":5,"href":"https:\/\/conscuritiba.esteri.it\/pt\/wp-json\/wp\/v2\/pages\/31\/revisions"}],"predecessor-version":[{"id":58,"href":"https:\/\/conscuritiba.esteri.it\/pt\/wp-json\/wp\/v2\/pages\/31\/revisions\/58"}],"wp:attachment":[{"href":"https:\/\/conscuritiba.esteri.it\/pt\/wp-json\/wp\/v2\/media?parent=31"}],"curies":[{"name":"wp","href":"https:\/\/api.w.org\/{rel}","templated":true}]}}