{"id":32,"date":"2022-12-07T11:46:19","date_gmt":"2022-12-07T14:46:19","guid":{"rendered":"https:\/\/conscuritiba.esteri.it\/\/servizi-consolari-e-visti\/"},"modified":"2026-04-08T09:27:33","modified_gmt":"2026-04-08T12:27:33","slug":"servizi-consolari-e-visti","status":"publish","type":"page","link":"https:\/\/conscuritiba.esteri.it\/pt\/servizi-consolari-e-visti\/","title":{"rendered":"Servi\u00e7os Consulares e Vistos"},"content":{"rendered":"<p>Bem-vindo \u00e0 se\u00e7\u00e3o dedicada aos servi\u00e7os consulares.<\/p>\n<p>Para facilitar a navega\u00e7\u00e3o, dividimos os v\u00e1rios servi\u00e7os prestados em duas se\u00e7\u00f5es, as do <a href=\"https:\/\/conscuritiba.esteri.it\/\/pt\/servizi-consolari-e-visti\/servizi-per-il-cittadino-italiano\/\">cidad\u00e3o italiano<\/a> e as do <a href=\"https:\/\/conscuritiba.esteri.it\/\/pt\/servizi-consolari-e-visti\/servizi-per-il-cittadino-straniero\/\">cidad\u00e3o estrangeiro<\/a>.<\/p>\n<p>Cada item de menu cont\u00e9m informa\u00e7\u00f5es \u00fateis para solicitar servi\u00e7os espec\u00edficos.<\/p>\n<p>Um iten espec\u00edfico \u00e9 referente \u00e0s publica\u00e7\u00f5es que s\u00e3o feitas no <a href=\"https:\/\/conscuritiba.esteri.it\/pt\/servizi-consolari-e-visti\/servizi-per-il-cittadino-italiano\/altri-servizi\/albo-consolare\/\">Edital de Publica\u00e7\u00f5es<\/a>.<\/p>\n<p><a href=\"https:\/\/conscuritiba.esteri.it\/\/pt\/servizi-consolari-e-visti\/servizi-per-il-cittadino-italiano\/altri-servizi\/modulistica\/\"><strong>Modelos e informa\u00e7\u00f5es<\/strong><\/a><\/p>\n<div>\n<p><strong>Tarifas consulares<\/strong><\/p>\n<p>A <a href=\"https:\/\/conscuritiba.esteri.it\/\/wp-content\/uploads\/2022\/12\/Tabella_diritti_consolari_aggiornata__01_02_2017.pdf\">tabela das taxas consulares<\/a>, atualizada no dia 01\/02\/2017, apresenta as tarifas dos servi\u00e7os consulares oferecidos.<\/p>\n<p>A cada trimestre, ap\u00f3s a publica\u00e7\u00e3o de Decreto consular, \u00e9 fixada uma taxa de c\u00e2mbio para converter o valor em moeda local, o Real brasileiro.<\/p>\n<p>Nesta <a href=\"https:\/\/conscuritiba.esteri.it\/wp-content\/uploads\/2026\/03\/tabella_diritti_01_04_26.pdf\"><strong>tabela<\/strong><\/a> encontram-se as principais tarifas em vigor no per\u00edodo de 01\/01\/2026 at\u00e9 31\/03\/2026.<\/p>\n<\/div>\n<hr \/>\n","protected":false},"excerpt":{"rendered":"Bem-vindo \u00e0 se\u00e7\u00e3o dedicada aos servi\u00e7os consulares. Para facilitar a navega\u00e7\u00e3o, dividimos os v\u00e1rios servi\u00e7os prestados em duas se\u00e7\u00f5es, as do cidad\u00e3o italiano e as do cidad\u00e3o estrangeiro. Cada item de menu cont\u00e9m informa\u00e7\u00f5es \u00fateis para solicitar servi\u00e7os espec\u00edficos. Um iten espec\u00edfico \u00e9 referente \u00e0s publica\u00e7\u00f5es que s\u00e3o feitas no Edital de Publica\u00e7\u00f5es. Modelos e [&hellip;]","protected":false},"author":2,"featured_media":0,"parent":0,"menu_order":6,"comment_status":"closed","ping_status":"closed","template":"","meta":{"footnotes":""},"class_list":["post-32","page","type-page","status-publish","hentry"],"_links":{"self":[{"href":"https:\/\/conscuritiba.esteri.it\/pt\/wp-json\/wp\/v2\/pages\/32","targetHints":{"allow":["GET"]}}],"collection":[{"href":"https:\/\/conscuritiba.esteri.it\/pt\/wp-json\/wp\/v2\/pages"}],"about":[{"href":"https:\/\/conscuritiba.esteri.it\/pt\/wp-json\/wp\/v2\/types\/page"}],"author":[{"embeddable":true,"href":"https:\/\/conscuritiba.esteri.it\/pt\/wp-json\/wp\/v2\/users\/2"}],"replies":[{"embeddable":true,"href":"https:\/\/conscuritiba.esteri.it\/pt\/wp-json\/wp\/v2\/comments?post=32"}],"version-history":[{"count":8,"href":"https:\/\/conscuritiba.esteri.it\/pt\/wp-json\/wp\/v2\/pages\/32\/revisions"}],"predecessor-version":[{"id":4700,"href":"https:\/\/conscuritiba.esteri.it\/pt\/wp-json\/wp\/v2\/pages\/32\/revisions\/4700"}],"wp:attachment":[{"href":"https:\/\/conscuritiba.esteri.it\/pt\/wp-json\/wp\/v2\/media?parent=32"}],"curies":[{"name":"wp","href":"https:\/\/api.w.org\/{rel}","templated":true}]}}