{"id":323,"date":"2022-12-12T14:55:17","date_gmt":"2022-12-12T17:55:17","guid":{"rendered":"https:\/\/conscuritiba.esteri.it\/\/servizi-consolari-e-visti\/servizi-per-il-cittadino-italiano\/altri-servizi\/modulistica\/"},"modified":"2025-06-24T12:28:15","modified_gmt":"2025-06-24T15:28:15","slug":"modulistica","status":"publish","type":"page","link":"https:\/\/conscuritiba.esteri.it\/pt\/servizi-consolari-e-visti\/servizi-per-il-cittadino-italiano\/altri-servizi\/modulistica\/","title":{"rendered":"Modelos"},"content":{"rendered":"<p><strong>Modelos e informa\u00e7\u00f5es<\/strong><\/p>\n<p>&#8211; <a href=\"https:\/\/conscuritiba.esteri.it\/wp-content\/uploads\/2023\/06\/Modelo-N.1-Dichiarazione-Sostitutiva_NEW2023.pdf\">MOD. 1 &#8211; DECLARA\u00c7\u00c3O SUBSTITUTIVA E SOLICITA\u00c7\u00c3O DE SERVI\u00c7OS<\/a><\/p>\n<p>&#8211; <a href=\"https:\/\/conscuritiba.esteri.it\/wp-content\/uploads\/2022\/12\/Mod-2-richiesta-documenti-al-comune.doc\">MOD. 2 &#8211; MODELO DE SOLICITA\u00c7\u00c3O DE DOCUMENTOS AO COMUNE<\/a><\/p>\n<p>&#8211; <a href=\"https:\/\/conscuritiba.esteri.it\/wp-content\/uploads\/2025\/06\/8nuovo_-albero_genealogico.xls\">MOD. 3 &#8211; MODELO DE \u00c1RVORE GENEAL\u00d3GICA<\/a><\/p>\n<p>&#8211; <a href=\"https:\/\/conscuritiba.esteri.it\/wp-content\/uploads\/2022\/12\/mod4-dichiarazioneperriconoscdivorziogiudiziale_maggio2018.pdf\">MOD. 4 &#8211; DECLARA\u00c7\u00c3O PARA PESSOAS DIVORCIADAS ATRAV\u00c9S DE SENTEN\u00c7A JUDICIAL<\/a><\/p>\n<p>&#8211; <a href=\"https:\/\/conscuritiba.esteri.it\/wp-content\/uploads\/2022\/12\/mod5-dichiarazioneperriconoscdivorzioconattopubblic_maggio2018.pdf\">MOD. 5 &#8211; DECLARA\u00c7\u00c3O PARA PESSOAS DIVORCIADAS ATRAV\u00c9S DE ESCRITURA P\u00daBLICA<\/a><\/p>\n<p>&#8211; <a href=\"https:\/\/conscuritiba.esteri.it\/wp-content\/uploads\/2022\/12\/mod7-pedidodereconhecimentoquandoconvocado_2020.pdf\">MOD. 7 &#8211; PEDIDO DE RECONHECIMENTO QUANDO CONVOCADO<\/a><\/p>\n<p>&#8211; <a href=\"https:\/\/conscuritiba.esteri.it\/wp-content\/uploads\/2022\/12\/mod8-modulodecadastrosomenteparaconvocadoscidadania_2020.pdf\">MOD. 8 &#8211; M\u00d3DULO DE CADASTRO SOMENTE PARA CONVOCADOS CIDADANIA<\/a><\/p>\n<p>&#8211; <a href=\"https:\/\/conscuritiba.esteri.it\/wp-content\/uploads\/2022\/12\/mod9-dichiarazioneperriconoscsentenzacambiamentocog.pdf\">MOD. 9 &#8211; DECLARA\u00c7\u00c3O PARA RECONHECIMENTO DE SENTEN\u00c7A DE ALTERA\u00c7\u00c3O DE SOBRENOME<\/a><\/p>\n<p>&#8211; <a href=\"https:\/\/conscuritiba.esteri.it\/wp-content\/uploads\/2022\/12\/mod10-dichiarazione_riconosc_sentenza_adozione_maggio2018.pdf\">MOD. 10 &#8211; DECLARA\u00c7\u00c3O PARA RECONHECIMENTO DE SENTEN\u00c7A DE ADO\u00c7\u00c3O<\/a><\/p>\n<p>&#8211; <a href=\"https:\/\/conscuritiba.esteri.it\/wp-content\/uploads\/2022\/12\/mod_11_-_scrittura_dichiarazione_paternita_maternita_minore_14_anni.pdf\">MOD 11 &#8211; ESCRITURA RECONHECIMENTO PATERNIDADE\/MATERNIDADE MENORES DE 14 ANOS<\/a><\/p>\n<p>&#8211; <a href=\"https:\/\/conscuritiba.esteri.it\/wp-content\/uploads\/2022\/12\/mod_12_-_scrittura_dichiarazione_paternita_maternita_maggiore_14_anni.pdf\">MOD 12 &#8211; ESCRITURA RECONHECIMENTO PATERNIDADE\/MATERNIDADE MAIORES DE 14 ANOS<\/a><\/p>\n<p>&#8211; <a href=\"https:\/\/conscuritiba.esteri.it\/wp-content\/uploads\/2022\/12\/modello_richiesta_estratto_di_matrimonio_al_comune.doc\">SOLICITA\u00c7\u00c3O DE &#8220;ESTRATTO DI MATRIMONIO&#8221; AO COMUNE ITALIANO<\/a><\/p>\n<p>&#8211; <a href=\"https:\/\/conscuritiba.esteri.it\/wp-content\/uploads\/2022\/12\/richiestaassistenzadiretta_maggio2018.pdf\">SOLICITA\u00c7\u00c3O DE ASSIST\u00caNCIA SOCIAL<\/a><\/p>\n<p>&#8211; <a href=\"https:\/\/conscuritiba.esteri.it\/wp-content\/uploads\/2022\/12\/Richiesta-Codice-Fiscale.pdf\">SOLICITA\u00c7\u00c3O DE C\u00d3DIGO FISCAL<\/a><\/p>\n<p>&#8211; <a href=\"https:\/\/conscuritiba.esteri.it\/wp-content\/uploads\/2022\/12\/solicitaopenso_maggio2018.pdf\">SOLICITA\u00c7\u00c3O DE CERTID\u00c3O DE DIREITO \u00c0 PENS\u00c3O<\/a><\/p>\n<p>&#8211; <a href=\"https:\/\/conscuritiba.esteri.it\/wp-content\/uploads\/2022\/12\/richiesta_documento_di_studio_maggio_2018.pdf\">SOLICITA\u00c7\u00c3O DE DOCUMENTO DE ESTUDO<\/a><a href=\"https:\/\/conscuritiba.esteri.it\/resource\/2016\/02\/79564_f_cons57richiestalegalizzazionetitoli.doc\"><br \/>\n<\/a><\/p>\n","protected":false},"excerpt":{"rendered":"Modelos e informa\u00e7\u00f5es &#8211; MOD. 1 &#8211; DECLARA\u00c7\u00c3O SUBSTITUTIVA E SOLICITA\u00c7\u00c3O DE SERVI\u00c7OS &#8211; MOD. 2 &#8211; MODELO DE SOLICITA\u00c7\u00c3O DE DOCUMENTOS AO COMUNE &#8211; MOD. 3 &#8211; MODELO DE \u00c1RVORE GENEAL\u00d3GICA &#8211; MOD. 4 &#8211; DECLARA\u00c7\u00c3O PARA PESSOAS DIVORCIADAS ATRAV\u00c9S DE SENTEN\u00c7A JUDICIAL &#8211; MOD. 5 &#8211; DECLARA\u00c7\u00c3O PARA PESSOAS DIVORCIADAS ATRAV\u00c9S DE ESCRITURA [&hellip;]","protected":false},"author":4,"featured_media":0,"parent":188,"menu_order":2,"comment_status":"closed","ping_status":"closed","template":"","meta":{"footnotes":""},"class_list":["post-323","page","type-page","status-publish","hentry"],"_links":{"self":[{"href":"https:\/\/conscuritiba.esteri.it\/pt\/wp-json\/wp\/v2\/pages\/323","targetHints":{"allow":["GET"]}}],"collection":[{"href":"https:\/\/conscuritiba.esteri.it\/pt\/wp-json\/wp\/v2\/pages"}],"about":[{"href":"https:\/\/conscuritiba.esteri.it\/pt\/wp-json\/wp\/v2\/types\/page"}],"author":[{"embeddable":true,"href":"https:\/\/conscuritiba.esteri.it\/pt\/wp-json\/wp\/v2\/users\/4"}],"replies":[{"embeddable":true,"href":"https:\/\/conscuritiba.esteri.it\/pt\/wp-json\/wp\/v2\/comments?post=323"}],"version-history":[{"count":6,"href":"https:\/\/conscuritiba.esteri.it\/pt\/wp-json\/wp\/v2\/pages\/323\/revisions"}],"predecessor-version":[{"id":3842,"href":"https:\/\/conscuritiba.esteri.it\/pt\/wp-json\/wp\/v2\/pages\/323\/revisions\/3842"}],"up":[{"embeddable":true,"href":"https:\/\/conscuritiba.esteri.it\/pt\/wp-json\/wp\/v2\/pages\/188"}],"wp:attachment":[{"href":"https:\/\/conscuritiba.esteri.it\/pt\/wp-json\/wp\/v2\/media?parent=323"}],"curies":[{"name":"wp","href":"https:\/\/api.w.org\/{rel}","templated":true}]}}