{"id":33,"date":"2022-12-07T11:46:00","date_gmt":"2022-12-07T14:46:00","guid":{"rendered":"https:\/\/conscuritiba.esteri.it\/\/chi-siamo\/"},"modified":"2026-01-27T13:36:38","modified_gmt":"2026-01-27T16:36:38","slug":"chi-siamo","status":"publish","type":"page","link":"https:\/\/conscuritiba.esteri.it\/pt\/chi-siamo\/","title":{"rendered":"Quem somos"},"content":{"rendered":"<p><strong>Quem somos<\/strong><\/p>\n<p>O Consulado Geral da It\u00e1lia\u00a0em Curitiba \u00e9 competente pelos estados de Paran\u00e1 e Santa Catarina.<\/p>\n<p><strong>\u00a0<\/strong><\/p>\n<p><strong>ENDERE\u00c7O<\/strong><\/p>\n<p>Av. Vicente Machado, 2100 &#8211; Centro, Curitiba &#8211; PR, 80420-011<\/p>\n<p>Telefone: +55-41-3883-1750<\/p>\n<p><img loading=\"lazy\" decoding=\"async\" class=\"alignnone size-medium wp-image-3588 img-fluid\" src=\"https:\/\/conscuritiba.esteri.it\/wp-content\/uploads\/2025\/04\/Immagiene-mappa-consolato-ingrandita-300x270.png\" alt=\"\" width=\"300\" height=\"270\" srcset=\"https:\/\/conscuritiba.esteri.it\/wp-content\/uploads\/2025\/04\/Immagiene-mappa-consolato-ingrandita-300x270.png 300w, https:\/\/conscuritiba.esteri.it\/wp-content\/uploads\/2025\/04\/Immagiene-mappa-consolato-ingrandita.png 602w\" sizes=\"auto, (max-width: 300px) 100vw, 300px\" \/><\/p>\n<p><a href=\"https:\/\/goo.gl\/maps\/A1VZa7Z86g5rcY1o8\">https:\/\/goo.gl\/maps\/A1VZa7Z86g5rcY1o8<\/a><\/p>\n<p>Os departamentos podem ser contatados atrav\u00e9s dos emails dispon\u00edveis na se\u00e7\u00e3o\u00a0<u><a href=\"https:\/\/conscuritiba.esteri.it\/pt\/chi-siamo\/contatti\/\">CONTATOS<\/a>.<\/u><\/p>\n<p>E-mail: consulte a p\u00e1gina Servi\u00e7os Consulares para obter o email de cada setor<\/p>\n<p>ANTES DE ENVIAR E-MAILS COM D\u00daVIDAS PEDIMOS GENTILMENTE QUE OS USU\u00c1RIOS LEIAM COM ATEN\u00c7\u00c3O AS INSTRU\u00c7\u00d5ES DISPOSTAS NO PRESENTE SITE.<\/p>\n<p>&nbsp;<\/p>\n<p><strong>HOR\u00c1RIO DE ATENDIMENTO AO P\u00daBLICO<\/strong>: de segunda a sexta das 8:30h \u00e0s 12:30h.<br \/>\nAten\u00e7\u00e3o: alguns setores podem receber o p\u00fablico em hor\u00e1rios diferentes, mas somente com hora marcada.<\/p>\n<p>Dias em que o Consulado permanecer\u00e1 fechado ao p\u00fablico:<\/p>\n<p><u>Veja a <a href=\"https:\/\/conscuritiba.esteri.it\/wp-content\/uploads\/2026\/01\/Festivita-2026-Consolato.pdf\">LISTA DOS FERIADOS observados em 2026<\/a>.<\/u><\/p>\n","protected":false},"excerpt":{"rendered":"Quem somos O Consulado Geral da It\u00e1lia\u00a0em Curitiba \u00e9 competente pelos estados de Paran\u00e1 e Santa Catarina. \u00a0 ENDERE\u00c7O Av. Vicente Machado, 2100 &#8211; Centro, Curitiba &#8211; PR, 80420-011 Telefone: +55-41-3883-1750 https:\/\/goo.gl\/maps\/A1VZa7Z86g5rcY1o8 Os departamentos podem ser contatados atrav\u00e9s dos emails dispon\u00edveis na se\u00e7\u00e3o\u00a0CONTATOS. E-mail: consulte a p\u00e1gina Servi\u00e7os Consulares para obter o email de cada [&hellip;]","protected":false},"author":2,"featured_media":0,"parent":0,"menu_order":2,"comment_status":"closed","ping_status":"closed","template":"","meta":{"footnotes":""},"class_list":["post-33","page","type-page","status-publish","hentry"],"_links":{"self":[{"href":"https:\/\/conscuritiba.esteri.it\/pt\/wp-json\/wp\/v2\/pages\/33","targetHints":{"allow":["GET"]}}],"collection":[{"href":"https:\/\/conscuritiba.esteri.it\/pt\/wp-json\/wp\/v2\/pages"}],"about":[{"href":"https:\/\/conscuritiba.esteri.it\/pt\/wp-json\/wp\/v2\/types\/page"}],"author":[{"embeddable":true,"href":"https:\/\/conscuritiba.esteri.it\/pt\/wp-json\/wp\/v2\/users\/2"}],"replies":[{"embeddable":true,"href":"https:\/\/conscuritiba.esteri.it\/pt\/wp-json\/wp\/v2\/comments?post=33"}],"version-history":[{"count":8,"href":"https:\/\/conscuritiba.esteri.it\/pt\/wp-json\/wp\/v2\/pages\/33\/revisions"}],"predecessor-version":[{"id":4547,"href":"https:\/\/conscuritiba.esteri.it\/pt\/wp-json\/wp\/v2\/pages\/33\/revisions\/4547"}],"wp:attachment":[{"href":"https:\/\/conscuritiba.esteri.it\/pt\/wp-json\/wp\/v2\/media?parent=33"}],"curies":[{"name":"wp","href":"https:\/\/api.w.org\/{rel}","templated":true}]}}