{"id":345,"date":"2022-12-12T15:48:49","date_gmt":"2022-12-12T14:48:49","guid":{"rendered":"https:\/\/conscuritiba.esteri.it\/\/servizi-consolari-e-visti\/servizi-per-il-cittadino-italiano\/assistenza-ai-cittadini-allestero\/sanitaria\/"},"modified":"2022-12-12T15:55:22","modified_gmt":"2022-12-12T14:55:22","slug":"sanitaria","status":"publish","type":"page","link":"https:\/\/conscuritiba.esteri.it\/pt\/servizi-consolari-e-visti\/servizi-per-il-cittadino-italiano\/assistenza-ai-cittadini-allestero\/sanitaria\/","title":{"rendered":"Assist\u00eancia sanit\u00e1ria"},"content":{"rendered":"<p>Atrav\u00e9s das conven\u00e7\u00f5es estipuladas pelos Consulados com hospitais e outras institui\u00e7\u00f5es, os cidad\u00e3os italianos indigentes residentes nesta circunscri\u00e7\u00e3o poder\u00e3o usufruir de curas ambulatoriais, interna\u00e7\u00f5es hospitalares e assist\u00eancia farmac\u00eautica.<\/p>\n<p>Conven\u00e7\u00f5es ad hoc podem ser estipuladas com institui\u00e7\u00f5es que cuidar\u00e3o dos compatriotas anci\u00e3os e indigentes que, n\u00e3o sendo auto-suficientes, tenham necessidade de assist\u00eancia\u00a0cont\u00ednua de enfermeiros e psic\u00f3logos.<\/p>\n","protected":false},"excerpt":{"rendered":"Atrav\u00e9s das conven\u00e7\u00f5es estipuladas pelos Consulados com hospitais e outras institui\u00e7\u00f5es, os cidad\u00e3os italianos indigentes residentes nesta circunscri\u00e7\u00e3o poder\u00e3o usufruir de curas ambulatoriais, interna\u00e7\u00f5es hospitalares e assist\u00eancia farmac\u00eautica. Conven\u00e7\u00f5es ad hoc podem ser estipuladas com institui\u00e7\u00f5es que cuidar\u00e3o dos compatriotas anci\u00e3os e indigentes que, n\u00e3o sendo auto-suficientes, tenham necessidade de assist\u00eancia\u00a0cont\u00ednua de enfermeiros e psic\u00f3logos.","protected":false},"author":4,"featured_media":0,"parent":191,"menu_order":1,"comment_status":"closed","ping_status":"closed","template":"","meta":{"footnotes":""},"class_list":["post-345","page","type-page","status-publish","hentry"],"_links":{"self":[{"href":"https:\/\/conscuritiba.esteri.it\/pt\/wp-json\/wp\/v2\/pages\/345","targetHints":{"allow":["GET"]}}],"collection":[{"href":"https:\/\/conscuritiba.esteri.it\/pt\/wp-json\/wp\/v2\/pages"}],"about":[{"href":"https:\/\/conscuritiba.esteri.it\/pt\/wp-json\/wp\/v2\/types\/page"}],"author":[{"embeddable":true,"href":"https:\/\/conscuritiba.esteri.it\/pt\/wp-json\/wp\/v2\/users\/4"}],"replies":[{"embeddable":true,"href":"https:\/\/conscuritiba.esteri.it\/pt\/wp-json\/wp\/v2\/comments?post=345"}],"version-history":[{"count":2,"href":"https:\/\/conscuritiba.esteri.it\/pt\/wp-json\/wp\/v2\/pages\/345\/revisions"}],"predecessor-version":[{"id":347,"href":"https:\/\/conscuritiba.esteri.it\/pt\/wp-json\/wp\/v2\/pages\/345\/revisions\/347"}],"up":[{"embeddable":true,"href":"https:\/\/conscuritiba.esteri.it\/pt\/wp-json\/wp\/v2\/pages\/191"}],"wp:attachment":[{"href":"https:\/\/conscuritiba.esteri.it\/pt\/wp-json\/wp\/v2\/media?parent=345"}],"curies":[{"name":"wp","href":"https:\/\/api.w.org\/{rel}","templated":true}]}}