{"id":365,"date":"2022-12-12T16:21:45","date_gmt":"2022-12-12T19:21:45","guid":{"rendered":"https:\/\/conscuritiba.esteri.it\/\/servizi-consolari-e-visti\/servizi-per-il-cittadino-italiano\/studi\/"},"modified":"2022-12-12T16:23:58","modified_gmt":"2022-12-12T15:23:58","slug":"studi","status":"publish","type":"page","link":"https:\/\/conscuritiba.esteri.it\/pt\/servizi-consolari-e-visti\/servizi-per-il-cittadino-italiano\/studi\/","title":{"rendered":"Estudos"},"content":{"rendered":"<p>O Departamento Estudos fornece informa\u00e7\u00f5es e consultoria para a inscri\u00e7\u00e3o em escolas e Universidades na It\u00e1lia. Tamb\u00e9m emite as declara\u00e7\u00f5es de valor para os t\u00edtulos obtidos junto a escolas e Universidades dessa Circunscri\u00e7\u00e3o Consular (Estados do Paran\u00e1\u00a0e Santa Catarina), os quais s\u00e3o necess\u00e1rios para que os interessados possam obter a equival\u00eancia dos t\u00edtulos de estudo prim\u00e1rios e secund\u00e1rios aos an\u00e1logos t\u00edtulos italianos, a inscri\u00e7\u00e3o em escolas e Universidades italianas,\u00a0o reconhecimento na It\u00e1lia dos\u00a0estudos universit\u00e1rios e a concess\u00e3o\u00a0de bolsas de estudo\u00a0<strong><\/p>\n<p>Bolsas de Estudo<\/strong><\/p>\n<p>Anualmente \u00e9 publicado um edital para bolsas de estudo oferecidas a cidad\u00e3os brasileiros e italianos que residam no exterior e que superem um exame de profici\u00eancia da l\u00edngua italiana, condi\u00e7\u00e3o imprescind\u00edvel para a concorr\u00eancia.<br \/>\nO exame deve ser feito no Consulado da jurisdi\u00e7\u00e3o de resid\u00eancia.<\/p>\n<p>O edital normalmente \u00e8 publicado em mar\u00e7o, portanto, sugere-se que nesse per\u00edodo seja consultada a p\u00e1gina da <a href=\"http:\/\/www.ambbrasilia.esteri.it\/Ambasciata_Brasilia\">Embaixada da It\u00e1lia em Bras\u00edlia<\/a> para\u00a0obter todas as informa\u00e7\u00f5es necess\u00e1rias.<\/p>\n<p>Para informa\u00e7\u00f5es sobre outras oportunidades de bolsa de estudos \u00e9 poss\u00edvel ainda solicitar informa\u00e7\u00f5es diretamente \u00e0s Universidades italianas, conforme instru\u00e7\u00f5es abaixo:<\/p>\n<p>Para informa\u00e7\u00f5es espec\u00edficas sobre as v\u00e1rias bolsas que s\u00e3o oferecidas para frequentar doutorados e cursos de p\u00f3s-gradua\u00e7\u00e3o, pesquisas, cursos de gradua\u00e7\u00e3o para brasileiros consulte tamb\u00e9m o site <a href=\"http:\/\/www.capes.gov.br\">www.capes.gov.br<\/a> .\u00a0Antes que pedir as bolsas, os contatos tem que ser feitos diretamente com as institu\u00e7\u00f5es que acolher\u00e3o o bolsista. Os endere\u00e7os das Universidades Italianas se encontram no site oficial do Ministero dell&#8217;Universit\u00e0 e della Ricerca Scientifica: <a href=\"http:\/\/www.murst.it\">www.murst.it<\/a><\/p>\n<p>Bolsas oferecidas pelas Universidades Italianas. As universidades italianas sendo aut\u00f4nomas podem oferecer bolsas em v\u00e1rias disciplinas a cidad\u00e3os estrangeiros e a cidad\u00e3os italianos. Informa\u00e7\u00f5es especificas est\u00e3o dispon\u00edveis no site de cada universidade atrav\u00e9s do site oficial do Ministero dell&#8217;Universit\u00e0 e della Ricerca Scientifica: <a href=\"http:\/\/www.murst.it\">www.murst.it<\/a><\/p>\n<p>Bolsas oferecidas pelas Regi\u00f5es Italianas. As Regi\u00f5es Aut\u00f4nomas Italianas para fortalecer as liga\u00e7\u00f5es com os descendentes que moram no exterior oferecem bolsas em v\u00e1rias disciplinas , principalmente na \u00e1rea profissional. Informa\u00e7\u00f5es est\u00e3o dispon\u00edveis no site internet das Regi\u00f5es (www. regione.nomedaregi\u00e3o.it, exemplo: para a regi\u00e3o Lazio <a href=\"http:\/\/www.regione.lazio.it\">www.regione.lazio.it<\/a> , , para a regi\u00e3o Veneto <a href=\"http:\/\/www.regione.veneto.it\">www.regione.veneto.it<\/a> , para a regi\u00e3o Calabria, <a href=\"http:\/\/www.regione.calabria.it\">www.regione.calabria.it<\/a> \u00a0etc.)<\/p>\n<p>Bolsas de l\u00edngua e cultura italiana. Bolsas de estudos para breves per\u00edodos s\u00e3o oferecidas por Universidades com cursos de did\u00e1tica de italiano para estrangeiros, como por exemplo: Universit\u00e0 degli Studi di Perugia &#8211; <a href=\"http:\/\/www.unistrapg.it\">www.unistrapg.it<\/a>\u00a0; Universit\u00e0 degli Studi di Siena \u2013 <a href=\"http:\/\/www.unistrasi.it\">www.unistrasi.it<\/a>\u00a0\u00a0; Universit\u00e0 degli Studi di Venezia \u2013 <a href=\"http:\/\/www.unive.it\">www.unive.it<\/a>\u00a0; Universit\u00e0 degli Studi di Milano \u2013 <a href=\"http:\/\/www.csi.unimi.it\">www.csi.unimi.it<\/a>\u00a0; Universit\u00e0 degli Studi di RomaTre &#8211; <a href=\"http:\/\/www.uniromatre.it\">www.uniromatre.it<\/a> ; Universit\u00e0 degli Studi della Calabria \u2013 <a href=\"http:\/\/www.unical.it\">www.unical.it<\/a> \u00a0, etc. Aconselha-se tamb\u00e9m, que os interessados entrem em contato com as associa\u00e7\u00f5es de descendentes, que muitas vezes oferecem\u00a0v\u00e1rias oportunidades aos seus associados, inclu\u00eddos breve perman\u00eancia na It\u00e1lia.<\/p>\n<p><strong>Links Essenciais<br \/>\n<\/strong>\u00a0 <a title=\"Ministero degli Affari Esteri \" href=\"http:\/\/www.esteri.it\/\">Ministero degli Affari Esteri\u00a0<\/a><br \/>\n<a title=\"Ministero dell\u2019 Istruzione italiano\" href=\"http:\/\/www.istruzione.it\/\">Ministero dell\u2019 Istruzione italiano<\/a><br \/>\n<a title=\"Universit\u00e0 italiane \" href=\"http:\/\/www.univeristaitaliane.it\/\">Universit\u00e0 italiane\u00a0<\/a><br \/>\n<a title=\"Icon\" href=\"http:\/\/www.italicon.it\/\">Icon<\/a><br \/>\n<a title=\"Universit\u00e0 per Stranieri di Perugia \" href=\"http:\/\/www.unistrapg.it\/\">Universit\u00e0 per Stranieri di Perugia\u00a0<\/a><br \/>\n<a title=\"Universit\u00e0 per Stranieri di Siena\" href=\"http:\/\/www.unistrasi.it\/\">Universit\u00e0 per Stranieri di Siena<br \/>\n<\/a>\u00a0 <a title=\"Universit\u00e0 Ca\u2019 Foscari - Venezia - Laboratorio Itals \" href=\"http:\/\/www.itals.it\/\">Universit\u00e0 Ca\u2019 Foscari &#8211; Venezia &#8211; Laboratorio Itals\u00a0<\/a><br \/>\n<a title=\"Societ\u00e0 Dante Alighieri\" href=\"http:\/\/www.societadantealighieri.org\/\">Societ\u00e0 Dante Alighieri<\/a><\/p>\n<p><a href=\"mailto:culturale.curitiba@esteri.it\">Para informa\u00e7oes complementares ou nao contidas nesta pagina, o Setor de Estudos pode ser contatado tambem por email<\/a>.<\/p>\n","protected":false},"excerpt":{"rendered":"O Departamento Estudos fornece informa\u00e7\u00f5es e consultoria para a inscri\u00e7\u00e3o em escolas e Universidades na It\u00e1lia. Tamb\u00e9m emite as declara\u00e7\u00f5es de valor para os t\u00edtulos obtidos junto a escolas e Universidades dessa Circunscri\u00e7\u00e3o Consular (Estados do Paran\u00e1\u00a0e Santa Catarina), os quais s\u00e3o necess\u00e1rios para que os interessados possam obter a equival\u00eancia dos t\u00edtulos de estudo [&hellip;]","protected":false},"author":4,"featured_media":0,"parent":147,"menu_order":11,"comment_status":"closed","ping_status":"closed","template":"","meta":{"footnotes":""},"class_list":["post-365","page","type-page","status-publish","hentry"],"_links":{"self":[{"href":"https:\/\/conscuritiba.esteri.it\/pt\/wp-json\/wp\/v2\/pages\/365","targetHints":{"allow":["GET"]}}],"collection":[{"href":"https:\/\/conscuritiba.esteri.it\/pt\/wp-json\/wp\/v2\/pages"}],"about":[{"href":"https:\/\/conscuritiba.esteri.it\/pt\/wp-json\/wp\/v2\/types\/page"}],"author":[{"embeddable":true,"href":"https:\/\/conscuritiba.esteri.it\/pt\/wp-json\/wp\/v2\/users\/4"}],"replies":[{"embeddable":true,"href":"https:\/\/conscuritiba.esteri.it\/pt\/wp-json\/wp\/v2\/comments?post=365"}],"version-history":[{"count":2,"href":"https:\/\/conscuritiba.esteri.it\/pt\/wp-json\/wp\/v2\/pages\/365\/revisions"}],"predecessor-version":[{"id":367,"href":"https:\/\/conscuritiba.esteri.it\/pt\/wp-json\/wp\/v2\/pages\/365\/revisions\/367"}],"up":[{"embeddable":true,"href":"https:\/\/conscuritiba.esteri.it\/pt\/wp-json\/wp\/v2\/pages\/147"}],"wp:attachment":[{"href":"https:\/\/conscuritiba.esteri.it\/pt\/wp-json\/wp\/v2\/media?parent=365"}],"curies":[{"name":"wp","href":"https:\/\/api.w.org\/{rel}","templated":true}]}}