{"id":370,"date":"2022-12-12T16:26:08","date_gmt":"2022-12-12T15:26:08","guid":{"rendered":"https:\/\/conscuritiba.esteri.it\/\/servizi-consolari-e-visti\/servizi-per-il-cittadino-italiano\/studi\/scuole\/"},"modified":"2022-12-12T16:28:41","modified_gmt":"2022-12-12T15:28:41","slug":"scuole","status":"publish","type":"page","link":"https:\/\/conscuritiba.esteri.it\/pt\/servizi-consolari-e-visti\/servizi-per-il-cittadino-italiano\/studi\/scuole\/","title":{"rendered":"Escolas na It\u00e1lia"},"content":{"rendered":"<p class=\"boxLevel03\"><strong>Escolas na It\u00e1lia<br \/>\n<\/strong><br \/>\n&#8211; <strong><a href=\"http:\/\/www.istruzione.it\/\">Site do Minist\u00e9rio da Instru\u00e7\u00e3o<\/a><\/strong><br \/>\n&#8211; <a title=\"Vai al motore di ricerca AlboScuole. Attenzione! Questo link apre un sito esterno\" href=\"http:\/\/www.alboscuole.it\"><strong>AlboScuole<\/strong><\/a><\/p>\n","protected":false},"excerpt":{"rendered":"Escolas na It\u00e1lia &#8211; Site do Minist\u00e9rio da Instru\u00e7\u00e3o &#8211; AlboScuole","protected":false},"author":4,"featured_media":0,"parent":365,"menu_order":0,"comment_status":"closed","ping_status":"closed","template":"","meta":{"footnotes":""},"class_list":["post-370","page","type-page","status-publish","hentry"],"_links":{"self":[{"href":"https:\/\/conscuritiba.esteri.it\/pt\/wp-json\/wp\/v2\/pages\/370","targetHints":{"allow":["GET"]}}],"collection":[{"href":"https:\/\/conscuritiba.esteri.it\/pt\/wp-json\/wp\/v2\/pages"}],"about":[{"href":"https:\/\/conscuritiba.esteri.it\/pt\/wp-json\/wp\/v2\/types\/page"}],"author":[{"embeddable":true,"href":"https:\/\/conscuritiba.esteri.it\/pt\/wp-json\/wp\/v2\/users\/4"}],"replies":[{"embeddable":true,"href":"https:\/\/conscuritiba.esteri.it\/pt\/wp-json\/wp\/v2\/comments?post=370"}],"version-history":[{"count":2,"href":"https:\/\/conscuritiba.esteri.it\/pt\/wp-json\/wp\/v2\/pages\/370\/revisions"}],"predecessor-version":[{"id":372,"href":"https:\/\/conscuritiba.esteri.it\/pt\/wp-json\/wp\/v2\/pages\/370\/revisions\/372"}],"up":[{"embeddable":true,"href":"https:\/\/conscuritiba.esteri.it\/pt\/wp-json\/wp\/v2\/pages\/365"}],"wp:attachment":[{"href":"https:\/\/conscuritiba.esteri.it\/pt\/wp-json\/wp\/v2\/media?parent=370"}],"curies":[{"name":"wp","href":"https:\/\/api.w.org\/{rel}","templated":true}]}}