{"id":375,"date":"2022-12-12T16:32:15","date_gmt":"2022-12-12T15:32:15","guid":{"rendered":"https:\/\/conscuritiba.esteri.it\/\/servizi-consolari-e-visti\/servizi-per-il-cittadino-italiano\/studi\/universita\/"},"modified":"2022-12-12T16:36:06","modified_gmt":"2022-12-12T15:36:06","slug":"universita","status":"publish","type":"page","link":"https:\/\/conscuritiba.esteri.it\/pt\/servizi-consolari-e-visti\/servizi-per-il-cittadino-italiano\/studi\/universita\/","title":{"rendered":"Universidades na It\u00e1lia"},"content":{"rendered":"<p>Not\u00edcias de interesse geral sobre a organiza\u00e7\u00e3o e funcionamento das Universidades italianas se encontram na se\u00e7\u00e3oo do site do <a href=\"http:\/\/www.istruzione.it\/\">Ministerio da Instru\u00e7\u00e3o<\/a>.<\/p>\n<p>Lista completa dos Cursos Superiores &#8211; <a href=\"http:\/\/www.cineca.it\/index.htm\">portal CINECA<\/a>.<\/p>\n<p>Maiores informa\u00e7\u00f5es tambem no site da <a href=\"http:\/\/www.crui.it\/\">CRUI &#8211; Conferencia dos Reitores de Universidades Italianas <\/a><\/p>\n<p>Estudantes estrangeiros podem encontrar informa\u00e7\u00f5es sobre lugares reservados no site <a href=\"http:\/\/offertaformativa.miur.it\/studenti\/\">offerta formativa<\/a>.<\/p>\n","protected":false},"excerpt":{"rendered":"Not\u00edcias de interesse geral sobre a organiza\u00e7\u00e3o e funcionamento das Universidades italianas se encontram na se\u00e7\u00e3oo do site do Ministerio da Instru\u00e7\u00e3o. Lista completa dos Cursos Superiores &#8211; portal CINECA. Maiores informa\u00e7\u00f5es tambem no site da CRUI &#8211; Conferencia dos Reitores de Universidades Italianas Estudantes estrangeiros podem encontrar informa\u00e7\u00f5es sobre lugares reservados no site offerta [&hellip;]","protected":false},"author":4,"featured_media":0,"parent":365,"menu_order":1,"comment_status":"closed","ping_status":"closed","template":"","meta":{"footnotes":""},"class_list":["post-375","page","type-page","status-publish","hentry"],"_links":{"self":[{"href":"https:\/\/conscuritiba.esteri.it\/pt\/wp-json\/wp\/v2\/pages\/375","targetHints":{"allow":["GET"]}}],"collection":[{"href":"https:\/\/conscuritiba.esteri.it\/pt\/wp-json\/wp\/v2\/pages"}],"about":[{"href":"https:\/\/conscuritiba.esteri.it\/pt\/wp-json\/wp\/v2\/types\/page"}],"author":[{"embeddable":true,"href":"https:\/\/conscuritiba.esteri.it\/pt\/wp-json\/wp\/v2\/users\/4"}],"replies":[{"embeddable":true,"href":"https:\/\/conscuritiba.esteri.it\/pt\/wp-json\/wp\/v2\/comments?post=375"}],"version-history":[{"count":2,"href":"https:\/\/conscuritiba.esteri.it\/pt\/wp-json\/wp\/v2\/pages\/375\/revisions"}],"predecessor-version":[{"id":377,"href":"https:\/\/conscuritiba.esteri.it\/pt\/wp-json\/wp\/v2\/pages\/375\/revisions\/377"}],"up":[{"embeddable":true,"href":"https:\/\/conscuritiba.esteri.it\/pt\/wp-json\/wp\/v2\/pages\/365"}],"wp:attachment":[{"href":"https:\/\/conscuritiba.esteri.it\/pt\/wp-json\/wp\/v2\/media?parent=375"}],"curies":[{"name":"wp","href":"https:\/\/api.w.org\/{rel}","templated":true}]}}