{"id":384,"date":"2022-12-12T16:43:13","date_gmt":"2022-12-12T19:43:13","guid":{"rendered":"https:\/\/conscuritiba.esteri.it\/\/servizi-consolari-e-visti\/servizi-per-il-cittadino-italiano\/studi\/equipollenza-titoli\/"},"modified":"2023-11-24T10:28:44","modified_gmt":"2023-11-24T13:28:44","slug":"equipollenza-titoli","status":"publish","type":"page","link":"https:\/\/conscuritiba.esteri.it\/pt\/servizi-consolari-e-visti\/servizi-per-il-cittadino-italiano\/studi\/equipollenza-titoli\/","title":{"rendered":"Equival\u00eancia de t\u00edtulos"},"content":{"rendered":"<p><a href=\"mailto:culturale.curitiba@esteri.it\">Para informa\u00e7oes complementares ou nao contidas nesta pagina, o Setor de Estudos pode ser contatado tambem por email<\/a>.<\/p>\n<ul>\n<li><a href=\"https:\/\/conscuritiba.esteri.it\/pt\/servizi-consolari-e-visti\/servizi-per-il-cittadino-italiano\/studi\/dichiarazioni-di-valore\/\">Informa\u00e7\u00f5es sobre legaliza\u00e7\u00e3o de t\u00edtulos de estudo <\/a><\/li>\n<li><a href=\"https:\/\/conscuritiba.esteri.it\/wp-content\/uploads\/2023\/04\/Form.-Domanda-per-la-lega.doc.-studio.pdf\">Solicita\u00e7\u00e3o de legaliza\u00e7\u00e3o de t\u00edtulos de estudo<\/a><\/li>\n<li><a href=\"https:\/\/conscuritiba.esteri.it\/wp-content\/uploads\/2023\/04\/Richiesta-conferma-veridicita-titolo-di-studio.doc\">Solicita\u00e7\u00e3o de confirma\u00e7\u00e3o de diploma<\/a><\/li>\n<\/ul>\n","protected":false},"excerpt":{"rendered":"Para informa\u00e7oes complementares ou nao contidas nesta pagina, o Setor de Estudos pode ser contatado tambem por email. Informa\u00e7\u00f5es sobre legaliza\u00e7\u00e3o de t\u00edtulos de estudo Solicita\u00e7\u00e3o de legaliza\u00e7\u00e3o de t\u00edtulos de estudo Solicita\u00e7\u00e3o de confirma\u00e7\u00e3o de diploma","protected":false},"author":4,"featured_media":0,"parent":365,"menu_order":2,"comment_status":"closed","ping_status":"closed","template":"","meta":{"footnotes":""},"class_list":["post-384","page","type-page","status-publish","hentry"],"_links":{"self":[{"href":"https:\/\/conscuritiba.esteri.it\/pt\/wp-json\/wp\/v2\/pages\/384","targetHints":{"allow":["GET"]}}],"collection":[{"href":"https:\/\/conscuritiba.esteri.it\/pt\/wp-json\/wp\/v2\/pages"}],"about":[{"href":"https:\/\/conscuritiba.esteri.it\/pt\/wp-json\/wp\/v2\/types\/page"}],"author":[{"embeddable":true,"href":"https:\/\/conscuritiba.esteri.it\/pt\/wp-json\/wp\/v2\/users\/4"}],"replies":[{"embeddable":true,"href":"https:\/\/conscuritiba.esteri.it\/pt\/wp-json\/wp\/v2\/comments?post=384"}],"version-history":[{"count":5,"href":"https:\/\/conscuritiba.esteri.it\/pt\/wp-json\/wp\/v2\/pages\/384\/revisions"}],"predecessor-version":[{"id":1977,"href":"https:\/\/conscuritiba.esteri.it\/pt\/wp-json\/wp\/v2\/pages\/384\/revisions\/1977"}],"up":[{"embeddable":true,"href":"https:\/\/conscuritiba.esteri.it\/pt\/wp-json\/wp\/v2\/pages\/365"}],"wp:attachment":[{"href":"https:\/\/conscuritiba.esteri.it\/pt\/wp-json\/wp\/v2\/media?parent=384"}],"curies":[{"name":"wp","href":"https:\/\/api.w.org\/{rel}","templated":true}]}}