{"id":3844,"date":"2025-06-24T12:33:58","date_gmt":"2025-06-24T15:33:58","guid":{"rendered":"https:\/\/conscuritiba.esteri.it\/?page_id=3844"},"modified":"2026-03-13T09:34:10","modified_gmt":"2026-03-13T12:34:10","slug":"cidadania-para-maiores-de-idade-nascidos-no-exterior","status":"publish","type":"page","link":"https:\/\/conscuritiba.esteri.it\/pt\/servizi-consolari-e-visti\/servizi-per-il-cittadino-straniero\/cittadinanza\/cittadinanza-italiana-iure-sanguinis\/cidadania-para-maiores-de-idade-nascidos-no-exterior\/","title":{"rendered":"Cidadania para maiores de idade nascidos no exterior"},"content":{"rendered":"<p>A nova norma prev\u00ea que a\u00a0<strong>transmiss\u00e3o autom\u00e1tica<\/strong>\u00a0do\u00a0<em>status civitatis<\/em>\u00a0(condi\u00e7\u00e3o de cidad\u00e3o) n\u00e3o se aplica \u00e0queles que nasceram no exterior, inclusive antes da entrada em vigor da disposi\u00e7\u00e3o, e que possuam outra cidadania. No entanto, esse regime prev\u00ea as seguintes exce\u00e7\u00f5es, pelas quais tamb\u00e9m quem nasceu no exterior e possui outra(s) nacionalidade(s) pode ser reconhecido como cidad\u00e3o italiano desde o nascimento, se:<\/p>\n<p>&nbsp;<\/p>\n<ul>\n<li>um dos pais (inclusive adotivo) ou um dos av\u00f3s do requerente possui \u2013 ou possu\u00eda no momento do falecimento \u2013 exclusivamente a cidadania italiana (obs.: esta condi\u00e7\u00e3o deve estar presente na data de nascimento do requerente ou na data do falecimento do ascendente, se este ocorreu antes do nascimento do interessado);<\/li>\n<li>um dos pais (inclusive adotivo) cidad\u00e3o italiano residiu na It\u00e1lia por, no m\u00ednimo, dois anos consecutivos, ap\u00f3s a aquisi\u00e7\u00e3o da cidadania italiana e antes da data de nascimento ou de ado\u00e7\u00e3o do filho.<\/li>\n<\/ul>\n<p>&nbsp;<\/p>\n<p>Lembramos que tamb\u00e9m s\u00e3o considerados\u00a0<strong>cidad\u00e3os italianos desde o nascimento<\/strong>\u00a0as pessoas que se enquadram nas seguintes categorias:<\/p>\n<p>&nbsp;<\/p>\n<ul>\n<li>pessoas cuja cidadania italiana seja reconhecida ou tenha sido reconhecida pela via administrativa com base em pedido acompanhado da documenta\u00e7\u00e3o necess\u00e1ria, apresentado at\u00e9 \u00e0s 23h59 (hor\u00e1rio de Roma) de 27 de mar\u00e7o de 2025;<\/li>\n<li>pessoas cuja cidadania italiana seja reconhecida pela via administrativa com base em pedido acompanhado da documenta\u00e7\u00e3o necess\u00e1ria, apresentado na data indicada em agendamento comunicado ao interessado at\u00e9 \u00e0s 23h59 (hor\u00e1rio de Roma) de 27 de mar\u00e7o de 2025. As pessoas com direito est\u00e3o sendo contatadas por este Consulado Geral para a entrega da documenta\u00e7\u00e3o necess\u00e1ria, para si e para eventuais filhos menores. Por \u201cdocumenta\u00e7\u00e3o necess\u00e1ria\u201d entende-se aquela indispens\u00e1vel para determinar a posse da cidadania por parte do requerente, ou seja, a documenta\u00e7\u00e3o exigida pelas disposi\u00e7\u00f5es anteriores para comprovar de forma incontest\u00e1vel a origem da cidadania a partir do ascendente cidad\u00e3o italiano;<\/li>\n<li>pessoas cuja cidadania italiana esteja sendo objeto de reconhecimento judicial, com base em a\u00e7\u00e3o iniciada at\u00e9 27 de mar\u00e7o de 2025.<\/li>\n<\/ul>\n<p>&nbsp;<\/p>\n<p>Os processos de cidadania continuam sujeitos ao pagamento da taxa de 600 euros por cada adulto, a serem pagos em reais (ver\u00a0<a href=\"https:\/\/conscuritiba.esteri.it\/pt\/servizi-consolari-e-visti\/\">tabela de Tarifas Consulares<\/a>) neste Consulado Geral, no momento da apresenta\u00e7\u00e3o formal do pedido.<\/p>\n<p>&nbsp;<\/p>\n<p><strong>PROCEDIMENTO<\/strong><\/p>\n<p>&nbsp;<\/p>\n<p>A partir do m\u00eas de outubro de 2025, ser\u00e1 ativado um servi\u00e7o espec\u00edfico no portal Prenot@mi para o agendamento de hor\u00e1rios destinados aos interessados que possuam direito ao reconhecimento com base nos requisitos previstos pela nova legisla\u00e7\u00e3o.<\/p>\n<p>O processo se dividir\u00e1 nas seguintes fases:<\/p>\n<p>&nbsp;<\/p>\n<p><strong>Fase 1<\/strong><\/p>\n<p>&nbsp;<\/p>\n<p>Efetuar o cadastro no portal\u00a0<a href=\"https:\/\/prenotami.esteri.it\/\">Prenot@mi<\/a>\u00a0e reservar um hor\u00e1rio para atendimento. No momento da reserva dever\u00e1 ser anexado comprovante de resid\u00eancia nominal do interessado, emitido no m\u00e1ximo nos tr\u00eas meses anteriores e com indica\u00e7\u00e3o de efetivo consumo. Em caso de d\u00favidas este Consulado Geral se reserva no direito de solicitar mais comprovantes.<\/p>\n<p>&nbsp;<\/p>\n<p><strong>Fase 2<\/strong><\/p>\n<p>&nbsp;<\/p>\n<p>No dia do atendimento, na data e hor\u00e1rio informados pelo sistema, os interessados dever\u00e3o comparecer pessoalmente ao guich\u00ea e apresentar:<\/p>\n<p>&nbsp;<\/p>\n<ul>\n<li>comprovante da reserva no portal\u00a0<a href=\"https:\/\/prenotami.esteri.it\/\">Prenot@mi<\/a>;<\/li>\n<li>m\u00f3dulos 7 e 8 originais preenchidos e assinados com caneta azul;<\/li>\n<li>comprovante de pagamento da taxa consular de 600 Euros por requerente maior de idade \u2013 <a href=\"https:\/\/conscuritiba.esteri.it\/pt\/servizi-consolari-e-visti\/\">vide tabela trimestral vigente<\/a> \u2013 j\u00e1 impresso, com o CPF do titular da conta anotado no comprovante. Para enviar um Pix \u00e9 necess\u00e1rio informar a chave 03857327000172, enquanto para a modalidade TED os dados s\u00e3o: Banco Santander 033, Ag. 4524 Conta Corrente 13000098-2, benefici\u00e1rio Consulado Geral da It\u00e1lia, CNPJ 03.857.327\/0001-72;<\/li>\n<li>fotoc\u00f3pia do R.G. emitido no m\u00e1ximo h\u00e1 10 anos (frente e verso na mesma p\u00e1gina);<\/li>\n<li>comprovante de resid\u00eancia nominal de cada interessado. O comprovante deve ser nominal, emitido no m\u00e1ximo nos tr\u00eas meses anteriores e com indica\u00e7\u00e3o de efetivo consumo. Em caso de d\u00favidas este Consulado Geral se reserva no direito de solicitar mais comprovantes;<\/li>\n<li>documenta\u00e7\u00e3o necess\u00e1ria para comprovar a sua ascend\u00eancia italiana de acordo com as instru\u00e7\u00f5es dispon\u00edveis <a href=\"https:\/\/conscuritiba.esteri.it\/wp-content\/uploads\/2026\/03\/ROTEIRO-PARA-O-RECONHECIMENTO-DA-CIDADANIA-ITALIANA-POR-DESCENDENCIA-2026.pdf\">neste roteiro<\/a>.<\/li>\n<\/ul>\n<p>&nbsp;<\/p>\n<p><strong>Importante:<\/strong>\u00a0o interessado ou o representante do n\u00facleo familiar \u2013 que necessariamente deve ser um dos requerentes, com autoriza\u00e7\u00e3o por escrito dos demais membros da fam\u00edlia \u2013 que agenda uma data dever\u00e1 estar ciente que o agendamento \u00e9 pessoal e intransfer\u00edvel, e \u00e9 v\u00e1lido somente para o pr\u00f3prio interessado e eventualmente para o seu n\u00facleo familiar (exclusivamente pais, filhos e irm\u00e3os que se enquadrem na normativa vigente \u2013 m\u00e1ximo 5 requerentes maiores por agendamento).<\/p>\n<p>Aquele que n\u00e3o comparecer na data e hor\u00e1rio agendados dever\u00e1 realizar novo agendamento.<\/p>\n<p>&nbsp;<\/p>\n<p><strong>Fase 3<\/strong><\/p>\n<p>&nbsp;<\/p>\n<p>Este Consulado Geral proceder\u00e1 \u00e0 an\u00e1lise do requerimento\u00a0dentro dos prazos legais, comunicando eventuais solicita\u00e7\u00f5es de complementa\u00e7\u00e3o ou retifica\u00e7\u00e3o documental, caso necess\u00e1rio.<\/p>\n","protected":false},"excerpt":{"rendered":"A nova norma prev\u00ea que a\u00a0transmiss\u00e3o autom\u00e1tica\u00a0do\u00a0status civitatis\u00a0(condi\u00e7\u00e3o de cidad\u00e3o) n\u00e3o se aplica \u00e0queles que nasceram no exterior, inclusive antes da entrada em vigor da disposi\u00e7\u00e3o, e que possuam outra cidadania. No entanto, esse regime prev\u00ea as seguintes exce\u00e7\u00f5es, pelas quais tamb\u00e9m quem nasceu no exterior e possui outra(s) nacionalidade(s) pode ser reconhecido como cidad\u00e3o [&hellip;]","protected":false},"author":11,"featured_media":0,"parent":581,"menu_order":0,"comment_status":"closed","ping_status":"closed","template":"","meta":{"footnotes":""},"class_list":["post-3844","page","type-page","status-publish","hentry"],"_links":{"self":[{"href":"https:\/\/conscuritiba.esteri.it\/pt\/wp-json\/wp\/v2\/pages\/3844","targetHints":{"allow":["GET"]}}],"collection":[{"href":"https:\/\/conscuritiba.esteri.it\/pt\/wp-json\/wp\/v2\/pages"}],"about":[{"href":"https:\/\/conscuritiba.esteri.it\/pt\/wp-json\/wp\/v2\/types\/page"}],"author":[{"embeddable":true,"href":"https:\/\/conscuritiba.esteri.it\/pt\/wp-json\/wp\/v2\/users\/11"}],"replies":[{"embeddable":true,"href":"https:\/\/conscuritiba.esteri.it\/pt\/wp-json\/wp\/v2\/comments?post=3844"}],"version-history":[{"count":3,"href":"https:\/\/conscuritiba.esteri.it\/pt\/wp-json\/wp\/v2\/pages\/3844\/revisions"}],"predecessor-version":[{"id":4672,"href":"https:\/\/conscuritiba.esteri.it\/pt\/wp-json\/wp\/v2\/pages\/3844\/revisions\/4672"}],"up":[{"embeddable":true,"href":"https:\/\/conscuritiba.esteri.it\/pt\/wp-json\/wp\/v2\/pages\/581"}],"wp:attachment":[{"href":"https:\/\/conscuritiba.esteri.it\/pt\/wp-json\/wp\/v2\/media?parent=3844"}],"curies":[{"name":"wp","href":"https:\/\/api.w.org\/{rel}","templated":true}]}}