{"id":3850,"date":"2025-06-24T12:46:59","date_gmt":"2025-06-24T15:46:59","guid":{"rendered":"https:\/\/conscuritiba.esteri.it\/?page_id=3850"},"modified":"2025-06-24T12:46:59","modified_gmt":"2025-06-24T15:46:59","slug":"reaquisicao-da-cidadania-italiana","status":"publish","type":"page","link":"https:\/\/conscuritiba.esteri.it\/pt\/servizi-consolari-e-visti\/servizi-per-il-cittadino-straniero\/cittadinanza\/cittadinanza-italiana-iure-sanguinis\/reaquisicao-da-cidadania-italiana\/","title":{"rendered":"Reaquisi\u00e7\u00e3o da cidadania italiana"},"content":{"rendered":"<p>O artigo 1-ter prev\u00ea que quem nasceu na It\u00e1lia ou nela residiu por pelo menos dois anos consecutivos, e tenha perdido a cidadania em aplica\u00e7\u00e3o de disposi\u00e7\u00f5es espec\u00edficas da Lei n\u00ba 555 de 1912, at\u00e9\u00a0<strong>e n\u00e3o al\u00e9m<\/strong>\u00a0de 15 de agosto de 1992, poder\u00e1 readquiri-la se fizer uma\u00a0<strong>declara\u00e7\u00e3o nesse sentido entre 1\u00ba de julho de 2025 e 31 de dezembro de 2027<\/strong>.<\/p>\n<p>&nbsp;<\/p>\n<p>Esses procedimentos de reaquisi\u00e7\u00e3o da cidadania estar\u00e3o sujeitos a uma\u00a0<strong>taxa reduzida de 250 euros<\/strong>, a ser paga no consulado no momento da apresenta\u00e7\u00e3o formal do pedido.<\/p>\n<p>&nbsp;<\/p>\n<p>Nas pr\u00f3ximas semanas ser\u00e1 ativado um servi\u00e7o espec\u00edfico no portal\u00a0<a href=\"https:\/\/prenotami.esteri.it\/\"><strong>Prenot@mi<\/strong><\/a>, para o agendamento de hor\u00e1rios para os interessados que preencham os requisitos previstos pela nova legisla\u00e7\u00e3o, de modo a atender\u00a0<strong>TODOS os que t\u00eam direito<\/strong>\u00a0dentro dos prazos estabelecidos por lei.<\/p>\n","protected":false},"excerpt":{"rendered":"O artigo 1-ter prev\u00ea que quem nasceu na It\u00e1lia ou nela residiu por pelo menos dois anos consecutivos, e tenha perdido a cidadania em aplica\u00e7\u00e3o de disposi\u00e7\u00f5es espec\u00edficas da Lei n\u00ba 555 de 1912, at\u00e9\u00a0e n\u00e3o al\u00e9m\u00a0de 15 de agosto de 1992, poder\u00e1 readquiri-la se fizer uma\u00a0declara\u00e7\u00e3o nesse sentido entre 1\u00ba de julho de 2025 [&hellip;]","protected":false},"author":11,"featured_media":0,"parent":581,"menu_order":0,"comment_status":"closed","ping_status":"closed","template":"","meta":{"footnotes":""},"class_list":["post-3850","page","type-page","status-publish","hentry"],"_links":{"self":[{"href":"https:\/\/conscuritiba.esteri.it\/pt\/wp-json\/wp\/v2\/pages\/3850","targetHints":{"allow":["GET"]}}],"collection":[{"href":"https:\/\/conscuritiba.esteri.it\/pt\/wp-json\/wp\/v2\/pages"}],"about":[{"href":"https:\/\/conscuritiba.esteri.it\/pt\/wp-json\/wp\/v2\/types\/page"}],"author":[{"embeddable":true,"href":"https:\/\/conscuritiba.esteri.it\/pt\/wp-json\/wp\/v2\/users\/11"}],"replies":[{"embeddable":true,"href":"https:\/\/conscuritiba.esteri.it\/pt\/wp-json\/wp\/v2\/comments?post=3850"}],"version-history":[{"count":1,"href":"https:\/\/conscuritiba.esteri.it\/pt\/wp-json\/wp\/v2\/pages\/3850\/revisions"}],"predecessor-version":[{"id":3851,"href":"https:\/\/conscuritiba.esteri.it\/pt\/wp-json\/wp\/v2\/pages\/3850\/revisions\/3851"}],"up":[{"embeddable":true,"href":"https:\/\/conscuritiba.esteri.it\/pt\/wp-json\/wp\/v2\/pages\/581"}],"wp:attachment":[{"href":"https:\/\/conscuritiba.esteri.it\/pt\/wp-json\/wp\/v2\/media?parent=3850"}],"curies":[{"name":"wp","href":"https:\/\/api.w.org\/{rel}","templated":true}]}}