{"id":395,"date":"2022-12-12T16:52:27","date_gmt":"2022-12-12T15:52:27","guid":{"rendered":"https:\/\/conscuritiba.esteri.it\/\/servizi-consolari-e-visti\/servizi-per-il-cittadino-italiano\/studi\/corsi-di-lingua\/"},"modified":"2022-12-12T16:54:32","modified_gmt":"2022-12-12T15:54:32","slug":"corsi-di-lingua","status":"publish","type":"page","link":"https:\/\/conscuritiba.esteri.it\/pt\/servizi-consolari-e-visti\/servizi-per-il-cittadino-italiano\/studi\/corsi-di-lingua\/","title":{"rendered":"Cursos de l\u00edngua"},"content":{"rendered":"<div>\n<p><strong>APRENDER A L\u00cdNGUA ITALIANA NO BRASIL<\/strong><\/p>\n<p>Voc\u00ea deseja aprender a l\u00edngua italiana no Brasil?<br \/>\nNesta p\u00e1gina encontrar\u00e1 alguns \u00fateis conselhos. Bom estudo!<\/p>\n<p>Se voc\u00ea mora em S\u00e3o Paulo ou no Rio de Janeiro, contate os <strong>Institutos Italianos de Cultura<\/strong> que organizam cursos de l\u00edngua italiana com docentes de l\u00edngua materna:<\/p>\n<p><a href=\"http:\/\/www.iicsanpaolo.esteri.it\/iic_sanpaolo\/it\/\">http:\/\/www.iicsanpaolo.esteri.it\/iic_sanpaolo\/it\/<\/a><\/p>\n<p><a href=\"http:\/\/www.iicrio.esteri.it\/iic_riodejaneiro\/it\/\">http:\/\/www.iicrio.esteri.it\/iic_riodejaneiro\/it\/<\/a><\/p>\n<p>Em outras cidades brasileiras operam entidades financiadas pelo Minist\u00e9rio italiano das Rela\u00e7\u00f5es Exteriores e da Coopera\u00e7\u00e3o Internacional (MAECI). Estas entidades \u2013 denominadas entidades gestoras \u2013 desenvolvem um papel muito relevante na promo\u00e7\u00e3o da l\u00edngua e da cultura italiana no Brasil, em especial organizando cursos de l\u00edngua e cultura italiana para adultos.<\/p>\n<p>A seguir, divididos por cada Circunscri\u00e7\u00e3o Consular, s\u00e3o indicados os elementos para melhor conhecer suas atividades:<\/p>\n<p><strong>Consulado Geral de S\u00e3o Paulo<\/strong><\/p>\n<p>FECIBESP &#8211; Federa\u00e7\u00e3o das Entidades Culturais \u00cdtalo-Brasileiras do Estado de S\u00e3o Paulo &#8211; <a href=\"http:\/\/www.fecibesp.org.br\">www.fecibesp.org.br<\/a><\/p>\n<p><strong>Consulado Geral do Rio de Janeiro<\/strong><\/p>\n<p>ALCIES &#8211; Associa\u00e7\u00e3o L\u00edngua e Cultura Italiana Esp\u00edrito Santo &#8211; <a href=\"https:\/\/sites.google.com\/site\/alcieslinguaitaliana\/\">https:\/\/sites.google.com\/site\/alcieslinguaitaliana\/<\/a><\/p>\n<p><strong>Consulado Geral de Curitiba<\/strong><\/p>\n<p>CCIPRSC \u2013 Centro di Cultura italiana Paran\u00e1 e Santa Catarina &#8211; <a href=\"http:\/\/www.cciprsc.com.br\">www.cciprsc.com.br<\/a><\/p>\n<p><strong>Consulado Geral de Porto Alegre<\/strong><\/p>\n<p>AISM &#8211; Associa\u00e7\u00e3o Italiana de Santa Maria &#8211; <a href=\"http:\/\/www.aism.com.br\/\">www.aism.com.br\/<\/a><\/p>\n<p><strong>Consulado do Recife<\/strong><\/p>\n<p>ICIF &#8211; Instituto de Cultura Italiana de Fortaleza <a href=\"http:\/\/www.icif.com.br\">www.icif.com.br<\/a><\/p>\n<p>Dante Alighieri &#8211; Recife &#8211; <a href=\"http:\/\/www.dantealighierirecife.blogspot.com\">www.dantealighierirecife.blogspot.com<\/a><\/p>\n<p><strong>Consulado de Belo Horizonte<\/strong><\/p>\n<p>Fondazione Torino &#8211; <a href=\"http:\/\/www.fundacaotorino.com.br\">www.fundacaotorino.com.br<\/a><\/p>\n<p>Al\u00e9m disso, para aqueles que desejam proporcionar aos pr\u00f3prios filhos um modelo educacional bil\u00edngue, no Brasil funcionam duas excelentes escolas parit\u00e1rias italianas que seguem, al\u00e9m do curr\u00edculo brasileiro, tamb\u00e9m aquele italiano. O t\u00edtulo de estudo expedido ao aluno por estas institui\u00e7\u00f5es, ap\u00f3s ter sido aprovado no Exame de Estado final, possibilita a prosseguimento dos estudos na It\u00e1lia sem a necessidade de nenhuma outra documenta\u00e7\u00e3o.<\/p>\n<p>\u201cEscola Italiana Eugenio Montale\u201d de S\u00e3o Paulo com calend\u00e1rio austral \u2013 Exames de Estado no m\u00eas de dezembro. <a href=\"http:\/\/www.montale.com.br\">www.montale.com.br<\/a><\/p>\n<p>\u201cFunda\u00e7\u00e3o Torino\u201d de Belo Horizonte com calend\u00e1rio boreal \u2013 Exame de Estado no m\u00eas de junho. <a href=\"http:\/\/www.fundacaotorino.com.br\">www.fundacaotorino.com.br<\/a><\/p>\n<\/div>\n","protected":false},"excerpt":{"rendered":"APRENDER A L\u00cdNGUA ITALIANA NO BRASIL Voc\u00ea deseja aprender a l\u00edngua italiana no Brasil? Nesta p\u00e1gina encontrar\u00e1 alguns \u00fateis conselhos. Bom estudo! Se voc\u00ea mora em S\u00e3o Paulo ou no Rio de Janeiro, contate os Institutos Italianos de Cultura que organizam cursos de l\u00edngua italiana com docentes de l\u00edngua materna: http:\/\/www.iicsanpaolo.esteri.it\/iic_sanpaolo\/it\/ http:\/\/www.iicrio.esteri.it\/iic_riodejaneiro\/it\/ Em outras cidades [&hellip;]","protected":false},"author":4,"featured_media":0,"parent":365,"menu_order":4,"comment_status":"closed","ping_status":"closed","template":"","meta":{"footnotes":""},"class_list":["post-395","page","type-page","status-publish","hentry"],"_links":{"self":[{"href":"https:\/\/conscuritiba.esteri.it\/pt\/wp-json\/wp\/v2\/pages\/395","targetHints":{"allow":["GET"]}}],"collection":[{"href":"https:\/\/conscuritiba.esteri.it\/pt\/wp-json\/wp\/v2\/pages"}],"about":[{"href":"https:\/\/conscuritiba.esteri.it\/pt\/wp-json\/wp\/v2\/types\/page"}],"author":[{"embeddable":true,"href":"https:\/\/conscuritiba.esteri.it\/pt\/wp-json\/wp\/v2\/users\/4"}],"replies":[{"embeddable":true,"href":"https:\/\/conscuritiba.esteri.it\/pt\/wp-json\/wp\/v2\/comments?post=395"}],"version-history":[{"count":1,"href":"https:\/\/conscuritiba.esteri.it\/pt\/wp-json\/wp\/v2\/pages\/395\/revisions"}],"predecessor-version":[{"id":396,"href":"https:\/\/conscuritiba.esteri.it\/pt\/wp-json\/wp\/v2\/pages\/395\/revisions\/396"}],"up":[{"embeddable":true,"href":"https:\/\/conscuritiba.esteri.it\/pt\/wp-json\/wp\/v2\/pages\/365"}],"wp:attachment":[{"href":"https:\/\/conscuritiba.esteri.it\/pt\/wp-json\/wp\/v2\/media?parent=395"}],"curies":[{"name":"wp","href":"https:\/\/api.w.org\/{rel}","templated":true}]}}