{"id":401,"date":"2022-12-12T17:30:50","date_gmt":"2022-12-12T20:30:50","guid":{"rendered":"https:\/\/conscuritiba.esteri.it\/\/servizi-consolari-e-visti\/servizi-per-il-cittadino-italiano\/passaporti-e-carte-didentita\/postazioni-biometriche-consolati-onorari\/"},"modified":"2025-07-24T13:14:58","modified_gmt":"2025-07-24T16:14:58","slug":"postazioni-biometriche-consolati-onorari","status":"publish","type":"page","link":"https:\/\/conscuritiba.esteri.it\/pt\/servizi-consolari-e-visti\/servizi-per-il-cittadino-italiano\/passaporti-e-carte-didentita\/postazioni-biometriche-consolati-onorari\/","title":{"rendered":"Aparelhos biom\u00e9tricos Consulados Honorarios &#8211; Guich\u00e9 Consular de Florian\u00f3polis"},"content":{"rendered":"<p style=\"text-align: justify;\">Informa-se que est\u00e3o ativos, o Vice-Consulado em <strong>Londrina<\/strong>,\u00a0Ag\u00eancia consular em <strong>Blumenau<\/strong>,\u00a0Ag\u00eancia consular em <strong>Criciuma, <\/strong>Ag\u00eancia consular em <strong>Joinville<\/strong> e Ag\u00eancia consular em <b>Foz do Igua\u00e7\u00fa <\/b>os aparelhos para a obten\u00e7\u00e3o das impress\u00f5es biom\u00e9tricas dos passaportes eletr\u00f4nicos, que estar\u00e3o sob a responsabilidade dos titulares dos Escrit\u00f3rios honor\u00e1rios.<\/p>\n<p style=\"text-align: justify;\">Os residentes no Norte do Paran\u00e1 e em Santa Catarina poder\u00e3o requerer um agendamento ao escrit\u00f3rio honor\u00e1rio territorialmente competente,via e-mail:<\/p>\n<ul>\n<li><a href=\"mailto:londrina.vicecons.onorario@gmail.com\">londrina.vicecons.onorario@gmail.com<\/a><\/li>\n<li><a href=\"mailto:blumenau.agcons.onoraria@hotmail.com\">blumenau.agcons.onoraria@hotmail.com<\/a><\/li>\n<li><a href=\"mailto:criciuma.agcons.onoraria@outlook.com\">criciuma.agcons.onoraria@outlook.com\u00a0<\/a><\/li>\n<li><a href=\"mailto:joinville.agcons.onoraria@agenciaconsularjoinville.com.br\">joinville.agcons.onoraria@agenciaconsularjoinville.com.br<\/a><\/li>\n<li><a href=\"mailto:fozdoiguacu.agcons.onoraria@gmail.com\">fozdoiguacu.agcons.onoraria@gmail.com<\/a><\/li>\n<\/ul>\n<p>anexando c\u00f3pia digitalizada de um documento de identidade v\u00e1lido, a copia da propria posi\u00e7\u00e3o anagr\u00e1fica atualizada (imprimir a tela no aplicativo <a href=\"https:\/\/conscuritiba.esteri.it\/\/pt\/servizi-consolari-e-visti\/servizi-per-il-cittadino-italiano\/anagrafe-degli-italiani-residenti-allestero-aire\/visualizza-scheda-anagrafica\/\"><strong>FAST IT<\/strong><\/a> no site oficial do Consulado Geral da It\u00e1lia) e os eventuais documentos da motiva\u00e7\u00e3o da viagem.<\/p>\n<p style=\"text-align: justify;\"><span class=\"HwtZe\" lang=\"pt\"><span class=\"jCAhz JxVs2d ChMk0b\"><span class=\"ryNqvb\">As solicita\u00e7\u00f5es ser\u00e3o posteriormente encaminhadas, \u00e0s custas do interessado, ao Consulado em Curitiba para a confec\u00e7\u00e3o do passaporte, e o interessado poder\u00e1 requer o envio do passaporte <\/span><\/span><\/span><span class=\"HwtZe\" lang=\"pt\"><span class=\"jCAhz JxVs2d ChMk0b\"><span class=\"ryNqvb\">para o seu endere\u00e7o <\/span><\/span><\/span><span class=\"HwtZe\" lang=\"pt\"><span class=\"jCAhz JxVs2d ChMk0b\"><span class=\"ryNqvb\">mediante assinatura de termo de responsabilidade e pagamento dos custos de envio<\/span><\/span><\/span>.<\/p>\n<p style=\"text-align: justify;\">Quanto a documenta\u00e7\u00e3o, a autoriza\u00e7\u00e3o em caso de menores e o comprovante do pagamento da taxa, dever\u00e1 ser entregue no escrit\u00f3rio honor\u00e1rio, continuar\u00e3o v\u00e1lidas todas as <a href=\"https:\/\/conscuritiba.esteri.it\/\/pt\/servizi-consolari-e-visti\/servizi-per-il-cittadino-italiano\/passaporti-e-carte-didentita\/\">instru\u00e7\u00f5es contidas no site institucional do Consulado Geral.<\/a><\/p>\n","protected":false},"excerpt":{"rendered":"Informa-se que est\u00e3o ativos, o Vice-Consulado em Londrina,\u00a0Ag\u00eancia consular em Blumenau,\u00a0Ag\u00eancia consular em Criciuma, Ag\u00eancia consular em Joinville e Ag\u00eancia consular em Foz do Igua\u00e7\u00fa os aparelhos para a obten\u00e7\u00e3o das impress\u00f5es biom\u00e9tricas dos passaportes eletr\u00f4nicos, que estar\u00e3o sob a responsabilidade dos titulares dos Escrit\u00f3rios honor\u00e1rios. Os residentes no Norte do Paran\u00e1 e em Santa [&hellip;]","protected":false},"author":4,"featured_media":0,"parent":186,"menu_order":0,"comment_status":"closed","ping_status":"closed","template":"","meta":{"footnotes":""},"class_list":["post-401","page","type-page","status-publish","hentry"],"_links":{"self":[{"href":"https:\/\/conscuritiba.esteri.it\/pt\/wp-json\/wp\/v2\/pages\/401","targetHints":{"allow":["GET"]}}],"collection":[{"href":"https:\/\/conscuritiba.esteri.it\/pt\/wp-json\/wp\/v2\/pages"}],"about":[{"href":"https:\/\/conscuritiba.esteri.it\/pt\/wp-json\/wp\/v2\/types\/page"}],"author":[{"embeddable":true,"href":"https:\/\/conscuritiba.esteri.it\/pt\/wp-json\/wp\/v2\/users\/4"}],"replies":[{"embeddable":true,"href":"https:\/\/conscuritiba.esteri.it\/pt\/wp-json\/wp\/v2\/comments?post=401"}],"version-history":[{"count":7,"href":"https:\/\/conscuritiba.esteri.it\/pt\/wp-json\/wp\/v2\/pages\/401\/revisions"}],"predecessor-version":[{"id":3940,"href":"https:\/\/conscuritiba.esteri.it\/pt\/wp-json\/wp\/v2\/pages\/401\/revisions\/3940"}],"up":[{"embeddable":true,"href":"https:\/\/conscuritiba.esteri.it\/pt\/wp-json\/wp\/v2\/pages\/186"}],"wp:attachment":[{"href":"https:\/\/conscuritiba.esteri.it\/pt\/wp-json\/wp\/v2\/media?parent=401"}],"curies":[{"name":"wp","href":"https:\/\/api.w.org\/{rel}","templated":true}]}}