{"id":407,"date":"2022-12-12T17:37:10","date_gmt":"2022-12-12T20:37:10","guid":{"rendered":"https:\/\/conscuritiba.esteri.it\/\/servizi-consolari-e-visti\/servizi-per-il-cittadino-italiano\/passaporti-e-carte-didentita\/atto-di-assenso\/"},"modified":"2024-08-19T15:52:07","modified_gmt":"2024-08-19T18:52:07","slug":"atto-di-assenso","status":"publish","type":"page","link":"https:\/\/conscuritiba.esteri.it\/pt\/servizi-consolari-e-visti\/servizi-per-il-cittadino-italiano\/passaporti-e-carte-didentita\/atto-di-assenso\/","title":{"rendered":"Atto di Assenso \/ Declara\u00e7\u00e3o de consentimento"},"content":{"rendered":"<p>Informamos que o genitor aqui residente que deva assinar o Termo de Consentimento para a emiss\u00e3o de passaporte ao seu filho\/filhos menor\/menores residente\/s fora do nosso Distrito Consular (It\u00e1lia ou outro pa\u00eds estrangeiro) dever\u00e1 agendar um horario atrav\u00e9s \u00a0do e-mail <a href=\"mailto:passaporti.curitiba@esteri.it\">passaporti.curitiba@esteri.it<\/a><\/p>\n<p>Documenta\u00e7\u00e3o a ser apresentada:<\/p>\n<p>&#8211; MODELLO ATTO DI ASSENSO PREENCHIDO (<a href=\"https:\/\/conscuritiba.esteri.it\/wp-content\/uploads\/2024\/08\/Atto-di-Assenso-per-figlio-minore-12.08.2024.pdf\"><strong>clicca qui<\/strong><\/a>);<\/p>\n<p>&#8211; COPIA SIMPLES DOCUMENTO DE IDENTIDADE (PASSAPORTE ou RG);<\/p>\n<p>&#8211; COPIA SIMPLES COMPROVANTE DE RESIDENCIA.<\/p>\n","protected":false},"excerpt":{"rendered":"Informamos que o genitor aqui residente que deva assinar o Termo de Consentimento para a emiss\u00e3o de passaporte ao seu filho\/filhos menor\/menores residente\/s fora do nosso Distrito Consular (It\u00e1lia ou outro pa\u00eds estrangeiro) dever\u00e1 agendar um horario atrav\u00e9s \u00a0do e-mail passaporti.curitiba@esteri.it Documenta\u00e7\u00e3o a ser apresentada: &#8211; MODELLO ATTO DI ASSENSO PREENCHIDO (clicca qui); &#8211; COPIA [&hellip;]","protected":false},"author":4,"featured_media":0,"parent":186,"menu_order":1,"comment_status":"closed","ping_status":"closed","template":"","meta":{"footnotes":""},"class_list":["post-407","page","type-page","status-publish","hentry"],"_links":{"self":[{"href":"https:\/\/conscuritiba.esteri.it\/pt\/wp-json\/wp\/v2\/pages\/407","targetHints":{"allow":["GET"]}}],"collection":[{"href":"https:\/\/conscuritiba.esteri.it\/pt\/wp-json\/wp\/v2\/pages"}],"about":[{"href":"https:\/\/conscuritiba.esteri.it\/pt\/wp-json\/wp\/v2\/types\/page"}],"author":[{"embeddable":true,"href":"https:\/\/conscuritiba.esteri.it\/pt\/wp-json\/wp\/v2\/users\/4"}],"replies":[{"embeddable":true,"href":"https:\/\/conscuritiba.esteri.it\/pt\/wp-json\/wp\/v2\/comments?post=407"}],"version-history":[{"count":5,"href":"https:\/\/conscuritiba.esteri.it\/pt\/wp-json\/wp\/v2\/pages\/407\/revisions"}],"predecessor-version":[{"id":2751,"href":"https:\/\/conscuritiba.esteri.it\/pt\/wp-json\/wp\/v2\/pages\/407\/revisions\/2751"}],"up":[{"embeddable":true,"href":"https:\/\/conscuritiba.esteri.it\/pt\/wp-json\/wp\/v2\/pages\/186"}],"wp:attachment":[{"href":"https:\/\/conscuritiba.esteri.it\/pt\/wp-json\/wp\/v2\/media?parent=407"}],"curies":[{"name":"wp","href":"https:\/\/api.w.org\/{rel}","templated":true}]}}