{"id":416,"date":"2022-12-12T18:29:43","date_gmt":"2022-12-12T21:29:43","guid":{"rendered":"https:\/\/conscuritiba.esteri.it\/\/servizi-consolari-e-visti\/servizi-per-il-cittadino-italiano\/stato-civile\/variazioni-di-stato-civile-nascita\/"},"modified":"2026-04-09T12:26:42","modified_gmt":"2026-04-09T15:26:42","slug":"variazioni-di-stato-civile-nascita","status":"publish","type":"page","link":"https:\/\/conscuritiba.esteri.it\/pt\/servizi-consolari-e-visti\/servizi-per-il-cittadino-italiano\/stato-civile\/variazioni-di-stato-civile-nascita\/","title":{"rendered":"Mudan\u00e7a de Estado Civil \u2013 NASCIMENTO"},"content":{"rendered":"<p><a href=\"https:\/\/www.gazzettaufficiale.it\/atto\/serie_generale\/caricaDettaglioAtto\/originario?atto.dataPubblicazioneGazzetta=2025-03-28&amp;atto.codiceRedazionale=25G00049&amp;elenco30giorni=true\">O decreto-lei de 28 de mar\u00e7o de 2025, n. 36<\/a>, que estabelece disposi\u00e7\u00f5es urgentes em mat\u00e9ria di cidadania, modificou os requisitos para o reconhecimento da cidadania dos pais cidad\u00e3os italianos para os seus filhos.\u00a0 Enquanto se aguarda a convers\u00e3o do Decreto-lei, apresentam-se as seguintes disposi\u00e7\u00f5es operacionais:<\/p>\n<ol>\n<li>Todos os pedidos de transcri\u00e7\u00e3o de certid\u00e3o de nascimento de filhos menores de cidad\u00e3os italianos, devidamente apresentados junto a esta Sede consular at\u00e9 o dia 27 de mar\u00e7o de 2025 (ser\u00e3o levados em considera\u00e7\u00e3o os pedidos enviados ao Consulado ou recebidos por correio e\/ou mediante atendimento presencial no guich\u00ea at\u00e9 essa data), ser\u00e3o analisados e avaliados de acordo com a legisla\u00e7\u00e3o em vigor antes da ado\u00e7\u00e3o do referido Decreto-lei.<\/li>\n<li>Todos os pedidos de transcri\u00e7\u00e3o de certid\u00e3o de nascimento de filhos menores posteriores a 27 de mar\u00e7o de 2025 ser\u00e3o analisados e avaliados de acordo com as altera\u00e7\u00f5es estabelecidas pelo referido Decreto-lei. Em particular, ser\u00e1 encaminhado ao Munic\u00edpio italiano competente o pedido de transcri\u00e7\u00e3o dos registros de nascimento de menores que sejam:<\/li>\n<\/ol>\n<ul>\n<li>Filhos de cidad\u00e3o(\u00e3os) italiano(s) nascido(s) na It\u00e1lia (<a href=\"https:\/\/conscuritiba.esteri.it\/pt\/servizi-consolari-e-visti\/servizi-per-il-cittadino-italiano\/stato-civile\/variazioni-di-stato-civile-nascita\/registro-de-filhos-de-cidadao-s-exclusivamente-italiano-s-no-momento-do-nascimento\/\">para mais informa\u00e7\u00f5es clicar aqui<\/a>);<\/li>\n<\/ul>\n<p>&nbsp;<\/p>\n<ul>\n<li>Netos de cidad\u00e3o(\u00e3os) italiano(s) nascido(s) na It\u00e1lia\n<ul>\n<li>Registro de Filhos que tenham um ascendente de segundo grau exclusivamente italiano (no momento do nascimento);\n<ul>\n<li>Ascendente de segundo grau vivo e inscrito no AIRE deste consulado (ou falecido, mas com situa\u00e7\u00e3o cadastral atualizada) (<a href=\"https:\/\/conscuritiba.esteri.it\/pt\/servizi-consolari-e-visti\/servizi-per-il-cittadino-italiano\/stato-civile\/variazioni-di-stato-civile-nascita\/ascendente-de-segundo-grau-vivo-e-inscrito-no-aire-deste-consulado-ou-falecido-mas-com-situacao-cadastral-atualizada\/\">para mais informa\u00e7\u00f5es clicar aqui<\/a>)<\/li>\n<li>Ascendente de segundo grau falecido ou n\u00e3o inscrito neste cadastro consular (<a href=\"https:\/\/conscuritiba.esteri.it\/pt\/servizi-consolari-e-visti\/servizi-per-il-cittadino-italiano\/stato-civile\/variazioni-di-stato-civile-nascita\/ascendente-de-segundo-grau-falecido-ou-nao-inscrito-neste-cadastro-consular\/\">para mais informa\u00e7\u00f5es clicar aqui<\/a>)<\/li>\n<\/ul>\n<\/li>\n<\/ul>\n<\/li>\n<\/ul>\n<p>&nbsp;<\/p>\n<ul>\n<li>Filhos de cidad\u00e3o(\u00e3os) italiano(s) nascido(s) no exterior que tenha(m) vivido na It\u00e1lia por pelo menos 2 (dois) anos consecutivos, mesmo antes de ser(em) reconhecido(s) como italiano(s), desde que tenha(m) residido na It\u00e1lia antes do nascimento do filho menor (mediante a obten\u00e7\u00e3o do certificado hist\u00f3rico de resid\u00eancia emitido pelo Munic\u00edpio italiano competente) (<a href=\"https:\/\/conscuritiba.esteri.it\/pt\/servizi-consolari-e-visti\/servizi-per-il-cittadino-italiano\/stato-civile\/variazioni-di-stato-civile-nascita\/registro-de-filhos-de-cidadao-italiano-que-possuam-outra-cidadania-e-que-tenham-residido-na-italia-por-dois-anos-consecutivos\/\">para mais informa\u00e7\u00f5es clicar aqui<\/a>);<\/li>\n<\/ul>\n<p>&nbsp;<\/p>\n<ul>\n<li>Filhos de cidad\u00e3o(\u00e3os) italiano(s) que n\u00e3o possuam outra cidadania (mediante a obten\u00e7\u00e3o da documenta\u00e7\u00e3o que comprove que o filho menor \u00e9 ap\u00e1trida). Para mais informa\u00e7\u00f5es escrever para statocivile.curitiba@esteri.it<\/li>\n<\/ul>\n","protected":false},"excerpt":{"rendered":"O decreto-lei de 28 de mar\u00e7o de 2025, n. 36, que estabelece disposi\u00e7\u00f5es urgentes em mat\u00e9ria di cidadania, modificou os requisitos para o reconhecimento da cidadania dos pais cidad\u00e3os italianos para os seus filhos.\u00a0 Enquanto se aguarda a convers\u00e3o do Decreto-lei, apresentam-se as seguintes disposi\u00e7\u00f5es operacionais: Todos os pedidos de transcri\u00e7\u00e3o de certid\u00e3o de nascimento [&hellip;]","protected":false},"author":4,"featured_media":0,"parent":190,"menu_order":1,"comment_status":"closed","ping_status":"closed","template":"","meta":{"footnotes":""},"class_list":["post-416","page","type-page","status-publish","hentry"],"_links":{"self":[{"href":"https:\/\/conscuritiba.esteri.it\/pt\/wp-json\/wp\/v2\/pages\/416","targetHints":{"allow":["GET"]}}],"collection":[{"href":"https:\/\/conscuritiba.esteri.it\/pt\/wp-json\/wp\/v2\/pages"}],"about":[{"href":"https:\/\/conscuritiba.esteri.it\/pt\/wp-json\/wp\/v2\/types\/page"}],"author":[{"embeddable":true,"href":"https:\/\/conscuritiba.esteri.it\/pt\/wp-json\/wp\/v2\/users\/4"}],"replies":[{"embeddable":true,"href":"https:\/\/conscuritiba.esteri.it\/pt\/wp-json\/wp\/v2\/comments?post=416"}],"version-history":[{"count":9,"href":"https:\/\/conscuritiba.esteri.it\/pt\/wp-json\/wp\/v2\/pages\/416\/revisions"}],"predecessor-version":[{"id":4802,"href":"https:\/\/conscuritiba.esteri.it\/pt\/wp-json\/wp\/v2\/pages\/416\/revisions\/4802"}],"up":[{"embeddable":true,"href":"https:\/\/conscuritiba.esteri.it\/pt\/wp-json\/wp\/v2\/pages\/190"}],"wp:attachment":[{"href":"https:\/\/conscuritiba.esteri.it\/pt\/wp-json\/wp\/v2\/media?parent=416"}],"curies":[{"name":"wp","href":"https:\/\/api.w.org\/{rel}","templated":true}]}}