{"id":4320,"date":"2025-12-08T16:12:48","date_gmt":"2025-12-08T19:12:48","guid":{"rendered":"https:\/\/conscuritiba.esteri.it\/?page_id=4320"},"modified":"2026-02-10T12:46:33","modified_gmt":"2026-02-10T15:46:33","slug":"mudancas-de-nome-sobrenome-ou-de-genero","status":"publish","type":"page","link":"https:\/\/conscuritiba.esteri.it\/pt\/servizi-consolari-e-visti\/servizi-per-il-cittadino-italiano\/stato-civile\/mudancas-de-nome-sobrenome-ou-de-genero\/","title":{"rendered":"Mudan\u00e7as de nome, sobrenome ou de g\u00eanero"},"content":{"rendered":"<p><strong>MUDAN\u00c7A DE NOME OU SOBRENOME\u00a0<\/strong><u>\u2013\u00a0<\/u><strong>ADMINISTRATIVO<\/strong><\/p>\n<p>Na It\u00e1lia o processo de mudan\u00e7a do nome e\/ou sobrenome tem\u00a0<strong>car\u00e1ter excepcional\u00a0<\/strong>e pode ser aprovado pela Prefeitura competente em\u00a0<strong>situa\u00e7\u00f5es relevantes<\/strong>\u00a0com base em s\u00f3lidas e significativas motiva\u00e7\u00f5es e id\u00f4nea documenta\u00e7\u00e3o.<\/p>\n<p>S\u00e3o consideradas mudan\u00e7as por via administrativa aquelas feitas direto em cart\u00f3rio, sem a necessidade de uma senten\u00e7a de um tribunal.<\/p>\n<p>Salienta-se que at\u00e9 o momento a\u00a0<strong>paternidade\/maternidade socioafetiva n\u00e3o \u00e9 reconhecida<\/strong>\u00a0na It\u00e1lia: documentos e certid\u00f5es atestando esse\u00a0<em>status<\/em>\u00a0n\u00e3o ser\u00e3o transmitidos e o sobrenome do filho n\u00e3o poder\u00e1 incluir o sobrenome do pai\/m\u00e3e socioafetivo.<\/p>\n<p>N\u00e3o \u00e9 poss\u00edvel requerer a atribui\u00e7\u00e3o de sobrenomes de import\u00e2ncia hist\u00f3rica, ou que induzam a um erro sobre a origem do requerente.<\/p>\n<p>A mudan\u00e7a de g\u00eanero por via administrativa n\u00e3o \u00e9 reconhecida na It\u00e1lia.<\/p>\n<p><strong>No caso espec\u00edfico de mudan\u00e7a de sobrenome em decorr\u00eancia de casamento celebrado no Brasil (onde a noiva optou por adotar\/acrescentar tamb\u00e9m o sobrenome do marido) \u00e9 necess\u00e1rio aguardar que o Munic\u00edpio confirme a este Consulado que a certid\u00e3o de casamento em que o sobrenome \u00e9 atribu\u00eddo \u00e0 noiva foi transcrita.<\/strong><\/p>\n<p>Com base no artigo 89 do Decreto Presidencial 396 de 3.11.2000, como modificado pelo Decreto Presidencial 54 de 2012, para altera\u00e7\u00e3o de nome ou sobrenome, o interessado dever\u00e1 apresentar requerimento por escrito (<a href=\"https:\/\/conscuritiba.esteri.it\/wp-content\/uploads\/2025\/12\/modulo_di_richiesta_cambiamento_nome_o_cognome.pdf\"><strong>Formul\u00e1rio de Solicita\u00e7\u00e3o de MUDAN\u00c7A DE NOME\/SOBRENOME<\/strong><\/a>). Tal requerimento, juntamente com a documenta\u00e7\u00e3o abaixo listada, dever\u00e1 ser enviada ao Setor de Registro Civil deste Consulado inicialmente por e-mail para\u00a0<a href=\"mailto:statocivile.curitiba@esteri.it\">statocivile.curitiba@esteri.it<\/a> para verifica\u00e7\u00e3o e confirma\u00e7\u00e3o de envio pelo correio.<\/p>\n<p><strong>No pedido de altera\u00e7\u00e3o de nome ou sobrenome deve:<\/strong><\/p>\n<ol>\n<li>Indicar a altera\u00e7\u00e3o que pretende fazer ao nome e\/ou sobrenome;<\/li>\n<li>Expor as raz\u00f5es que motivam a solicita\u00e7\u00e3o de mudan\u00e7a;<\/li>\n<li>Indicar seu endere\u00e7o residencial no Brasil;<\/li>\n<li>Anexar uma c\u00f3pia do seu passaporte ou documento de identidade.<\/li>\n<li>Anexar a segunda via original da certid\u00e3o de nascimento em inteiro teor recente (emitida h\u00e1 menos de 6 meses), onde j\u00e1 conste a mudan\u00e7a efetuada, com <em>Apostille<\/em> e tradu\u00e7\u00e3o juramentada para o italiano, tamb\u00e9m com <em>Apostille<\/em>.<\/li>\n<\/ol>\n<p>Ap\u00f3s a verifica\u00e7\u00e3o da documenta\u00e7\u00e3o, ser\u00e3o comunicados os dados para a transfer\u00eancia banc\u00e1ria de um imposto de selo de 16 euros, com exce\u00e7\u00e3o dos caso de isen\u00e7\u00e3o previstos no artigo 93 do acima citado Decreto Presidencial 396\/2000. Ap\u00f3s o envio por e-mail da confirma\u00e7\u00e3o da transfer\u00eancia banc\u00e1ria, toda a documenta\u00e7\u00e3o dever\u00e1 ser enviada por correio para o posterior encaminhamento para a <em>Prefettura <\/em>do \u00faltimo local de resid\u00eancia.<\/p>\n<p>Vale ressaltar que n\u00e3o se pode solicitar a atribui\u00e7\u00e3o de sobrenomes de import\u00e2ncia hist\u00f3rica ou que, de alguma forma, possam induzir ao erro quanto ao pertencimento do requerente a fam\u00edlias ilustres ou particularmente conhecidas no local onde se encontra a certid\u00e3o de nascimento do requerente ou no local de sua resid\u00eancia.<\/p>\n<p>No final do procedimento, o Prefeito emitir\u00e1 o decreto autorizando a publica\u00e7\u00e3o, que ser\u00e1 ent\u00e3o publicado no registro consular durante 30 dias consecutivos, findo o qual \u2013 n\u00e3o tendo sido comunicadas quaisquer obje\u00e7\u00f5es \u2013 o Consulado enviar\u00e1 ao Prefeito uma nota certificando a postagem e sua dura\u00e7\u00e3o.<\/p>\n<p>Caso o interessado receba o decreto autorizando a afixa\u00e7\u00e3o\u00a0<strong>diretamente do Prefeito\u00a0<\/strong>(e\u00a0<strong>N\u00c3O\u00a0<\/strong>pelo Consulado), o mesmo dever\u00e1 enviar (mediante agendamento via e-mail com o pr\u00f3prio setor) este documento ao Setor de Registro Civil deste Consulado para o procedimento de afixa\u00e7\u00e3o. Caso o referido decreto chegue ao Consulado, caber\u00e1 a esta Reparti\u00e7\u00e3o entrar em contato com o interessado.<\/p>\n<p>O decreto final autorizando a altera\u00e7\u00e3o do nome e\/ou sobrenome dever\u00e1 ser averbado, a pedido dos interessados, pelo Munic\u00edpio competente na certid\u00e3o de nascimento do requerente, na certid\u00e3o de casamento do mesmo e nas certid\u00f5es de nascimento daqueles quem derivou o sobrenome.<\/p>\n<p>&nbsp;<\/p>\n<p><strong><u>MUDAN\u00c7A DE NOME\/SOBRENOME\/G\u00caNERO POR DECIS\u00c3O JUDICIAL NO BRASIL<\/u><\/strong><\/p>\n<p>Caso a altera\u00e7\u00e3o de nome e\/ou sobrenome \u2013 e eventualmente de g\u00eanero \u2013 tenha ocorrido em decorr\u00eancia de <strong>senten\u00e7a judicial brasileira <\/strong>, dever\u00e1 ser remetido via correio a este Setor de Registro Civil no endere\u00e7o: Av. Vicente Machado, 2100 \u2013CAP 80420-011- \u00a0Curitiba &#8211; PR, para o envio habitual ao munic\u00edpio italiano de pertencimento, a seguinte documenta\u00e7\u00e3o:<\/p>\n<ol>\n<li><strong>C\u00f3pia do processo com Apostille\u00a0<\/strong>(as fotoc\u00f3pias devem conter, em cada p\u00e1gina, a men\u00e7\u00e3o \u201c <em>c\u00f3pia extra\u00edda do Tribunal de Justi\u00e7a de \u2026. <\/em>\u201d ou o carimbo aposto pelo pr\u00f3prio Tribunal certificando que s\u00e3o c\u00f3pias aut\u00eanticas) das principais partes, tais como:<\/li>\n<\/ol>\n<ul>\n<li style=\"list-style-type: none;\">\n<ul>\n<li style=\"list-style-type: none;\">\n<ul>\n<li>Peti\u00e7\u00e3o Inicial<\/li>\n<li>Ata de Instru\u00e7\u00e3o e Julgamento<\/li>\n<li>Senten\u00e7a<\/li>\n<li>Tr\u00e2nsito em julgado (geralmente \u00e9 um carimbo afixado nas \u00faltimas p\u00e1ginas da senten\u00e7a).<\/li>\n<\/ul>\n<\/li>\n<\/ul>\n<\/li>\n<\/ul>\n<p><strong>ATEN\u00c7\u00c3O: Uma \u00fanica Apostila ser\u00e1 suficiente para todo o processo desde que as quatro partes principais (<\/strong><em><strong>Peti\u00e7\u00e3o Inicial, Ata de Instru\u00e7\u00e3o e Julgamento<\/strong><\/em><strong>, <\/strong><em><strong>Senten\u00e7a<\/strong><\/em><strong>, <\/strong><em><strong>Transitado em julgado) <\/strong><\/em><strong>acima mencionadas estejam claramente especificadas no t\u00edtulo \u201c <\/strong><em><strong>Tipo de Documento\u201d .<\/strong><\/em><\/p>\n<ol>\n<li><strong>Certid\u00e3o de Objeto e P\u00e9<\/strong>, com Apostille<\/li>\n<li><strong>A tradu\u00e7\u00e3o para o italiano <\/strong>da documenta\u00e7\u00e3o referida nos pontos 1 e 2, por tradutor juramentado, com Apostille<\/li>\n<li><a href=\"https:\/\/consrecife.esteri.it\/wp-content\/uploads\/2023\/05\/DICHIARAZIONE-SOSTITUTIVA-DELLATTO-DI-NOTORIETA-cambio-nome-cognome-1.docx\"><strong>Declara\u00e7\u00e3o sostitutiva dell\u2019atto di notoriet\u00e0 <\/strong><\/a>assinado pelo interessado.<\/li>\n<\/ol>\n<p>Obs.: a altera\u00e7\u00e3o de nome\/sobrenome ocorrida no Brasil por via administrativa (diretamente no cart\u00f3rio) n\u00e3o se reflete no sistema de registro civil italiano. Neste caso ser\u00e1 necess\u00e1rio solicitar esta altera\u00e7\u00e3o \u00e0 Prefeitura (siga as instru\u00e7\u00f5es para MUDAN\u00c7A DE NOME OU SOBRENOME \u2013 ADMINISTRATIVO).<\/p>\n<p>&nbsp;<\/p>\n<p><strong><u>RESTAURA\u00c7\u00c3O DE SOBRENOME<\/u><\/strong><\/p>\n<p>Se ao cidad\u00e3o italiano e\/ou ao filho menor tiver sido atribu\u00eddo, no ato da transcri\u00e7\u00e3o da certid\u00e3o de nascimento, sobrenome diferente do constante da certid\u00e3o de nascimento brasileira, em aplica\u00e7\u00e3o do art. 98 do Decreto Presidencial 396\/2000, este pode solicitar ao Munic\u00edpio italiano que originalmente registrou o nascimento que fa\u00e7a a corre\u00e7\u00e3o (\u201crestaura\u00e7\u00e3o\u201d).<\/p>\n<p>O interessado dever\u00e1 apresentar um pedido por escrito (<a href=\"https:\/\/consrecife.esteri.it\/wp-content\/uploads\/2023\/05\/Modello_Istanza_2022_-di-ripristino-del-cognome-dorigine_per-maggiorenni-B.doc\"><strong>Formul\u00e1rio de Pedido de ALTERA\u00c7\u00c3O\/RESTAURA\u00c7\u00c3O DE SOBRENOME <\/strong><\/a>) e remet\u00ea-lo para o Munic\u00edpio de refer\u00eancia. Se o pedido de \u201crestaura\u00e7\u00e3o\u201d do sobrenome se referir a <strong>filhos menores <\/strong>, ser\u00e1 necess\u00e1rio preencher e assinar o seguinte <a href=\"https:\/\/consrecife.esteri.it\/wp-content\/uploads\/2023\/05\/Istanza_2019_di-ripristino-del-cognome-dorigine_per-minorenni-B.docx\"><strong>Formul\u00e1rio de Pedido de ALTERA\u00c7\u00c3O\/RESTAURA\u00c7\u00c3O DE SOBRENOME DE MENOR <\/strong><\/a>.<\/p>\n<p><strong>N\u00e3o \u00e9 necess\u00e1ria a interven\u00e7\u00e3o do Consulado para a elabora\u00e7\u00e3o e encaminhamento do requerimento que est\u00e1 isento de pagamento de emolumentos.<\/strong><\/p>\n<p>No pedido de restaura\u00e7\u00e3o do sobrenome, voc\u00ea deve:<\/p>\n<ul>\n<li>Indicar a altera\u00e7\u00e3o que pretende fazer ao sobrenome;<\/li>\n<li>Indicar seu endere\u00e7o residencial no Brasil;<\/li>\n<li>Anexar uma c\u00f3pia do seu passaporte ou documento de identidade;<\/li>\n<li>Anexar uma c\u00f3pia (sem tradu\u00e7\u00e3o) da certid\u00e3o de nascimento brasileira<\/li>\n<\/ul>\n","protected":false},"excerpt":{"rendered":"MUDAN\u00c7A DE NOME OU SOBRENOME\u00a0\u2013\u00a0ADMINISTRATIVO Na It\u00e1lia o processo de mudan\u00e7a do nome e\/ou sobrenome tem\u00a0car\u00e1ter excepcional\u00a0e pode ser aprovado pela Prefeitura competente em\u00a0situa\u00e7\u00f5es relevantes\u00a0com base em s\u00f3lidas e significativas motiva\u00e7\u00f5es e id\u00f4nea documenta\u00e7\u00e3o. S\u00e3o consideradas mudan\u00e7as por via administrativa aquelas feitas direto em cart\u00f3rio, sem a necessidade de uma senten\u00e7a de um tribunal. Salienta-se [&hellip;]","protected":false},"author":11,"featured_media":0,"parent":190,"menu_order":7,"comment_status":"closed","ping_status":"closed","template":"","meta":{"footnotes":""},"class_list":["post-4320","page","type-page","status-publish","hentry"],"_links":{"self":[{"href":"https:\/\/conscuritiba.esteri.it\/pt\/wp-json\/wp\/v2\/pages\/4320","targetHints":{"allow":["GET"]}}],"collection":[{"href":"https:\/\/conscuritiba.esteri.it\/pt\/wp-json\/wp\/v2\/pages"}],"about":[{"href":"https:\/\/conscuritiba.esteri.it\/pt\/wp-json\/wp\/v2\/types\/page"}],"author":[{"embeddable":true,"href":"https:\/\/conscuritiba.esteri.it\/pt\/wp-json\/wp\/v2\/users\/11"}],"replies":[{"embeddable":true,"href":"https:\/\/conscuritiba.esteri.it\/pt\/wp-json\/wp\/v2\/comments?post=4320"}],"version-history":[{"count":5,"href":"https:\/\/conscuritiba.esteri.it\/pt\/wp-json\/wp\/v2\/pages\/4320\/revisions"}],"predecessor-version":[{"id":4559,"href":"https:\/\/conscuritiba.esteri.it\/pt\/wp-json\/wp\/v2\/pages\/4320\/revisions\/4559"}],"up":[{"embeddable":true,"href":"https:\/\/conscuritiba.esteri.it\/pt\/wp-json\/wp\/v2\/pages\/190"}],"wp:attachment":[{"href":"https:\/\/conscuritiba.esteri.it\/pt\/wp-json\/wp\/v2\/media?parent=4320"}],"curies":[{"name":"wp","href":"https:\/\/api.w.org\/{rel}","templated":true}]}}