{"id":454,"date":"2022-12-12T19:32:39","date_gmt":"2022-12-12T22:32:39","guid":{"rendered":"https:\/\/conscuritiba.esteri.it\/\/servizi-consolari-e-visti\/servizi-per-il-cittadino-italiano\/anagrafe-degli-italiani-residenti-allestero-aire\/variazione-di-indirizzo\/"},"modified":"2025-04-16T17:21:19","modified_gmt":"2025-04-16T20:21:19","slug":"variazione-di-indirizzo","status":"publish","type":"page","link":"https:\/\/conscuritiba.esteri.it\/pt\/servizi-consolari-e-visti\/servizi-per-il-cittadino-italiano\/anagrafe-degli-italiani-residenti-allestero-aire\/variazione-di-indirizzo\/","title":{"rendered":"Mudan\u00e7a de endere\u00e7o"},"content":{"rendered":"<p><strong>ATUALIZA\u00c7\u00c3O DE ENDERE\u00c7O<\/strong><\/p>\n<p>Para atualizar o endere\u00e7o no AIRE (Cadastro dos Italianos Residentes no Exterior) deste Consulado Geral, o requerente maior de idade pode apresentar o pedido para si e para o pr\u00f3prio n\u00facleo familiar convivente. O interessado deve ser residente na circunscri\u00e7\u00e3o consular deste Consulado Geral (ou seja, nos Estados do Paran\u00e1 e Santa Catarina) e registrar-se no Fast It (https:\/\/conscuritiba.esteri.it\/pt\/servizi-consolari-e-visti\/servizi-per-il-cittadino-italiano\/anagrafe-degli-italiani-residenti-allestero-aire\/).<\/p>\n<p><strong>No caso de altera\u00e7\u00e3o de estado civil (ex: casamento, nascimento de filhos, div\u00f3rcio, \u00f3bito, etc.) o pedido de atualiza\u00e7\u00e3o de endere\u00e7o e de registro civil dever\u00e1 ser transmitido exclusivamente pelo correio (e n\u00e3o pelo Fast It), junto com as certid\u00f5es e as relativas tradu\u00e7\u00f5es. Neste caso, sugerimos seguir as instru\u00e7\u00f5es para o envio das certid\u00f5es e atualiza\u00e7\u00e3o de endere\u00e7o pelo correio no seguinte link: <\/strong><a href=\"https:\/\/conscuritiba.esteri.it\/pt\/servizi-consolari-e-visti\/servizi-per-il-cittadino-italiano\/stato-civile\/\">https:\/\/conscuritiba.esteri.it\/pt\/servizi-consolari-e-visti\/servizi-per-il-cittadino-italiano\/stato-civile\/<\/a><\/p>\n<p><strong><u>DOCUMENTA\u00c7\u00c3O (.pdf) A SER ANEXADA NO PEDIDO DE ATUALIZA\u00c7\u00c3O DE ENDERE\u00c7O<\/u><\/strong><\/p>\n<p>&#8211;\u00a0 1 (um) documento de identidade italiano ou brasileiro atualizado: RG <u>OU<\/u> passaporte <u>OU<\/u> carteira de motorista com emiss\u00e3o inferior a 10 anos (n\u00e3o s\u00e3o aceitas carteiras profissionais);<\/p>\n<p>&#8211;\u00a0\u00a0\u00a0\u00a0\u00a0 <em><u>(se for casado)<\/u><\/em> 1 (um) documento de identidade do c\u00f4njuge\u00a0 com emiss\u00e3o inferior a 10 anos;<\/p>\n<p>&#8211;<em>\u00a0\u00a0\u00a0\u00a0\u00a0 <u>(caso tenha filhos menores)<\/u><\/em>\u00a0 1 (um) documento de identidade com emiss\u00e3o inferior a 10 anos de cada filho menor;<\/p>\n<p>&#8211;\u00a0\u00a0\u00a0\u00a0\u00a0\u00a0 <strong>1 (um)<\/strong> comprovante de resid\u00eancia &#8211; com emiss\u00e3o inferior a 3 meses &#8211;\u00a0 em nome do requerente (ex. conta de luz, g\u00e1s, celular, internet, TV a cabo, mensalidade escolar ou universit\u00e1ria, cart\u00e3o de cr\u00e9dito, etc.);<\/p>\n<p>&#8211;\u00a0\u00a0\u00a0\u00a0\u00a0\u00a0 M\u00f3dulo <em>\u201cComunicazione Cambio di Residenza\u201d<\/em> gerado pelo pr\u00f3prio Fast It assinado autografamente pelo interessado, com assinatura id\u00eantica \u00e0 do documento de identidade apresentado. \u00c9 poss\u00edvel identificar-se com o SPID italiano. As assinaturas digitais de \u00f3rg\u00e3os brasileiros n\u00e3o s\u00e3o aceitas.<\/p>\n<p>&nbsp;<\/p>\n<p><strong>COME PREENCHER CORRETAMENTE OS DADOS NO FAST IT\u00a0<\/strong><\/p>\n<p>&#8211; N\u00e3o escrever nenhuma palavra com acentos (~\u00b4^\u00a8) em nenhum campo do m\u00f3dulo:<\/p>\n<p>(ex. JO\u00c3O=JOAO; \u00c1GATA=AGATA; BRAS\u00cdLIA=BRASILIA; S\u00c3O PAULO=SAO PAULO etc.)<\/p>\n<p>&#8211; N\u00e3o escrever por entenso os nomes das cidades, Comune, etc. O procedimento correto \u00e9 inserir as letras iniciais, aguardar as sugest\u00f5es do Fast It e <strong><u>CLICAR<\/u><\/strong> na op\u00e7\u00e3o correspondente.<\/p>\n<p>&#8211; O endere\u00e7o dever\u00e1 ser preenchido de forma abreviada, sem pontua\u00e7\u00f5es, com v\u00edrgula ap\u00f3s o nome da rua e complemento:<\/p>\n<p>Ex. AV JOAO GUALBERTO, 13320 \u2013 AP. 905<\/p>\n<p>&#8211; O CEP de resid\u00eancia dever\u00e1 ser indicado no formato v\u00e1lido \u00a0xxxxx-xxx (5 n\u00fameros TRA\u00c7O 3 n\u00fameros)<\/p>\n<p><strong>IMPORTANTE:<\/strong> O <strong>Fast It<\/strong> permite anexar somente 3 arquivos pdf. Caso o n\u00famero de arquivos seja superior, aconselhamos unific\u00e1-los utilizando sites gratuitos dispon\u00edveis na internet.<\/p>\n<p>&nbsp;<\/p>\n<p><strong>Caso tenha d\u00favidas a respeito destas informa\u00e7\u00f5es sugerimos que escreva um <em>email<\/em> \u00e0 rede consular honor\u00e1ria dispon\u00edvel nesta p\u00e1gina: <\/strong><a href=\"https:\/\/conscuritiba.esteri.it\/it\/chi-siamo\/la-rete-consolare\/\"><strong>https:\/\/conscuritiba.esteri.it\/it\/chi-siamo\/la-rete-consolare\/<\/strong><\/a><\/p>\n","protected":false},"excerpt":{"rendered":"ATUALIZA\u00c7\u00c3O DE ENDERE\u00c7O Para atualizar o endere\u00e7o no AIRE (Cadastro dos Italianos Residentes no Exterior) deste Consulado Geral, o requerente maior de idade pode apresentar o pedido para si e para o pr\u00f3prio n\u00facleo familiar convivente. O interessado deve ser residente na circunscri\u00e7\u00e3o consular deste Consulado Geral (ou seja, nos Estados do Paran\u00e1 e Santa [&hellip;]","protected":false},"author":4,"featured_media":0,"parent":189,"menu_order":1,"comment_status":"closed","ping_status":"closed","template":"","meta":{"footnotes":""},"class_list":["post-454","page","type-page","status-publish","hentry"],"_links":{"self":[{"href":"https:\/\/conscuritiba.esteri.it\/pt\/wp-json\/wp\/v2\/pages\/454","targetHints":{"allow":["GET"]}}],"collection":[{"href":"https:\/\/conscuritiba.esteri.it\/pt\/wp-json\/wp\/v2\/pages"}],"about":[{"href":"https:\/\/conscuritiba.esteri.it\/pt\/wp-json\/wp\/v2\/types\/page"}],"author":[{"embeddable":true,"href":"https:\/\/conscuritiba.esteri.it\/pt\/wp-json\/wp\/v2\/users\/4"}],"replies":[{"embeddable":true,"href":"https:\/\/conscuritiba.esteri.it\/pt\/wp-json\/wp\/v2\/comments?post=454"}],"version-history":[{"count":5,"href":"https:\/\/conscuritiba.esteri.it\/pt\/wp-json\/wp\/v2\/pages\/454\/revisions"}],"predecessor-version":[{"id":3570,"href":"https:\/\/conscuritiba.esteri.it\/pt\/wp-json\/wp\/v2\/pages\/454\/revisions\/3570"}],"up":[{"embeddable":true,"href":"https:\/\/conscuritiba.esteri.it\/pt\/wp-json\/wp\/v2\/pages\/189"}],"wp:attachment":[{"href":"https:\/\/conscuritiba.esteri.it\/pt\/wp-json\/wp\/v2\/media?parent=454"}],"curies":[{"name":"wp","href":"https:\/\/api.w.org\/{rel}","templated":true}]}}