{"id":462,"date":"2022-12-12T19:37:22","date_gmt":"2022-12-12T22:37:22","guid":{"rendered":"https:\/\/conscuritiba.esteri.it\/\/servizi-consolari-e-visti\/servizi-per-il-cittadino-italiano\/anagrafe-degli-italiani-residenti-allestero-aire\/visualizza-scheda-anagrafica\/"},"modified":"2023-08-31T13:48:25","modified_gmt":"2023-08-31T16:48:25","slug":"visualizza-scheda-anagrafica","status":"publish","type":"page","link":"https:\/\/conscuritiba.esteri.it\/pt\/servizi-consolari-e-visti\/servizi-per-il-cittadino-italiano\/anagrafe-degli-italiani-residenti-allestero-aire\/visualizza-scheda-anagrafica\/","title":{"rendered":"Consulta ficha cadastral"},"content":{"rendered":"<p><strong>VISUALIZA\u00c7\u00c3O DA FICHA CADASTRAL<\/strong><\/p>\n<p>Este servi\u00e7o permite aos cidad\u00e3os italianos maiores de idade visualizar os pr\u00f3prios dados presentes no registro consular. Para fazer o pedido de visualiza\u00e7\u00e3o \u00e9 necess\u00e1rio acessar o Portal Fast It <a href=\"https:\/\/serviziconsolari.esteri.it\/\">https:\/\/serviziconsolari.esteri.it\/<\/a>\u00a0 com os pr\u00f3prios dados. Este procedimento \u00e9 chamado de \u00b4associa\u00e7\u00e3o\u00b4 e todos os cidad\u00e3os italianos s\u00e3o convidados a faz\u00ea-la.<\/p>\n<ul>\n<li>Na se\u00e7\u00e3o ANAGRAFE CONSOLARE E AIRE clicar na segunda op\u00e7\u00e3o: \u201cVisualizzare la propria scheda anagrafica\u201d. Ser\u00e1 solicitado ao interessado apresentar um documento de identidade v\u00e1lido no portal.<\/li>\n<li>Frente e verso de um documento de identidade brasileiro com emiss\u00e3o inferior a 10 anos , ou;<\/li>\n<li>passaporte italiano com emiss\u00e3o inferior a 10 anos (onde constem os dados de identifica\u00e7\u00e3o e foto).<\/li>\n<\/ul>\n<p>O procedimento de associa\u00e7\u00e3o deve ser validado por este Consulado Geral e por este motivo pode levar alguns dias. Ap\u00f3s a conclus\u00e3o deste procedimento ser\u00e1 poss\u00edvel visualizar a pr\u00f3pria ficha cadastral.<\/p>\n<p><strong>Caso tenha d\u00favidas a respeito destas informa\u00e7\u00f5es sugerimos que escreva um <em>email<\/em> \u00e0 rede consular honor\u00e1ria dispon\u00edvel nesta p\u00e1gina: <\/strong><a href=\"https:\/\/conscuritiba.esteri.it\/it\/chi-siamo\/la-rete-consolare\/\"><strong>https:\/\/conscuritiba.esteri.it\/it\/chi-siamo\/la-rete-consolare\/<\/strong><\/a><\/p>\n","protected":false},"excerpt":{"rendered":"VISUALIZA\u00c7\u00c3O DA FICHA CADASTRAL Este servi\u00e7o permite aos cidad\u00e3os italianos maiores de idade visualizar os pr\u00f3prios dados presentes no registro consular. Para fazer o pedido de visualiza\u00e7\u00e3o \u00e9 necess\u00e1rio acessar o Portal Fast It https:\/\/serviziconsolari.esteri.it\/\u00a0 com os pr\u00f3prios dados. Este procedimento \u00e9 chamado de \u00b4associa\u00e7\u00e3o\u00b4 e todos os cidad\u00e3os italianos s\u00e3o convidados a faz\u00ea-la. Na [&hellip;]","protected":false},"author":4,"featured_media":0,"parent":189,"menu_order":2,"comment_status":"closed","ping_status":"closed","template":"","meta":{"footnotes":""},"class_list":["post-462","page","type-page","status-publish","hentry"],"_links":{"self":[{"href":"https:\/\/conscuritiba.esteri.it\/pt\/wp-json\/wp\/v2\/pages\/462","targetHints":{"allow":["GET"]}}],"collection":[{"href":"https:\/\/conscuritiba.esteri.it\/pt\/wp-json\/wp\/v2\/pages"}],"about":[{"href":"https:\/\/conscuritiba.esteri.it\/pt\/wp-json\/wp\/v2\/types\/page"}],"author":[{"embeddable":true,"href":"https:\/\/conscuritiba.esteri.it\/pt\/wp-json\/wp\/v2\/users\/4"}],"replies":[{"embeddable":true,"href":"https:\/\/conscuritiba.esteri.it\/pt\/wp-json\/wp\/v2\/comments?post=462"}],"version-history":[{"count":2,"href":"https:\/\/conscuritiba.esteri.it\/pt\/wp-json\/wp\/v2\/pages\/462\/revisions"}],"predecessor-version":[{"id":1563,"href":"https:\/\/conscuritiba.esteri.it\/pt\/wp-json\/wp\/v2\/pages\/462\/revisions\/1563"}],"up":[{"embeddable":true,"href":"https:\/\/conscuritiba.esteri.it\/pt\/wp-json\/wp\/v2\/pages\/189"}],"wp:attachment":[{"href":"https:\/\/conscuritiba.esteri.it\/pt\/wp-json\/wp\/v2\/media?parent=462"}],"curies":[{"name":"wp","href":"https:\/\/api.w.org\/{rel}","templated":true}]}}